{"id":10165,"date":"2023-04-25T15:15:26","date_gmt":"2023-04-25T13:15:26","guid":{"rendered":"https:\/\/agora.xtec.cat\/ceipelrodonell\/?page_id=10165"},"modified":"2025-11-07T08:49:05","modified_gmt":"2025-11-07T07:49:05","slug":"equip-docent-22-23","status":"publish","type":"page","link":"https:\/\/agora.xtec.cat\/ceipelrodonell\/lescola\/equip-docent-22-23\/","title":{"rendered":"Personal del centre 2025-2026"},"content":{"rendered":"\n<p><strong>EQUIP DIRECTIU&nbsp;<\/strong><\/p>\n\n\n\n<figure class=\"wp-block-table is-style-stripes\"><table><tbody><tr><td><strong>DIRECTORA<\/strong><\/td><td>Patr\u00edcia P\u00e9rez<\/td><\/tr><tr><td><strong>CAP D&#8217;ESTUDIS<\/strong><\/td><td>Anna Badosa<\/td><\/tr><tr><td><strong>SECRETARI<\/strong><\/td><td>Xevi Casas<\/td><\/tr><\/tbody><\/table><\/figure>\n\n\n\n<hr class=\"wp-block-separator has-alpha-channel-opacity is-style-wide\"\/>\n\n\n\n<p><strong>TUTORIES&nbsp;<\/strong><\/p>\n\n\n\n<figure class=\"wp-block-table is-style-stripes\"><table><tbody><tr><td><strong>I3 \/ I4<\/strong><\/td><td>Eva V\u00e1zquez<\/td><\/tr><tr><td><strong>I5<\/strong><\/td><td>S\u00edlvia Vicens<\/td><\/tr><tr><td><strong>1r<\/strong><\/td><td>Marta Oliu<\/td><\/tr><tr><td><strong>2n<\/strong><\/td><td>\u00c0ngela Murgadella<\/td><\/tr><tr><td><strong>3r<\/strong><\/td><td>Irene Palol<\/td><\/tr><tr><td><strong>4t<\/strong><\/td><td>N\u00faria Ballesta<\/td><\/tr><tr><td><strong>5\u00e8<\/strong><\/td><td>Dani Salv\u00e0<\/td><\/tr><tr><td><strong>6\u00e8<\/strong><\/td><td>Xevi Casas<\/td><\/tr><\/tbody><\/table><\/figure>\n\n\n\n<hr class=\"wp-block-separator has-alpha-channel-opacity is-style-wide\"\/>\n\n\n\n<p><strong>ESPECIALISTES, SUPORTS I PERSONAL NO DOCENT<\/strong><\/p>\n\n\n\n<figure class=\"wp-block-table is-style-stripes\"><table class=\"has-fixed-layout\"><tbody><tr><td><strong>Educaci\u00f3 especial<\/strong><\/td><td>Ci\u00f3 Grau<\/td><\/tr><tr><td><strong>EAP<\/strong><\/td><td>N\u00faria Pareta<\/td><\/tr><tr><td><strong>Suport a infantil<\/strong><\/td><td>Anna Badosa, Georgina Mart\u00ednez<\/td><\/tr><tr><td><strong>Suport a prim\u00e0ria<\/strong><\/td><td>Josep Vicent Pascual, Mar Roqu\u00e9<\/td><\/tr><tr><td><strong>Educaci\u00f3 f\u00edsica<\/strong><\/td><td>Georgina Mart\u00ednez, Xevi Casas<br>Dani Salv\u00e0<\/td><\/tr><tr><td><strong>Llengua anglesa<\/strong><\/td><td>Patr\u00edcia P\u00e9rez, Melani Estrems<\/td><\/tr><tr><td><strong>Educaci\u00f3 musical<\/strong><\/td><td>Anna Jord\u00e0<\/td><\/tr><tr><td><strong>Religi\u00f3 i valors<\/strong><\/td><td>Cheli Chica<\/td><\/tr><tr><td><strong>Coordinaci\u00f3 de noves tecnologies<\/strong><\/td><td>Dani Salv\u00e0<\/td><\/tr><tr><td><strong>Administratiu<\/strong><\/td><td>Diego Conde<\/td><\/tr><tr><td><strong>Vetlladora<\/strong><\/td><td>Susanna Mayolas<\/td><\/tr><\/tbody><\/table><\/figure>\n\n\n\n<hr class=\"wp-block-separator has-alpha-channel-opacity is-style-wide\"\/>\n","protected":false},"excerpt":{"rendered":"<p>EQUIP DIRECTIU&nbsp; DIRECTORA Patr\u00edcia P\u00e9rez CAP D&#8217;ESTUDIS Anna Badosa SECRETARI Xevi Casas TUTORIES&nbsp; I3 \/ I4 Eva V\u00e1zquez I5 S\u00edlvia Vicens 1r Marta Oliu 2n \u00c0ngela Murgadella 3r Irene Palol 4t N\u00faria Ballesta 5\u00e8 Dani Salv\u00e0 6\u00e8 Xevi Casas ESPECIALISTES, SUPORTS I PERSONAL NO DOCENT Educaci\u00f3 especial Ci\u00f3 Grau EAP N\u00faria Pareta Suport a infantil [&hellip;]<\/p>\n","protected":false},"author":1,"featured_media":0,"parent":22,"menu_order":30,"comment_status":"closed","ping_status":"closed","template":"","meta":{"_bbp_topic_count":0,"_bbp_reply_count":0,"_bbp_total_topic_count":0,"_bbp_total_reply_count":0,"_bbp_voice_count":0,"_bbp_anonymous_reply_count":0,"_bbp_topic_count_hidden":0,"_bbp_reply_count_hidden":0,"_bbp_forum_subforum_count":0,"site-sidebar-layout":"default","site-content-layout":"","ast-site-content-layout":"default","site-content-style":"default","site-sidebar-style":"default","ast-global-header-display":"","ast-banner-title-visibility":"","ast-main-header-display":"","ast-hfb-above-header-display":"","ast-hfb-below-header-display":"","ast-hfb-mobile-header-display":"","site-post-title":"","ast-breadcrumbs-content":"","ast-featured-img":"","footer-sml-layout":"","theme-transparent-header-meta":"","adv-header-id-meta":"","stick-header-meta":"","header-above-stick-meta":"","header-main-stick-meta":"","header-below-stick-meta":"","astra-migrate-meta-layouts":"set","ast-page-background-enabled":"default","ast-page-background-meta":{"desktop":{"background-color":"var(--ast-global-color-4)","background-image":"","background-repeat":"repeat","background-position":"center center","background-size":"auto","background-attachment":"scroll","background-type":"","background-media":"","overlay-type":"","overlay-color":"","overlay-opacity":"","overlay-gradient":""},"tablet":{"background-color":"","background-image":"","background-repeat":"repeat","background-position":"center center","background-size":"auto","background-attachment":"scroll","background-type":"","background-media":"","overlay-type":"","overlay-color":"","overlay-opacity":"","overlay-gradient":""},"mobile":{"background-color":"","background-image":"","background-repeat":"repeat","background-position":"center center","background-size":"auto","background-attachment":"scroll","background-type":"","background-media":"","overlay-type":"","overlay-color":"","overlay-opacity":"","overlay-gradient":""}},"ast-content-background-meta":{"desktop":{"background-color":"var(--ast-global-color-5)","background-image":"","background-repeat":"repeat","background-position":"center center","background-size":"auto","background-attachment":"scroll","background-type":"","background-media":"","overlay-type":"","overlay-color":"","overlay-opacity":"","overlay-gradient":""},"tablet":{"background-color":"var(--ast-global-color-5)","background-image":"","background-repeat":"repeat","background-position":"center center","background-size":"auto","background-attachment":"scroll","background-type":"","background-media":"","overlay-type":"","overlay-color":"","overlay-opacity":"","overlay-gradient":""},"mobile":{"background-color":"var(--ast-global-color-5)","background-image":"","background-repeat":"repeat","background-position":"center center","background-size":"auto","background-attachment":"scroll","background-type":"","background-media":"","overlay-type":"","overlay-color":"","overlay-opacity":"","overlay-gradient":""}},"footnotes":""},"class_list":["post-10165","page","type-page","status-publish","hentry"],"post_mailing_queue_ids":[],"_links":{"self":[{"href":"https:\/\/agora.xtec.cat\/ceipelrodonell\/wp-json\/wp\/v2\/pages\/10165","targetHints":{"allow":["GET"]}}],"collection":[{"href":"https:\/\/agora.xtec.cat\/ceipelrodonell\/wp-json\/wp\/v2\/pages"}],"about":[{"href":"https:\/\/agora.xtec.cat\/ceipelrodonell\/wp-json\/wp\/v2\/types\/page"}],"author":[{"embeddable":true,"href":"https:\/\/agora.xtec.cat\/ceipelrodonell\/wp-json\/wp\/v2\/users\/1"}],"replies":[{"embeddable":true,"href":"https:\/\/agora.xtec.cat\/ceipelrodonell\/wp-json\/wp\/v2\/comments?post=10165"}],"version-history":[{"count":6,"href":"https:\/\/agora.xtec.cat\/ceipelrodonell\/wp-json\/wp\/v2\/pages\/10165\/revisions"}],"predecessor-version":[{"id":13936,"href":"https:\/\/agora.xtec.cat\/ceipelrodonell\/wp-json\/wp\/v2\/pages\/10165\/revisions\/13936"}],"up":[{"embeddable":true,"href":"https:\/\/agora.xtec.cat\/ceipelrodonell\/wp-json\/wp\/v2\/pages\/22"}],"wp:attachment":[{"href":"https:\/\/agora.xtec.cat\/ceipelrodonell\/wp-json\/wp\/v2\/media?parent=10165"}],"curies":[{"name":"wp","href":"https:\/\/api.w.org\/{rel}","templated":true}]}}