{"id":10134,"date":"2023-04-25T13:23:09","date_gmt":"2023-04-25T11:23:09","guid":{"rendered":"https:\/\/agora.xtec.cat\/ceipelrodonell\/?page_id=10134"},"modified":"2026-02-26T14:38:35","modified_gmt":"2026-02-26T13:38:35","slug":"matematiques-manipulatives","status":"publish","type":"page","link":"https:\/\/agora.xtec.cat\/ceipelrodonell\/projectes-descola\/matematiques-manipulatives\/","title":{"rendered":"Matem\u00e0tiques manipulatives"},"content":{"rendered":"\n<p>A la nostra escola enfoquem les matem\u00e0tiques de manera vivencial i manipulativa, lluny de la memoritzaci\u00f3 per aconseguir que&nbsp; els nens i nenes assoleixin la l\u00f2gica matem\u00e0tica gaudint del proc\u00e9s. Utilitzem diferents tipus de materials que permeten viure i entendre les matem\u00e0tiques partint dels interessos dels infants i buscant situacions reals d\u2019aprenentatge per tal que aquestes siguin m\u00e9s significatives.<\/p>\n\n\n\n<p>A cicle mitj\u00e0 i cicle superior seguim la proposta curricular de Innovamat.<\/p>\n\n\n\n<h2 class=\"wp-block-heading has-medium-font-size\">Operacions matem\u00e0tiques ?<\/h2>\n\n\n\n<div class=\"wp-block-getwid-tabs\" data-active-tab=\"0\"><ul class=\"wp-block-getwid-tabs__nav-links\"><\/ul>\n<div class=\"wp-block-getwid-tabs__nav-link\"><span class=\"wp-block-getwid-tabs__title-wrapper\"><a href=\"#\"><span class=\"wp-block-getwid-tabs__title\">SUMA<\/span><\/a><\/span><\/div><div class=\"wp-block-getwid-tabs__tab-content-wrapper\"><div class=\"wp-block-getwid-tabs__tab-content\">\n<p><a href=\"https:\/\/drive.google.com\/file\/d\/1hsaRYDmfqtYEfOXpJOjlE8j3PDIsR-GD\/view?usp=sharing\" target=\"_blank\" rel=\"noreferrer noopener\">\u00c0bac obert<\/a><\/p>\n\n\n\n<p><a href=\"https:\/\/drive.google.com\/file\/d\/1yc6fzFs-7QpTOEL5hIylYH-8eVC1Omot\/view?usp=sharing\" target=\"_blank\" rel=\"noreferrer noopener\">Amb pals<\/a><\/p>\n\n\n\n<p><a href=\"https:\/\/drive.google.com\/file\/d\/1GY3jQn64NPMPNaI0AfAhjwfvu6cQMpb_\/view?usp=sharing\" target=\"_blank\" rel=\"noreferrer noopener\">Amb pals portant<\/a><\/p>\n\n\n\n<p><a href=\"https:\/\/drive.google.com\/file\/d\/1qaXKu3_wQHFnREbpT5aH3LbUjHWDmiG-\/view?usp=sharing\" target=\"_blank\" rel=\"noreferrer noopener\">Arbre<\/a><\/p>\n\n\n\n<p><a href=\"https:\/\/drive.google.com\/file\/d\/1g27lSXJn2oVRnRwOY_qxIJcOfUw4DSB2\/view?usp=sharing\" target=\"_blank\" rel=\"noreferrer noopener\">Torre &#8211; dificultat baixa<\/a><\/p>\n\n\n\n<p><a href=\"https:\/\/drive.google.com\/file\/d\/11Tn2DPnqWwgIm6bsh4IyRkdmrP22ZbcB\/view?usp=sharing\" target=\"_blank\" rel=\"noreferrer noopener\">Torre &#8211; dificultat alta<\/a><\/p>\n<\/div><\/div>\n\n\n\n<div class=\"wp-block-getwid-tabs__nav-link\"><span class=\"wp-block-getwid-tabs__title-wrapper\"><a href=\"#\"><span class=\"wp-block-getwid-tabs__title\">RESTA<\/span><\/a><\/span><\/div><div class=\"wp-block-getwid-tabs__tab-content-wrapper\"><div class=\"wp-block-getwid-tabs__tab-content\">\n<p><a href=\"https:\/\/drive.google.com\/file\/d\/1TD2l3pm6jc4GLHe-f91sAq1jJdVz2RJ_\/view?usp=sharing\" target=\"_blank\" rel=\"noreferrer noopener\">Portant 1<\/a><\/p>\n\n\n\n<p><a href=\"https:\/\/drive.google.com\/file\/d\/19iuL1x0r9uemNyttPK61QITxOZe8VbSC\/view?usp=sharing\" target=\"_blank\" rel=\"noreferrer noopener\">Portant 2<\/a><\/p>\n\n\n\n<p><a href=\"https:\/\/drive.google.com\/file\/d\/1akNHMqDs-HW3oUDElMdYahrj4CyNjeCh\/view?usp=sharing\" target=\"_blank\" rel=\"noreferrer noopener\">Penjoll que li falta<\/a><\/p>\n\n\n\n<p><a href=\"https:\/\/drive.google.com\/file\/d\/1AOk5gYkxZ9L2w_LzfRsDBD0znOsFdJ1d\/view?usp=sharing\" target=\"_blank\" rel=\"noreferrer noopener\">Penjoll que li sobra<\/a><\/p>\n<\/div><\/div>\n\n\n\n<div class=\"wp-block-getwid-tabs__nav-link\"><span class=\"wp-block-getwid-tabs__title-wrapper\"><a href=\"#\"><span class=\"wp-block-getwid-tabs__title\">MULTIPLICACI\u00d3<\/span><\/a><\/span><\/div><div class=\"wp-block-getwid-tabs__tab-content-wrapper\"><div class=\"wp-block-getwid-tabs__tab-content\">\n<p><a href=\"https:\/\/drive.google.com\/file\/d\/1yKl0z3sxLZVcoTlYIeS3u0P7xIknWeSX\/view?usp=sharing\" target=\"_blank\" rel=\"noreferrer noopener\">Amb material unitari <\/a><\/p>\n\n\n\n<p><a href=\"https:\/\/drive.google.com\/file\/d\/16dF-mqw8fLw7y5cjVTNS8PyzENcCATST\/view?usp=sharing\" target=\"_blank\" rel=\"noreferrer noopener\">Amb reglets<\/a><\/p>\n\n\n\n<p><a href=\"https:\/\/drive.google.com\/file\/d\/191v5tdhldQjvZxxjWTMVL9MnrekFn7Wm\/view?usp=sharing\" target=\"_blank\" rel=\"noreferrer noopener\">Raonada o Torre<\/a><\/p>\n\n\n\n<p><a href=\"https:\/\/drive.google.com\/file\/d\/1pCoWJpfMVQrFMVVesRC9AFlrSXcbSzC4\/view?usp=sharing\" target=\"_blank\" rel=\"noreferrer noopener\">Taur\u00f3<\/a><\/p>\n<\/div><\/div>\n\n\n\n<div class=\"wp-block-getwid-tabs__nav-link\"><span class=\"wp-block-getwid-tabs__title-wrapper\"><a href=\"#\"><span class=\"wp-block-getwid-tabs__title\">DIVISI\u00d3<\/span><\/a><\/span><\/div><div class=\"wp-block-getwid-tabs__tab-content-wrapper\"><div class=\"wp-block-getwid-tabs__tab-content\">\n<p><a href=\"https:\/\/drive.google.com\/file\/d\/1Zh0ba4pr8g8buLgo4TcdSybRQ87xZIsE\/view?usp=sharing\" target=\"_blank\" rel=\"noreferrer noopener\">Raonada 1<\/a><\/p>\n\n\n\n<p><a href=\"https:\/\/drive.google.com\/file\/d\/1jV8JQZJ3Xqoo0o1Ulh3vTiJnzNSxBdP8\/view?usp=sharing\" target=\"_blank\" rel=\"noreferrer noopener\">Raonada 2<\/a><\/p>\n\n\n\n<p><a href=\"https:\/\/drive.google.com\/file\/d\/1CBODzQu0pxDQk9-IPuFR3CpXuxllTbgN\/view?usp=sharing\" target=\"_blank\" rel=\"noreferrer noopener\">Amb reglets<\/a><\/p>\n\n\n\n<p><a href=\"https:\/\/drive.google.com\/file\/d\/1cp3Yd2DcBclwzPwWo0fqYrlvD5Amt2Y6\/view?usp=sharing\" target=\"_blank\" rel=\"noreferrer noopener\">Cirera &#8211; entre 2<\/a><\/p>\n\n\n\n<p><a href=\"https:\/\/drive.google.com\/file\/d\/12nUWC8LdinaySMfgkNUZJk6ivcgqZIX3\/view?usp=sharing\" target=\"_blank\" rel=\"noreferrer noopener\">Peu de colom &#8211; entre 3<\/a><\/p>\n\n\n\n<p><a href=\"https:\/\/drive.google.com\/file\/d\/1KLgOm9ac6AgKKLzpeyNf8y_lM9a6IVCz\/view?usp=sharing\" target=\"_blank\" rel=\"noreferrer noopener\">Pizza &#8211; entre 4<\/a><\/p>\n<\/div><\/div>\n<\/div>\n","protected":false},"excerpt":{"rendered":"<p>A la nostra escola enfoquem les matem\u00e0tiques de manera vivencial i manipulativa, lluny de la memoritzaci\u00f3 per aconseguir que&nbsp; els nens i nenes assoleixin la l\u00f2gica matem\u00e0tica gaudint del proc\u00e9s. Utilitzem diferents tipus de materials que permeten viure i entendre les matem\u00e0tiques partint dels interessos dels infants i buscant situacions reals d\u2019aprenentatge per tal que [&hellip;]<\/p>\n","protected":false},"author":1,"featured_media":0,"parent":9104,"menu_order":0,"comment_status":"closed","ping_status":"closed","template":"","meta":{"_bbp_topic_count":0,"_bbp_reply_count":0,"_bbp_total_topic_count":0,"_bbp_total_reply_count":0,"_bbp_voice_count":0,"_bbp_anonymous_reply_count":0,"_bbp_topic_count_hidden":0,"_bbp_reply_count_hidden":0,"_bbp_forum_subforum_count":0,"site-sidebar-layout":"no-sidebar","site-content-layout":"","ast-site-content-layout":"default","site-content-style":"default","site-sidebar-style":"default","ast-global-header-display":"","ast-banner-title-visibility":"","ast-main-header-display":"","ast-hfb-above-header-display":"","ast-hfb-below-header-display":"","ast-hfb-mobile-header-display":"","site-post-title":"","ast-breadcrumbs-content":"","ast-featured-img":"","footer-sml-layout":"","theme-transparent-header-meta":"","adv-header-id-meta":"","stick-header-meta":"","header-above-stick-meta":"","header-main-stick-meta":"","header-below-stick-meta":"","astra-migrate-meta-layouts":"set","ast-page-background-enabled":"default","ast-page-background-meta":{"desktop":{"background-color":"var(--ast-global-color-4)","background-image":"","background-repeat":"repeat","background-position":"center center","background-size":"auto","background-attachment":"scroll","background-type":"","background-media":"","overlay-type":"","overlay-color":"","overlay-opacity":"","overlay-gradient":""},"tablet":{"background-color":"","background-image":"","background-repeat":"repeat","background-position":"center center","background-size":"auto","background-attachment":"scroll","background-type":"","background-media":"","overlay-type":"","overlay-color":"","overlay-opacity":"","overlay-gradient":""},"mobile":{"background-color":"","background-image":"","background-repeat":"repeat","background-position":"center center","background-size":"auto","background-attachment":"scroll","background-type":"","background-media":"","overlay-type":"","overlay-color":"","overlay-opacity":"","overlay-gradient":""}},"ast-content-background-meta":{"desktop":{"background-color":"var(--ast-global-color-5)","background-image":"","background-repeat":"repeat","background-position":"center center","background-size":"auto","background-attachment":"scroll","background-type":"","background-media":"","overlay-type":"","overlay-color":"","overlay-opacity":"","overlay-gradient":""},"tablet":{"background-color":"var(--ast-global-color-5)","background-image":"","background-repeat":"repeat","background-position":"center center","background-size":"auto","background-attachment":"scroll","background-type":"","background-media":"","overlay-type":"","overlay-color":"","overlay-opacity":"","overlay-gradient":""},"mobile":{"background-color":"var(--ast-global-color-5)","background-image":"","background-repeat":"repeat","background-position":"center center","background-size":"auto","background-attachment":"scroll","background-type":"","background-media":"","overlay-type":"","overlay-color":"","overlay-opacity":"","overlay-gradient":""}},"footnotes":""},"class_list":["post-10134","page","type-page","status-publish","hentry"],"post_mailing_queue_ids":[],"_links":{"self":[{"href":"https:\/\/agora.xtec.cat\/ceipelrodonell\/wp-json\/wp\/v2\/pages\/10134","targetHints":{"allow":["GET"]}}],"collection":[{"href":"https:\/\/agora.xtec.cat\/ceipelrodonell\/wp-json\/wp\/v2\/pages"}],"about":[{"href":"https:\/\/agora.xtec.cat\/ceipelrodonell\/wp-json\/wp\/v2\/types\/page"}],"author":[{"embeddable":true,"href":"https:\/\/agora.xtec.cat\/ceipelrodonell\/wp-json\/wp\/v2\/users\/1"}],"replies":[{"embeddable":true,"href":"https:\/\/agora.xtec.cat\/ceipelrodonell\/wp-json\/wp\/v2\/comments?post=10134"}],"version-history":[{"count":6,"href":"https:\/\/agora.xtec.cat\/ceipelrodonell\/wp-json\/wp\/v2\/pages\/10134\/revisions"}],"predecessor-version":[{"id":14321,"href":"https:\/\/agora.xtec.cat\/ceipelrodonell\/wp-json\/wp\/v2\/pages\/10134\/revisions\/14321"}],"up":[{"embeddable":true,"href":"https:\/\/agora.xtec.cat\/ceipelrodonell\/wp-json\/wp\/v2\/pages\/9104"}],"wp:attachment":[{"href":"https:\/\/agora.xtec.cat\/ceipelrodonell\/wp-json\/wp\/v2\/media?parent=10134"}],"curies":[{"name":"wp","href":"https:\/\/api.w.org\/{rel}","templated":true}]}}