{"id":10097,"date":"2023-03-31T11:49:15","date_gmt":"2023-03-31T09:49:15","guid":{"rendered":"https:\/\/agora.xtec.cat\/ceipelrodonell\/?page_id=10097"},"modified":"2024-02-22T10:26:23","modified_gmt":"2024-02-22T09:26:23","slug":"projecte-escoltam","status":"publish","type":"page","link":"https:\/\/agora.xtec.cat\/ceipelrodonell\/projectes-descola\/projecte-escoltam\/","title":{"rendered":"Projecte escolta&#8217;m"},"content":{"rendered":"<p style=\"text-align: center;\"><b>PROJECTE ESCOLTA\u2019M\u00a0<\/b><\/p>\n<p>El projecte Escolta\u2019m \u00e9s un pla d\u2019intervenci\u00f3 educativa que intenta establir vincles entre el tutor i els alumnes amb la finalitat d\u2019acompanyar-los en el seu creixement personal.<\/p>\n<p>Es fa a partir de tutories personalitzades en grups canviants de 3 alumnes i s\u2019aborden tem\u00e0tiques que permeten treballar valors com la confian\u00e7a, l\u2019autoconeixen\u00e7a i la cohesi\u00f3 social mitjan\u00e7ant l\u2019escolta activa.<\/p>\n<p>Aquesta escolta activa implica la voluntat de comprendre, de ser emp\u00e0tics, d\u2019iniciar un di\u00e0leg constructiu i requereix una o\u00efda c\u00e0lida que ens permeti ser receptiu a l\u2019altre.<\/p>\n<p>S\u00f3n moments de di\u00e0leg on es creen relacions afectives entre els alumnes.<\/p>\n<p>La proposta del projecte Escolta\u2019m est\u00e0 basada en la dualitat, en el desig d\u2019escoltar, en la mirada atenta que converteix l\u2019altre en un subjecte d\u2019inter\u00e8s.<\/p>\n<p>Vam iniciar aquest projecte al 2015 i actualment tots els cursos des d\u2019infantil 4 fins a 6\u00e8 el porten a terme.<\/p>\n","protected":false},"excerpt":{"rendered":"<p>PROJECTE ESCOLTA\u2019M\u00a0 El projecte Escolta\u2019m \u00e9s un pla d\u2019intervenci\u00f3 educativa que intenta establir vincles entre el tutor i els alumnes amb la finalitat d\u2019acompanyar-los en el seu creixement personal. Es fa a partir de tutories personalitzades en grups canviants de 3 alumnes i s\u2019aborden tem\u00e0tiques que permeten treballar valors com la confian\u00e7a, l\u2019autoconeixen\u00e7a i la [&hellip;]<\/p>\n","protected":false},"author":1,"featured_media":0,"parent":9104,"menu_order":0,"comment_status":"closed","ping_status":"closed","template":"page-templates\/side-menu.php","meta":{"_bbp_topic_count":0,"_bbp_reply_count":0,"_bbp_total_topic_count":0,"_bbp_total_reply_count":0,"_bbp_voice_count":0,"_bbp_anonymous_reply_count":0,"_bbp_topic_count_hidden":0,"_bbp_reply_count_hidden":0,"_bbp_forum_subforum_count":0,"site-sidebar-layout":"default","site-content-layout":"","ast-site-content-layout":"","site-content-style":"default","site-sidebar-style":"default","ast-global-header-display":"","ast-banner-title-visibility":"","ast-main-header-display":"","ast-hfb-above-header-display":"","ast-hfb-below-header-display":"","ast-hfb-mobile-header-display":"","site-post-title":"","ast-breadcrumbs-content":"","ast-featured-img":"","footer-sml-layout":"","theme-transparent-header-meta":"","adv-header-id-meta":"","stick-header-meta":"","header-above-stick-meta":"","header-main-stick-meta":"","header-below-stick-meta":"","astra-migrate-meta-layouts":"default","ast-page-background-enabled":"default","ast-page-background-meta":{"desktop":{"background-color":"var(--ast-global-color-4)","background-image":"","background-repeat":"repeat","background-position":"center center","background-size":"auto","background-attachment":"scroll","background-type":"","background-media":"","overlay-type":"","overlay-color":"","overlay-opacity":"","overlay-gradient":""},"tablet":{"background-color":"","background-image":"","background-repeat":"repeat","background-position":"center center","background-size":"auto","background-attachment":"scroll","background-type":"","background-media":"","overlay-type":"","overlay-color":"","overlay-opacity":"","overlay-gradient":""},"mobile":{"background-color":"","background-image":"","background-repeat":"repeat","background-position":"center center","background-size":"auto","background-attachment":"scroll","background-type":"","background-media":"","overlay-type":"","overlay-color":"","overlay-opacity":"","overlay-gradient":""}},"ast-content-background-meta":{"desktop":{"background-color":"var(--ast-global-color-5)","background-image":"","background-repeat":"repeat","background-position":"center center","background-size":"auto","background-attachment":"scroll","background-type":"","background-media":"","overlay-type":"","overlay-color":"","overlay-opacity":"","overlay-gradient":""},"tablet":{"background-color":"var(--ast-global-color-5)","background-image":"","background-repeat":"repeat","background-position":"center center","background-size":"auto","background-attachment":"scroll","background-type":"","background-media":"","overlay-type":"","overlay-color":"","overlay-opacity":"","overlay-gradient":""},"mobile":{"background-color":"var(--ast-global-color-5)","background-image":"","background-repeat":"repeat","background-position":"center center","background-size":"auto","background-attachment":"scroll","background-type":"","background-media":"","overlay-type":"","overlay-color":"","overlay-opacity":"","overlay-gradient":""}},"footnotes":""},"class_list":["post-10097","page","type-page","status-publish","hentry"],"post_mailing_queue_ids":[],"_links":{"self":[{"href":"https:\/\/agora.xtec.cat\/ceipelrodonell\/wp-json\/wp\/v2\/pages\/10097","targetHints":{"allow":["GET"]}}],"collection":[{"href":"https:\/\/agora.xtec.cat\/ceipelrodonell\/wp-json\/wp\/v2\/pages"}],"about":[{"href":"https:\/\/agora.xtec.cat\/ceipelrodonell\/wp-json\/wp\/v2\/types\/page"}],"author":[{"embeddable":true,"href":"https:\/\/agora.xtec.cat\/ceipelrodonell\/wp-json\/wp\/v2\/users\/1"}],"replies":[{"embeddable":true,"href":"https:\/\/agora.xtec.cat\/ceipelrodonell\/wp-json\/wp\/v2\/comments?post=10097"}],"version-history":[{"count":2,"href":"https:\/\/agora.xtec.cat\/ceipelrodonell\/wp-json\/wp\/v2\/pages\/10097\/revisions"}],"predecessor-version":[{"id":10161,"href":"https:\/\/agora.xtec.cat\/ceipelrodonell\/wp-json\/wp\/v2\/pages\/10097\/revisions\/10161"}],"up":[{"embeddable":true,"href":"https:\/\/agora.xtec.cat\/ceipelrodonell\/wp-json\/wp\/v2\/pages\/9104"}],"wp:attachment":[{"href":"https:\/\/agora.xtec.cat\/ceipelrodonell\/wp-json\/wp\/v2\/media?parent=10097"}],"curies":[{"name":"wp","href":"https:\/\/api.w.org\/{rel}","templated":true}]}}