{"id":10096,"date":"2023-03-31T11:49:15","date_gmt":"2023-03-31T09:49:15","guid":{"rendered":"https:\/\/agora.xtec.cat\/ceipelrodonell\/?page_id=10096"},"modified":"2024-02-22T10:20:41","modified_gmt":"2024-02-22T09:20:41","slug":"projecte-dol","status":"publish","type":"page","link":"https:\/\/agora.xtec.cat\/ceipelrodonell\/projectes-descola\/projecte-dol\/","title":{"rendered":"Projecte dol"},"content":{"rendered":"<p style=\"text-align: center;\"><b>PROJECTE DOL<\/b><\/p>\n<p style=\"text-align: justify;\">Des de fa uns quants anys, tirem endavant a l&#8217;Escola el <i>Projecte dol. <\/i>Es tracta d&#8217;un projecte que aborda, d&#8217;una manera molt sensible i respectuosa, aquest concepte tan dif\u00edcil d&#8217;abordar en la nostra societat.<\/p>\n<p style=\"text-align: justify;\">Ens trobem davant d&#8217;un tab\u00fa que creiem que hem de trencar i naturalitzar, sempre des d&#8217;un punt de vista adequat i sensible a cada nivell educatiu.<\/p>\n<p style=\"text-align: justify;\">\u00c9s un projecte que es porta a terme durant les classes d&#8217;Educaci\u00f3 en Valors, i que ho treballem des de diverses perspectives. Ja sigui a trav\u00e9s del visionat d&#8217;algun curtmetratge o pel\u00b7l\u00edcula, aix\u00ed com tamb\u00e9 a trav\u00e9s d&#8217;obres d&#8217;art o contes.<\/p>\n<p style=\"text-align: justify;\">Aquest treball permet als i les alumnes expressar i fer un treball personal a trav\u00e9s del qual aprenem a gestionar els sentiments contradictoris que ens interpel\u00b7len a tots i totes.<\/p>\n","protected":false},"excerpt":{"rendered":"<p>PROJECTE DOL Des de fa uns quants anys, tirem endavant a l&#8217;Escola el Projecte dol. Es tracta d&#8217;un projecte que aborda, d&#8217;una manera molt sensible i respectuosa, aquest concepte tan dif\u00edcil d&#8217;abordar en la nostra societat. Ens trobem davant d&#8217;un tab\u00fa que creiem que hem de trencar i naturalitzar, sempre des d&#8217;un punt de vista [&hellip;]<\/p>\n","protected":false},"author":1,"featured_media":0,"parent":9104,"menu_order":0,"comment_status":"closed","ping_status":"closed","template":"page-templates\/side-menu.php","meta":{"_bbp_topic_count":0,"_bbp_reply_count":0,"_bbp_total_topic_count":0,"_bbp_total_reply_count":0,"_bbp_voice_count":0,"_bbp_anonymous_reply_count":0,"_bbp_topic_count_hidden":0,"_bbp_reply_count_hidden":0,"_bbp_forum_subforum_count":0,"site-sidebar-layout":"default","site-content-layout":"","ast-site-content-layout":"","site-content-style":"default","site-sidebar-style":"default","ast-global-header-display":"","ast-banner-title-visibility":"","ast-main-header-display":"","ast-hfb-above-header-display":"","ast-hfb-below-header-display":"","ast-hfb-mobile-header-display":"","site-post-title":"","ast-breadcrumbs-content":"","ast-featured-img":"","footer-sml-layout":"","theme-transparent-header-meta":"","adv-header-id-meta":"","stick-header-meta":"","header-above-stick-meta":"","header-main-stick-meta":"","header-below-stick-meta":"","astra-migrate-meta-layouts":"default","ast-page-background-enabled":"default","ast-page-background-meta":{"desktop":{"background-color":"var(--ast-global-color-4)","background-image":"","background-repeat":"repeat","background-position":"center center","background-size":"auto","background-attachment":"scroll","background-type":"","background-media":"","overlay-type":"","overlay-color":"","overlay-opacity":"","overlay-gradient":""},"tablet":{"background-color":"","background-image":"","background-repeat":"repeat","background-position":"center center","background-size":"auto","background-attachment":"scroll","background-type":"","background-media":"","overlay-type":"","overlay-color":"","overlay-opacity":"","overlay-gradient":""},"mobile":{"background-color":"","background-image":"","background-repeat":"repeat","background-position":"center center","background-size":"auto","background-attachment":"scroll","background-type":"","background-media":"","overlay-type":"","overlay-color":"","overlay-opacity":"","overlay-gradient":""}},"ast-content-background-meta":{"desktop":{"background-color":"var(--ast-global-color-5)","background-image":"","background-repeat":"repeat","background-position":"center center","background-size":"auto","background-attachment":"scroll","background-type":"","background-media":"","overlay-type":"","overlay-color":"","overlay-opacity":"","overlay-gradient":""},"tablet":{"background-color":"var(--ast-global-color-5)","background-image":"","background-repeat":"repeat","background-position":"center center","background-size":"auto","background-attachment":"scroll","background-type":"","background-media":"","overlay-type":"","overlay-color":"","overlay-opacity":"","overlay-gradient":""},"mobile":{"background-color":"var(--ast-global-color-5)","background-image":"","background-repeat":"repeat","background-position":"center center","background-size":"auto","background-attachment":"scroll","background-type":"","background-media":"","overlay-type":"","overlay-color":"","overlay-opacity":"","overlay-gradient":""}},"footnotes":""},"class_list":["post-10096","page","type-page","status-publish","hentry"],"post_mailing_queue_ids":[],"_links":{"self":[{"href":"https:\/\/agora.xtec.cat\/ceipelrodonell\/wp-json\/wp\/v2\/pages\/10096","targetHints":{"allow":["GET"]}}],"collection":[{"href":"https:\/\/agora.xtec.cat\/ceipelrodonell\/wp-json\/wp\/v2\/pages"}],"about":[{"href":"https:\/\/agora.xtec.cat\/ceipelrodonell\/wp-json\/wp\/v2\/types\/page"}],"author":[{"embeddable":true,"href":"https:\/\/agora.xtec.cat\/ceipelrodonell\/wp-json\/wp\/v2\/users\/1"}],"replies":[{"embeddable":true,"href":"https:\/\/agora.xtec.cat\/ceipelrodonell\/wp-json\/wp\/v2\/comments?post=10096"}],"version-history":[{"count":2,"href":"https:\/\/agora.xtec.cat\/ceipelrodonell\/wp-json\/wp\/v2\/pages\/10096\/revisions"}],"predecessor-version":[{"id":10159,"href":"https:\/\/agora.xtec.cat\/ceipelrodonell\/wp-json\/wp\/v2\/pages\/10096\/revisions\/10159"}],"up":[{"embeddable":true,"href":"https:\/\/agora.xtec.cat\/ceipelrodonell\/wp-json\/wp\/v2\/pages\/9104"}],"wp:attachment":[{"href":"https:\/\/agora.xtec.cat\/ceipelrodonell\/wp-json\/wp\/v2\/media?parent=10096"}],"curies":[{"name":"wp","href":"https:\/\/api.w.org\/{rel}","templated":true}]}}