{"id":77,"date":"2014-09-18T14:05:08","date_gmt":"2014-09-18T13:05:08","guid":{"rendered":"http:\/\/agora.xtec.cat\/ceipelpi-ribes\/?page_id=77"},"modified":"2017-03-16T20:00:20","modified_gmt":"2017-03-16T19:00:20","slug":"acollida","status":"publish","type":"page","link":"https:\/\/agora.xtec.cat\/ceipelpi-ribes\/lescola\/serveis\/acollida\/","title":{"rendered":"Acollida"},"content":{"rendered":"<p>L&#8217;acollida matinal que ofereix el centre abans de l&#8217;inici de les classes tamb\u00e9 va a c\u00e0rrec de l&#8217;empresa &#8220;m\u00e9s que un \u00e0pat&#8221;.<\/p>\n<p>L&#8217;horari \u00e9s de 7:45 fins a les 9:00.<\/p>\n","protected":false},"excerpt":{"rendered":"<p>L&#8217;acollida matinal que ofereix el centre abans de l&#8217;inici de les classes tamb\u00e9 va a c\u00e0rrec de l&#8217;empresa &#8220;m\u00e9s que un \u00e0pat&#8221;.<br \/>\nL&#8217;horari \u00e9s de 7:45 fins a les 9:00.<\/p>\n","protected":false},"author":1,"featured_media":0,"parent":66,"menu_order":20,"comment_status":"closed","ping_status":"closed","template":"page-templates\/side-menu.php","meta":{"_bbp_topic_count":0,"_bbp_reply_count":0,"_bbp_total_topic_count":0,"_bbp_total_reply_count":0,"_bbp_voice_count":0,"_bbp_anonymous_reply_count":0,"_bbp_topic_count_hidden":0,"_bbp_reply_count_hidden":0,"_bbp_forum_subforum_count":0,"footnotes":""},"class_list":["post-77","page","type-page","status-publish","hentry"],"post_mailing_queue_ids":[],"_links":{"self":[{"href":"https:\/\/agora.xtec.cat\/ceipelpi-ribes\/wp-json\/wp\/v2\/pages\/77","targetHints":{"allow":["GET"]}}],"collection":[{"href":"https:\/\/agora.xtec.cat\/ceipelpi-ribes\/wp-json\/wp\/v2\/pages"}],"about":[{"href":"https:\/\/agora.xtec.cat\/ceipelpi-ribes\/wp-json\/wp\/v2\/types\/page"}],"author":[{"embeddable":true,"href":"https:\/\/agora.xtec.cat\/ceipelpi-ribes\/wp-json\/wp\/v2\/users\/1"}],"replies":[{"embeddable":true,"href":"https:\/\/agora.xtec.cat\/ceipelpi-ribes\/wp-json\/wp\/v2\/comments?post=77"}],"version-history":[{"count":2,"href":"https:\/\/agora.xtec.cat\/ceipelpi-ribes\/wp-json\/wp\/v2\/pages\/77\/revisions"}],"predecessor-version":[{"id":509,"href":"https:\/\/agora.xtec.cat\/ceipelpi-ribes\/wp-json\/wp\/v2\/pages\/77\/revisions\/509"}],"up":[{"embeddable":true,"href":"https:\/\/agora.xtec.cat\/ceipelpi-ribes\/wp-json\/wp\/v2\/pages\/66"}],"wp:attachment":[{"href":"https:\/\/agora.xtec.cat\/ceipelpi-ribes\/wp-json\/wp\/v2\/media?parent=77"}],"curies":[{"name":"wp","href":"https:\/\/api.w.org\/{rel}","templated":true}]}}