{"id":73,"date":"2014-09-18T14:01:51","date_gmt":"2014-09-18T13:01:51","guid":{"rendered":"http:\/\/agora.xtec.cat\/ceipelpi-ribes\/?page_id=73"},"modified":"2024-02-02T12:47:56","modified_gmt":"2024-02-02T11:47:56","slug":"menjador-escolar","status":"publish","type":"page","link":"https:\/\/agora.xtec.cat\/ceipelpi-ribes\/lescola\/serveis\/menjador-escolar\/","title":{"rendered":"Menjador escolar"},"content":{"rendered":"<p><span style=\"font-size: medium; line-height: 1.714285714;\">L\u2019AFA ofereix servei de menjador gestionat per l&#8217;empresa <em>&#8220;M\u00e9s que un \u00e0pat&#8221;. <\/em>L&#8217;alumnat pot gaudir d\u2019un men\u00fa ric i variat dissenyat per l\u2019equip del menjador, amb l\u2019assessorament d\u2019un nutricionista, i elaborat a la cuina de la nostra escola. Cada mes s\u2019envia el men\u00fa per mail i per whatsapp.<\/span><\/p>\n<p><span style=\"font-size: medium;\">S\u2019ofereix l\u2019opci\u00f3 del men\u00fa de dieta amb previ av\u00eds.<\/span><\/p>\n<p><span style=\"font-size: medium;\">Despr\u00e9s de l\u2019\u00e0pat, els m\u00e9s petits i petites poden dormir una mica mentre els i les altres poden gaudir d\u2019una estona l\u00fadica de joc lliure, joc simb\u00f2lic, tallers sobre les festes i jocs de taula.<\/span><\/p>\n<p><span style=\"font-size: medium;\">Aix\u00ed mateix, comptem amb servei d\u2019acollida matinal de 7:45h a 9:00h.<\/span><\/p>\n<p><span style=\"font-size: medium;\">Per qualsevol dubte es pot contactar b\u00e9 personalment, o b\u00e9 al tel\u00e8fon espec\u00edfic del menjador: <\/span>938102581 &#8211; 619747390.<\/p>\n","protected":false},"excerpt":{"rendered":"<p>L\u2019AFA ofereix servei de menjador gestionat per l&#8217;empresa &#8220;M\u00e9s que un \u00e0pat&#8221;. L&#8217;alumnat pot gaudir d\u2019un men\u00fa ric i variat dissenyat per l\u2019equip del menjador, amb l\u2019assessorament d\u2019un nutricionista, i elaborat a la cuina de la nostra escola. Cada mes s\u2019envia el men\u00fa per mail&hellip;  <a href=\"https:\/\/agora.xtec.cat\/ceipelpi-ribes\/lescola\/serveis\/menjador-escolar\/\" title=\"Read Menjador escolar\">Llegeix m\u00e9s\u00bb<\/a><\/p>\n","protected":false},"author":1,"featured_media":0,"parent":66,"menu_order":30,"comment_status":"closed","ping_status":"closed","template":"page-templates\/side-menu.php","meta":{"_bbp_topic_count":0,"_bbp_reply_count":0,"_bbp_total_topic_count":0,"_bbp_total_reply_count":0,"_bbp_voice_count":0,"_bbp_anonymous_reply_count":0,"_bbp_topic_count_hidden":0,"_bbp_reply_count_hidden":0,"_bbp_forum_subforum_count":0,"footnotes":""},"class_list":["post-73","page","type-page","status-publish","hentry"],"post_mailing_queue_ids":[],"_links":{"self":[{"href":"https:\/\/agora.xtec.cat\/ceipelpi-ribes\/wp-json\/wp\/v2\/pages\/73","targetHints":{"allow":["GET"]}}],"collection":[{"href":"https:\/\/agora.xtec.cat\/ceipelpi-ribes\/wp-json\/wp\/v2\/pages"}],"about":[{"href":"https:\/\/agora.xtec.cat\/ceipelpi-ribes\/wp-json\/wp\/v2\/types\/page"}],"author":[{"embeddable":true,"href":"https:\/\/agora.xtec.cat\/ceipelpi-ribes\/wp-json\/wp\/v2\/users\/1"}],"replies":[{"embeddable":true,"href":"https:\/\/agora.xtec.cat\/ceipelpi-ribes\/wp-json\/wp\/v2\/comments?post=73"}],"version-history":[{"count":6,"href":"https:\/\/agora.xtec.cat\/ceipelpi-ribes\/wp-json\/wp\/v2\/pages\/73\/revisions"}],"predecessor-version":[{"id":2497,"href":"https:\/\/agora.xtec.cat\/ceipelpi-ribes\/wp-json\/wp\/v2\/pages\/73\/revisions\/2497"}],"up":[{"embeddable":true,"href":"https:\/\/agora.xtec.cat\/ceipelpi-ribes\/wp-json\/wp\/v2\/pages\/66"}],"wp:attachment":[{"href":"https:\/\/agora.xtec.cat\/ceipelpi-ribes\/wp-json\/wp\/v2\/media?parent=73"}],"curies":[{"name":"wp","href":"https:\/\/api.w.org\/{rel}","templated":true}]}}