{"id":516,"date":"2016-06-13T10:51:56","date_gmt":"2016-06-13T09:51:56","guid":{"rendered":"http:\/\/agora.xtec.cat\/ceipelpi-ribes\/?page_id=516"},"modified":"2024-01-23T15:56:25","modified_gmt":"2024-01-23T14:56:25","slug":"projecte-linguistic","status":"publish","type":"page","link":"https:\/\/agora.xtec.cat\/ceipelpi-ribes\/lescola\/documents\/projecte-linguistic\/","title":{"rendered":"Projecte ling\u00fc\u00edstic"},"content":{"rendered":"<p>La llengua \u00e9s un vehicle de comunicaci\u00f3 i de relaci\u00f3 entre les persones que permet entendre la realitat des de diferents punts de vista cultural i ling\u00fc\u00edstic. \u00c9s tamb\u00e9, un dels principals vehicles de socialitzaci\u00f3 i d\u2019interacci\u00f3 entre les persones, ja que l\u2019alumnat haur\u00e0 de dominar, en contextos reals, l\u2019\u00fas de les diferents lleng\u00fces en finalitzar l\u2019etapa.<\/p>\n<p>Les lleng\u00fces s\u00f3n la base de qualsevol aprenentatge i \u00e9s per aix\u00f2, que l\u2019aprenentatge de les lleng\u00fces es d\u00f3na en totes les \u00e0rees curriculars.<\/p>\n<p>El <b>projecte ling\u00fc\u00edstic<\/b> de centre implica la pres\u00e8ncia del <i>catal\u00e0,<\/i> com a llengua vehicular i habitual en el nostre centre.<\/p>\n<p>S\u2019utilitza en activitats internes , externes aix\u00ed com en totes les actuacions administratives: documents, informes, notificacions a les fam\u00edlies, xerrades&#8230;\u00a0 i en totes les activitats de centre no formals: l\u2019 acollida matinal, el menjador, els blocs i el full informatiu, les activitats extraescolars&#8230;<\/p>\n<p>&nbsp;<\/p>\n<p><strong>Si voleu con\u00e8ixer m\u00e9s el nostre Projecte Ling\u00fc\u00edstic feu clic <a href=\"https:\/\/drive.google.com\/file\/d\/1TGfMJe5yeL6iU0gZz_dDHUzxZ7LT7qf_\/view?usp=sharing\">aqu\u00ed<\/a><\/strong><\/p>\n<p>&nbsp;<\/p>\n","protected":false},"excerpt":{"rendered":"<p>La llengua \u00e9s un vehicle de comunicaci\u00f3 i de relaci\u00f3 entre les persones que permet entendre la realitat des de diferents punts de vista cultural i ling\u00fc\u00edstic. \u00c9s tamb\u00e9, un dels principals vehicles de socialitzaci\u00f3 i d\u2019interacci\u00f3 entre les persones, ja que l\u2019alumnat haur\u00e0 de&hellip;  <a href=\"https:\/\/agora.xtec.cat\/ceipelpi-ribes\/lescola\/documents\/projecte-linguistic\/\" title=\"Read Projecte ling\u00fc\u00edstic\">Llegeix m\u00e9s\u00bb<\/a><\/p>\n","protected":false},"author":1,"featured_media":0,"parent":2431,"menu_order":3,"comment_status":"closed","ping_status":"closed","template":"page-templates\/side-menu.php","meta":{"_bbp_topic_count":0,"_bbp_reply_count":0,"_bbp_total_topic_count":0,"_bbp_total_reply_count":0,"_bbp_voice_count":0,"_bbp_anonymous_reply_count":0,"_bbp_topic_count_hidden":0,"_bbp_reply_count_hidden":0,"_bbp_forum_subforum_count":0,"footnotes":""},"class_list":["post-516","page","type-page","status-publish","hentry"],"post_mailing_queue_ids":[],"_links":{"self":[{"href":"https:\/\/agora.xtec.cat\/ceipelpi-ribes\/wp-json\/wp\/v2\/pages\/516","targetHints":{"allow":["GET"]}}],"collection":[{"href":"https:\/\/agora.xtec.cat\/ceipelpi-ribes\/wp-json\/wp\/v2\/pages"}],"about":[{"href":"https:\/\/agora.xtec.cat\/ceipelpi-ribes\/wp-json\/wp\/v2\/types\/page"}],"author":[{"embeddable":true,"href":"https:\/\/agora.xtec.cat\/ceipelpi-ribes\/wp-json\/wp\/v2\/users\/1"}],"replies":[{"embeddable":true,"href":"https:\/\/agora.xtec.cat\/ceipelpi-ribes\/wp-json\/wp\/v2\/comments?post=516"}],"version-history":[{"count":3,"href":"https:\/\/agora.xtec.cat\/ceipelpi-ribes\/wp-json\/wp\/v2\/pages\/516\/revisions"}],"predecessor-version":[{"id":1510,"href":"https:\/\/agora.xtec.cat\/ceipelpi-ribes\/wp-json\/wp\/v2\/pages\/516\/revisions\/1510"}],"up":[{"embeddable":true,"href":"https:\/\/agora.xtec.cat\/ceipelpi-ribes\/wp-json\/wp\/v2\/pages\/2431"}],"wp:attachment":[{"href":"https:\/\/agora.xtec.cat\/ceipelpi-ribes\/wp-json\/wp\/v2\/media?parent=516"}],"curies":[{"name":"wp","href":"https:\/\/api.w.org\/{rel}","templated":true}]}}