{"id":2660,"date":"2024-11-11T12:52:37","date_gmt":"2024-11-11T11:52:37","guid":{"rendered":"https:\/\/agora.xtec.cat\/ceipelpi-ribes\/?page_id=2660"},"modified":"2024-11-11T12:52:37","modified_gmt":"2024-11-11T11:52:37","slug":"sabers-deduacio-primaria","status":"publish","type":"page","link":"https:\/\/agora.xtec.cat\/ceipelpi-ribes\/lescola\/curriculum\/primaria\/sabers-deduacio-primaria\/","title":{"rendered":"Sabers d&#8217;Eduaci\u00f3 Prim\u00e0ria"},"content":{"rendered":"<p>Aqu\u00ed teniu els enlla\u00e7os a diferents documents referents als sabers d&#8217;Educaci\u00f3 Prim\u00e0ria recollits al Decret 175\/2022 de 27 de setembre, d\u2019ordenaci\u00f3 dels ensenyaments de l\u2019educaci\u00f3 b\u00e0sica.<\/p>\n<ul>\n<li><span style=\"color: #000000;\"><a style=\"color: #000000;\" href=\"https:\/\/agora.xtec.cat\/ceipelpi-ribes\/wp-content\/uploads\/usu29\/2024\/11\/Educacio-en-valors-sabers.pdf\">Educaci\u00f3 en valors (sabers)<\/a><\/span><\/li>\n<li><span style=\"color: #000000;\"> <a style=\"color: #000000;\" href=\"https:\/\/agora.xtec.cat\/ceipelpi-ribes\/wp-content\/uploads\/usu29\/2024\/11\/Educacio-Fisica-sabers.pdf\">Educaci\u00f3 F\u00edsica (sabers)<\/a><\/span><\/li>\n<li><span style=\"color: #000000;\"> <a style=\"color: #000000;\" href=\"https:\/\/agora.xtec.cat\/ceipelpi-ribes\/wp-content\/uploads\/usu29\/2024\/11\/Coneixement-del-Medi-sabers.pdf\">Coneixement del Medi (sabers)<\/a><\/span><\/li>\n<li><span style=\"color: #000000;\"> <a style=\"color: #000000;\" href=\"https:\/\/agora.xtec.cat\/ceipelpi-ribes\/wp-content\/uploads\/usu29\/2024\/11\/Matematiques-sabers.pdf\">Matem\u00e0tiques (sabers)<\/a><\/span><\/li>\n<li><span style=\"color: #000000;\"> <a style=\"color: #000000;\" href=\"https:\/\/agora.xtec.cat\/ceipelpi-ribes\/wp-content\/uploads\/usu29\/2024\/11\/Llengua-Estrangera-sabers.pdf\">Llengua Estrangera (sabers)<\/a><\/span><\/li>\n<li><span style=\"color: #000000;\"> <a style=\"color: #000000;\" href=\"https:\/\/agora.xtec.cat\/ceipelpi-ribes\/wp-content\/uploads\/usu29\/2024\/11\/Ambit-Linguistic-sabers.pdf\">\u00c0mbit Ling\u00fc\u00edstic (sabers)<\/a><\/span><\/li>\n<li><span style=\"color: #000000;\"> <a style=\"color: #000000;\" href=\"https:\/\/agora.xtec.cat\/ceipelpi-ribes\/wp-content\/uploads\/usu29\/2024\/11\/Eduacio-Artistica-sabers.pdf\">Eduaci\u00f3 Art\u00edstica (sabers)<\/a><\/span><\/li>\n<\/ul>\n","protected":false},"excerpt":{"rendered":"<p>Aqu\u00ed teniu els enlla\u00e7os a diferents documents referents als sabers d&#8217;Educaci\u00f3 Prim\u00e0ria recollits al Decret 175\/2022 de 27 de setembre, d\u2019ordenaci\u00f3 dels ensenyaments de l\u2019educaci\u00f3 b\u00e0sica.<\/p>\n<ul>\n<li><a style=\"color: #000000;\" href=\"https:\/\/agora.xtec.cat\/ceipelpi-ribes\/wp-content\/uploads\/usu29\/2024\/11\/Educacio-en-valors-sabers.pdf\">Educaci\u00f3 en valors (sabers)<\/a><\/li>\n<li> <a style=\"color: #000000;\" href=\"https:\/\/agora.xtec.cat\/ceipelpi-ribes\/wp-content\/uploads\/usu29\/2024\/11\/Educacio-Fisica-sabers.pdf\">Educaci\u00f3 F\u00edsica (sabers)<\/a><\/li>\n<li> <a style=\"color: #000000;\" href=\"https:\/\/agora.xtec.cat\/ceipelpi-ribes\/wp-content\/uploads\/usu29\/2024\/11\/Coneixement-del-Medi-sabers.pdf\">Coneixement del Medi (sabers)<\/a><\/li>\n<li>&hellip;  <a href=\"https:\/\/agora.xtec.cat\/ceipelpi-ribes\/lescola\/curriculum\/primaria\/sabers-deduacio-primaria\/\" title=\"Read Sabers d&#8217;Eduaci\u00f3 Prim\u00e0ria\">Llegeix m\u00e9s\u00bb<\/a><br \/>\n","protected":false},"author":1,"featured_media":0,"parent":2613,"menu_order":2,"comment_status":"closed","ping_status":"closed","template":"page-templates\/side-menu.php","meta":{"_bbp_topic_count":0,"_bbp_reply_count":0,"_bbp_total_topic_count":0,"_bbp_total_reply_count":0,"_bbp_voice_count":0,"_bbp_anonymous_reply_count":0,"_bbp_topic_count_hidden":0,"_bbp_reply_count_hidden":0,"_bbp_forum_subforum_count":0,"footnotes":""},"class_list":["post-2660","page","type-page","status-publish","hentry"],"post_mailing_queue_ids":[],"_links":{"self":[{"href":"https:\/\/agora.xtec.cat\/ceipelpi-ribes\/wp-json\/wp\/v2\/pages\/2660","targetHints":{"allow":["GET"]}}],"collection":[{"href":"https:\/\/agora.xtec.cat\/ceipelpi-ribes\/wp-json\/wp\/v2\/pages"}],"about":[{"href":"https:\/\/agora.xtec.cat\/ceipelpi-ribes\/wp-json\/wp\/v2\/types\/page"}],"author":[{"embeddable":true,"href":"https:\/\/agora.xtec.cat\/ceipelpi-ribes\/wp-json\/wp\/v2\/users\/1"}],"replies":[{"embeddable":true,"href":"https:\/\/agora.xtec.cat\/ceipelpi-ribes\/wp-json\/wp\/v2\/comments?post=2660"}],"version-history":[{"count":2,"href":"https:\/\/agora.xtec.cat\/ceipelpi-ribes\/wp-json\/wp\/v2\/pages\/2660\/revisions"}],"predecessor-version":[{"id":2669,"href":"https:\/\/agora.xtec.cat\/ceipelpi-ribes\/wp-json\/wp\/v2\/pages\/2660\/revisions\/2669"}],"up":[{"embeddable":true,"href":"https:\/\/agora.xtec.cat\/ceipelpi-ribes\/wp-json\/wp\/v2\/pages\/2613"}],"wp:attachment":[{"href":"https:\/\/agora.xtec.cat\/ceipelpi-ribes\/wp-json\/wp\/v2\/media?parent=2660"}],"curies":[{"name":"wp","href":"https:\/\/api.w.org\/{rel}","templated":true}]}}