{"id":2613,"date":"2024-11-11T11:58:31","date_gmt":"2024-11-11T10:58:31","guid":{"rendered":"https:\/\/agora.xtec.cat\/ceipelpi-ribes\/?page_id=2613"},"modified":"2024-11-11T13:02:48","modified_gmt":"2024-11-11T12:02:48","slug":"primaria","status":"publish","type":"page","link":"https:\/\/agora.xtec.cat\/ceipelpi-ribes\/lescola\/curriculum\/primaria\/","title":{"rendered":"Prim\u00e0ria"},"content":{"rendered":"<p>Aqu\u00ed teniu els enlla\u00e7os a diferents documents referents al Curr\u00edculum d\u2019Educaci\u00f3 Prim\u00e0ria recollits al Decret 175\/2022 de 27 de setembre, d\u2019ordenaci\u00f3 dels ensenyaments de l\u2019educaci\u00f3 b\u00e0sica.<\/p>\n<ul>\n<li><a href=\"https:\/\/agora.xtec.cat\/ceipelpi-ribes\/lescola\/curriculum\/primaria\/competencies-i-sabers-deducacio-primaria\/\">Compet\u00e8ncies i Criteris d&#8217;Avaluaci\u00f3<\/a><\/li>\n<li><a href=\"https:\/\/agora.xtec.cat\/ceipelpi-ribes\/lescola\/curriculum\/primaria\/sabers-deduacio-primaria\/\">Sabers d&#8217;Educaci\u00f3 Prim\u00e0ria<\/a><\/li>\n<li><a href=\"https:\/\/agora.xtec.cat\/ceipelpi-ribes\/wp-content\/uploads\/usu29\/2024\/11\/Vectors.pdf\">Vectors<\/a><\/li>\n<\/ul>\n","protected":false},"excerpt":{"rendered":"<p>Aqu\u00ed teniu els enlla\u00e7os a diferents documents referents al Curr\u00edculum d\u2019Educaci\u00f3 Prim\u00e0ria recollits al Decret 175\/2022 de 27 de setembre, d\u2019ordenaci\u00f3 dels ensenyaments de l\u2019educaci\u00f3 b\u00e0sica.<\/p>\n<ul>\n<li><a href=\"https:\/\/agora.xtec.cat\/ceipelpi-ribes\/lescola\/curriculum\/primaria\/competencies-i-sabers-deducacio-primaria\/\">Compet\u00e8ncies i Criteris d&#8217;Avaluaci\u00f3<\/a><\/li>\n<li><a href=\"https:\/\/agora.xtec.cat\/ceipelpi-ribes\/lescola\/curriculum\/primaria\/sabers-deduacio-primaria\/\">Sabers d&#8217;Educaci\u00f3 Prim\u00e0ria<\/a><\/li>\n<li><a href=\"https:\/\/agora.xtec.cat\/ceipelpi-ribes\/wp-content\/uploads\/usu29\/2024\/11\/Vectors.pdf\">Vectors<\/a><\/li>\n<\/ul>\n","protected":false},"author":1,"featured_media":0,"parent":2476,"menu_order":2,"comment_status":"closed","ping_status":"closed","template":"page-templates\/side-menu.php","meta":{"_bbp_topic_count":0,"_bbp_reply_count":0,"_bbp_total_topic_count":0,"_bbp_total_reply_count":0,"_bbp_voice_count":0,"_bbp_anonymous_reply_count":0,"_bbp_topic_count_hidden":0,"_bbp_reply_count_hidden":0,"_bbp_forum_subforum_count":0,"footnotes":""},"class_list":["post-2613","page","type-page","status-publish","hentry"],"post_mailing_queue_ids":[],"_links":{"self":[{"href":"https:\/\/agora.xtec.cat\/ceipelpi-ribes\/wp-json\/wp\/v2\/pages\/2613","targetHints":{"allow":["GET"]}}],"collection":[{"href":"https:\/\/agora.xtec.cat\/ceipelpi-ribes\/wp-json\/wp\/v2\/pages"}],"about":[{"href":"https:\/\/agora.xtec.cat\/ceipelpi-ribes\/wp-json\/wp\/v2\/types\/page"}],"author":[{"embeddable":true,"href":"https:\/\/agora.xtec.cat\/ceipelpi-ribes\/wp-json\/wp\/v2\/users\/1"}],"replies":[{"embeddable":true,"href":"https:\/\/agora.xtec.cat\/ceipelpi-ribes\/wp-json\/wp\/v2\/comments?post=2613"}],"version-history":[{"count":5,"href":"https:\/\/agora.xtec.cat\/ceipelpi-ribes\/wp-json\/wp\/v2\/pages\/2613\/revisions"}],"predecessor-version":[{"id":2678,"href":"https:\/\/agora.xtec.cat\/ceipelpi-ribes\/wp-json\/wp\/v2\/pages\/2613\/revisions\/2678"}],"up":[{"embeddable":true,"href":"https:\/\/agora.xtec.cat\/ceipelpi-ribes\/wp-json\/wp\/v2\/pages\/2476"}],"wp:attachment":[{"href":"https:\/\/agora.xtec.cat\/ceipelpi-ribes\/wp-json\/wp\/v2\/media?parent=2613"}],"curies":[{"name":"wp","href":"https:\/\/api.w.org\/{rel}","templated":true}]}}