{"id":1654,"date":"2019-12-03T13:19:57","date_gmt":"2019-12-03T12:19:57","guid":{"rendered":"https:\/\/agora.xtec.cat\/ceipelpi-ribes\/?page_id=1654"},"modified":"2024-01-23T15:57:25","modified_gmt":"2024-01-23T14:57:25","slug":"pla-demergencia","status":"publish","type":"page","link":"https:\/\/agora.xtec.cat\/ceipelpi-ribes\/lescola\/documents\/pla-demergencia\/","title":{"rendered":"Pla d&#8217;emerg\u00e8ncia"},"content":{"rendered":"<p>El en seg\u00fcent enlla\u00e7 podreu trobar el nostre pla d&#8217;emerg\u00e8ncia.<\/p>\n<p><a href=\"https:\/\/agora.xtec.cat\/ceipelpi-ribes\/wp-content\/uploads\/usu29\/2019\/12\/Pla-demerg\u00e8ncia-El-Pi.pdf\">Pla d&#8217;emerg\u00e8ncia El Pi<\/a><\/p>\n","protected":false},"excerpt":{"rendered":"<p>El en seg\u00fcent enlla\u00e7 podreu trobar el nostre pla d&#8217;emerg\u00e8ncia.<br \/>\n<a href=\"https:\/\/agora.xtec.cat\/ceipelpi-ribes\/wp-content\/uploads\/usu29\/2019\/12\/Pla-demerg\u00e8ncia-El-Pi.pdf\">Pla d&#8217;emerg\u00e8ncia El Pi<\/a><\/p>\n","protected":false},"author":1,"featured_media":0,"parent":2431,"menu_order":5,"comment_status":"closed","ping_status":"closed","template":"page-templates\/side-menu.php","meta":{"_bbp_topic_count":0,"_bbp_reply_count":0,"_bbp_total_topic_count":0,"_bbp_total_reply_count":0,"_bbp_voice_count":0,"_bbp_anonymous_reply_count":0,"_bbp_topic_count_hidden":0,"_bbp_reply_count_hidden":0,"_bbp_forum_subforum_count":0,"footnotes":""},"class_list":["post-1654","page","type-page","status-publish","hentry"],"post_mailing_queue_ids":[],"_links":{"self":[{"href":"https:\/\/agora.xtec.cat\/ceipelpi-ribes\/wp-json\/wp\/v2\/pages\/1654","targetHints":{"allow":["GET"]}}],"collection":[{"href":"https:\/\/agora.xtec.cat\/ceipelpi-ribes\/wp-json\/wp\/v2\/pages"}],"about":[{"href":"https:\/\/agora.xtec.cat\/ceipelpi-ribes\/wp-json\/wp\/v2\/types\/page"}],"author":[{"embeddable":true,"href":"https:\/\/agora.xtec.cat\/ceipelpi-ribes\/wp-json\/wp\/v2\/users\/1"}],"replies":[{"embeddable":true,"href":"https:\/\/agora.xtec.cat\/ceipelpi-ribes\/wp-json\/wp\/v2\/comments?post=1654"}],"version-history":[{"count":1,"href":"https:\/\/agora.xtec.cat\/ceipelpi-ribes\/wp-json\/wp\/v2\/pages\/1654\/revisions"}],"predecessor-version":[{"id":1656,"href":"https:\/\/agora.xtec.cat\/ceipelpi-ribes\/wp-json\/wp\/v2\/pages\/1654\/revisions\/1656"}],"up":[{"embeddable":true,"href":"https:\/\/agora.xtec.cat\/ceipelpi-ribes\/wp-json\/wp\/v2\/pages\/2431"}],"wp:attachment":[{"href":"https:\/\/agora.xtec.cat\/ceipelpi-ribes\/wp-json\/wp\/v2\/media?parent=1654"}],"curies":[{"name":"wp","href":"https:\/\/api.w.org\/{rel}","templated":true}]}}