{"id":1122,"date":"2017-10-19T11:45:44","date_gmt":"2017-10-19T09:45:44","guid":{"rendered":"http:\/\/agora.xtec.cat\/ceipelpi-ribes\/?page_id=1122"},"modified":"2024-11-11T13:00:34","modified_gmt":"2024-11-11T12:00:34","slug":"infantil","status":"publish","type":"page","link":"https:\/\/agora.xtec.cat\/ceipelpi-ribes\/lescola\/curriculum\/infantil\/","title":{"rendered":"Infantil"},"content":{"rendered":"<p>Aqu\u00ed teniu els enlla\u00e7os a diferents documents referents al Decret 21\/2023 de 7 de febrer, d\u2019ordenaci\u00f3 dels ensenyaments de l\u2019educaci\u00f3 infantil:<\/p>\n<ul>\n<li>Eixos de l&#8217;educaci\u00f3 infantil (compet\u00e8ncies, criteris d&#8217;avaluaci\u00f3 i sabers):<\/li>\n<li style=\"list-style-type: none;\">\n<ul>\n<li><span style=\"color: #000000;\"><a style=\"color: #000000;\" href=\"https:\/\/agora.xtec.cat\/ceipelpi-ribes\/wp-content\/uploads\/usu29\/2024\/11\/EIX1.Un-infant-que-creix-amb-autonomia-i-confianca.pdf\">EIX1.Un infant que creix amb autonomia i confian\u00e7a<\/a><\/span><\/li>\n<li><span style=\"color: #000000;\"><a style=\"color: #000000;\" href=\"https:\/\/agora.xtec.cat\/ceipelpi-ribes\/wp-content\/uploads\/usu29\/2024\/11\/EIX2.Un-infant-que-es-comunica-amb-diferents-llenguatges.pdf\">EIX2.Un infant que es comunica amb diferents llenguatges<\/a> <\/span><\/li>\n<li><span style=\"color: #000000;\"><a style=\"color: #000000;\" href=\"https:\/\/agora.xtec.cat\/ceipelpi-ribes\/wp-content\/uploads\/usu29\/2024\/11\/EIX3.Un-infant-que-descobreix-lentorn-amb-curiositat.pdf\">EIX3.Un infant que descobreix l&#8217;entorn amb curiositat<\/a> <\/span><\/li>\n<li><span style=\"color: #000000;\"><a style=\"color: #000000;\" href=\"https:\/\/agora.xtec.cat\/ceipelpi-ribes\/wp-content\/uploads\/usu29\/2024\/11\/EIX4.Un-infant-que-forma-part-de-la-diversitat-del-mon.pdf\">EIX4.Un infant que forma part de la diversitat del m\u00f3n<\/a><\/span><\/li>\n<\/ul>\n<\/li>\n<\/ul>\n","protected":false},"excerpt":{"rendered":"<p>Aqu\u00ed teniu els enlla\u00e7os a diferents documents referents al Decret 21\/2023 de 7 de febrer, d\u2019ordenaci\u00f3 dels ensenyaments de l\u2019educaci\u00f3 infantil:<\/p>\n<ul>\n<li>Eixos de l&#8217;educaci\u00f3 infantil (compet\u00e8ncies, criteris d&#8217;avaluaci\u00f3 i sabers):<\/li>\n<li style=\"list-style-type: none;\">\n<ul>\n<li><a style=\"color: #000000;\" href=\"https:\/\/agora.xtec.cat\/ceipelpi-ribes\/wp-content\/uploads\/usu29\/2024\/11\/EIX1.Un-infant-que-creix-amb-autonomia-i-confianca.pdf\">EIX1.Un infant que creix amb autonomia i confian\u00e7a<\/a><\/li>\n<li><a style=\"color: #000000;\" href=\"https:\/\/agora.xtec.cat\/ceipelpi-ribes\/wp-content\/uploads\/usu29\/2024\/11\/EIX2.Un-infant-que-es-comunica-amb-diferents-llenguatges.pdf\">EIX2.Un infant&hellip;  <a href=\"https:\/\/agora.xtec.cat\/ceipelpi-ribes\/lescola\/curriculum\/infantil\/\" title=\"Read Infantil\">Llegeix m\u00e9s\u00bb<\/a><br \/>\n","protected":false},"author":1,"featured_media":0,"parent":2476,"menu_order":1,"comment_status":"closed","ping_status":"closed","template":"page-templates\/side-menu.php","meta":{"_bbp_topic_count":0,"_bbp_reply_count":0,"_bbp_total_topic_count":0,"_bbp_total_reply_count":0,"_bbp_voice_count":0,"_bbp_anonymous_reply_count":0,"_bbp_topic_count_hidden":0,"_bbp_reply_count_hidden":0,"_bbp_forum_subforum_count":0,"footnotes":""},"class_list":["post-1122","page","type-page","status-publish","hentry"],"post_mailing_queue_ids":[],"_links":{"self":[{"href":"https:\/\/agora.xtec.cat\/ceipelpi-ribes\/wp-json\/wp\/v2\/pages\/1122","targetHints":{"allow":["GET"]}}],"collection":[{"href":"https:\/\/agora.xtec.cat\/ceipelpi-ribes\/wp-json\/wp\/v2\/pages"}],"about":[{"href":"https:\/\/agora.xtec.cat\/ceipelpi-ribes\/wp-json\/wp\/v2\/types\/page"}],"author":[{"embeddable":true,"href":"https:\/\/agora.xtec.cat\/ceipelpi-ribes\/wp-json\/wp\/v2\/users\/1"}],"replies":[{"embeddable":true,"href":"https:\/\/agora.xtec.cat\/ceipelpi-ribes\/wp-json\/wp\/v2\/comments?post=1122"}],"version-history":[{"count":6,"href":"https:\/\/agora.xtec.cat\/ceipelpi-ribes\/wp-json\/wp\/v2\/pages\/1122\/revisions"}],"predecessor-version":[{"id":2624,"href":"https:\/\/agora.xtec.cat\/ceipelpi-ribes\/wp-json\/wp\/v2\/pages\/1122\/revisions\/2624"}],"up":[{"embeddable":true,"href":"https:\/\/agora.xtec.cat\/ceipelpi-ribes\/wp-json\/wp\/v2\/pages\/2476"}],"wp:attachment":[{"href":"https:\/\/agora.xtec.cat\/ceipelpi-ribes\/wp-json\/wp\/v2\/media?parent=1122"}],"curies":[{"name":"wp","href":"https:\/\/api.w.org\/{rel}","templated":true}]}}