{"id":899,"date":"2021-06-17T10:28:28","date_gmt":"2021-06-17T08:28:28","guid":{"rendered":"https:\/\/agora.xtec.cat\/ceipelmorsell\/?page_id=899"},"modified":"2021-10-25T09:53:55","modified_gmt":"2021-10-25T07:53:55","slug":"instal-lacions-bo","status":"publish","type":"page","link":"https:\/\/agora.xtec.cat\/ceipelmorsell\/lescola\/instal-lacions-bo\/","title":{"rendered":"Instal.lacions"},"content":{"rendered":"<p>El Morsell disposa d&#8217;unes instal\u00b7lacions molt complertes. S\u00f3n espais amb molt\u00edssimes possibilitats per a poder realitzar diferents activitats d&#8217;aprenentatge: pati, pista poliesportiva, gimn\u00e0s, biblioteca, aula d&#8217;experimentaci\u00f3, aula de m\u00fasica, sala de mestres i hort.<\/p>\n<p><img loading=\"lazy\" decoding=\"async\" class=\"alignnone size-large wp-image-1166\" src=\"https:\/\/agora.xtec.cat\/ceipelmorsell\/wp-content\/uploads\/usu2152\/2021\/10\/IMG_20210921_134053-1024x590.jpg\" alt=\"\" width=\"1024\" height=\"590\" srcset=\"https:\/\/agora.xtec.cat\/ceipelmorsell\/wp-content\/uploads\/usu2152\/2021\/10\/IMG_20210921_134053-1024x590.jpg 1024w, https:\/\/agora.xtec.cat\/ceipelmorsell\/wp-content\/uploads\/usu2152\/2021\/10\/IMG_20210921_134053-300x173.jpg 300w, https:\/\/agora.xtec.cat\/ceipelmorsell\/wp-content\/uploads\/usu2152\/2021\/10\/IMG_20210921_134053-768x443.jpg 768w, https:\/\/agora.xtec.cat\/ceipelmorsell\/wp-content\/uploads\/usu2152\/2021\/10\/IMG_20210921_134053-1536x886.jpg 1536w, https:\/\/agora.xtec.cat\/ceipelmorsell\/wp-content\/uploads\/usu2152\/2021\/10\/IMG_20210921_134053-2048x1181.jpg 2048w\" sizes=\"auto, (max-width: 1024px) 100vw, 1024px\" \/><\/p>\n","protected":false},"excerpt":{"rendered":"<p>El Morsell disposa d&#8217;unes instal\u00b7lacions molt complertes. S\u00f3n espais amb molt\u00edssimes possibilitats per a poder realitzar diferents activitats d&#8217;aprenentatge: pati, pista poliesportiva, gimn\u00e0s, biblioteca, aula d&#8217;experimentaci\u00f3, aula de m\u00fasica, sala de mestres i hort.<\/p>\n","protected":false},"author":1,"featured_media":0,"parent":22,"menu_order":0,"comment_status":"closed","ping_status":"closed","template":"page-templates\/side-menu.php","meta":{"_bbp_topic_count":0,"_bbp_reply_count":0,"_bbp_total_topic_count":0,"_bbp_total_reply_count":0,"_bbp_voice_count":0,"_bbp_anonymous_reply_count":0,"_bbp_topic_count_hidden":0,"_bbp_reply_count_hidden":0,"_bbp_forum_subforum_count":0,"footnotes":""},"class_list":["post-899","page","type-page","status-publish","hentry"],"post_mailing_queue_ids":[],"_links":{"self":[{"href":"https:\/\/agora.xtec.cat\/ceipelmorsell\/wp-json\/wp\/v2\/pages\/899","targetHints":{"allow":["GET"]}}],"collection":[{"href":"https:\/\/agora.xtec.cat\/ceipelmorsell\/wp-json\/wp\/v2\/pages"}],"about":[{"href":"https:\/\/agora.xtec.cat\/ceipelmorsell\/wp-json\/wp\/v2\/types\/page"}],"author":[{"embeddable":true,"href":"https:\/\/agora.xtec.cat\/ceipelmorsell\/wp-json\/wp\/v2\/users\/1"}],"replies":[{"embeddable":true,"href":"https:\/\/agora.xtec.cat\/ceipelmorsell\/wp-json\/wp\/v2\/comments?post=899"}],"version-history":[{"count":3,"href":"https:\/\/agora.xtec.cat\/ceipelmorsell\/wp-json\/wp\/v2\/pages\/899\/revisions"}],"predecessor-version":[{"id":1168,"href":"https:\/\/agora.xtec.cat\/ceipelmorsell\/wp-json\/wp\/v2\/pages\/899\/revisions\/1168"}],"up":[{"embeddable":true,"href":"https:\/\/agora.xtec.cat\/ceipelmorsell\/wp-json\/wp\/v2\/pages\/22"}],"wp:attachment":[{"href":"https:\/\/agora.xtec.cat\/ceipelmorsell\/wp-json\/wp\/v2\/media?parent=899"}],"curies":[{"name":"wp","href":"https:\/\/api.w.org\/{rel}","templated":true}]}}