{"id":860,"date":"2021-06-17T09:58:19","date_gmt":"2021-06-17T07:58:19","guid":{"rendered":"https:\/\/agora.xtec.cat\/ceipelmorsell\/?page_id=860"},"modified":"2023-01-04T10:03:26","modified_gmt":"2023-01-04T09:03:26","slug":"acollida-bo","status":"publish","type":"page","link":"https:\/\/agora.xtec.cat\/ceipelmorsell\/afa-2\/acollida-bo\/","title":{"rendered":"Acollida"},"content":{"rendered":"<h3 class=\"ult-responsive info-list-heading\" data-ultimate-target=\"#Info-list-wrap-7379 h3\" data-responsive-json-new=\"{&quot;font-size&quot;:&quot;desktop:16px;&quot;,&quot;line-height&quot;:&quot;desktop:24px;&quot;}\">Servei d\u2019acollida matinal<\/h3>\n<div class=\"icon_description_text ult-responsive\" data-ultimate-target=\"#Info-list-wrap-7379 .icon_description_text\" data-responsive-json-new=\"{&quot;font-size&quot;:&quot;desktop:13px;&quot;,&quot;line-height&quot;:&quot;desktop:18px;&quot;}\">\n<p>El servei d\u2019acollida \u00e9s un espai on els infants gaudeixen de diverses activitats de lleure, al mateix temps que adquireixen uns h\u00e0bits de respecte, col\u00b7laboraci\u00f3, ordre \u2026 Compaginar les dues vessants de forma pedag\u00f2gica \u00e9s l\u2019eix del nostre treball. Com que el nostre treball educatiu est\u00e0 en relaci\u00f3 amb el centre, \u00e9s important mantenir una bona comunicaci\u00f3 amb els\/les docents a diari. A m\u00e9s en les comissions es vetlla pel compliment dels objectius i del bon funcionament del servei. Aquesta relaci\u00f3 queda refor\u00e7ada amb les reunions que es realitzen amb l\u2019Equip Directiu del centre.<\/p>\n<p><strong>L\u2019horari \u00e9s de 7:15 a 9:00 .<\/strong><\/p>\n<p>Les monitores acompanyen als alumnes a les aules.<\/p>\n<p>S\u2019ofereix la possibilitat de que els nens i nenes portin els seu esmorzar, ja sigui di\u00e0riament o deixant la llet, cereals \u2026 a la cuina del centre.<\/p>\n<\/div>\n","protected":false},"excerpt":{"rendered":"<p>Servei d\u2019acollida matinal<\/p>\n<p>El servei d\u2019acollida \u00e9s un espai on els infants gaudeixen de diverses activitats de lleure, al mateix temps que adquireixen uns h\u00e0bits de respecte, col\u00b7laboraci\u00f3, ordre \u2026 Compaginar les dues vessants de forma pedag\u00f2gica \u00e9s l\u2019eix del nostre treball. Com que el nostre&hellip;  <a href=\"https:\/\/agora.xtec.cat\/ceipelmorsell\/afa-2\/acollida-bo\/\" title=\"Read Acollida\">Llegeix m\u00e9s\u00bb<\/a><\/p>\n","protected":false},"author":1,"featured_media":0,"parent":862,"menu_order":0,"comment_status":"closed","ping_status":"closed","template":"page-templates\/side-menu.php","meta":{"_bbp_topic_count":0,"_bbp_reply_count":0,"_bbp_total_topic_count":0,"_bbp_total_reply_count":0,"_bbp_voice_count":0,"_bbp_anonymous_reply_count":0,"_bbp_topic_count_hidden":0,"_bbp_reply_count_hidden":0,"_bbp_forum_subforum_count":0,"footnotes":""},"class_list":["post-860","page","type-page","status-publish","hentry"],"post_mailing_queue_ids":[],"_links":{"self":[{"href":"https:\/\/agora.xtec.cat\/ceipelmorsell\/wp-json\/wp\/v2\/pages\/860","targetHints":{"allow":["GET"]}}],"collection":[{"href":"https:\/\/agora.xtec.cat\/ceipelmorsell\/wp-json\/wp\/v2\/pages"}],"about":[{"href":"https:\/\/agora.xtec.cat\/ceipelmorsell\/wp-json\/wp\/v2\/types\/page"}],"author":[{"embeddable":true,"href":"https:\/\/agora.xtec.cat\/ceipelmorsell\/wp-json\/wp\/v2\/users\/1"}],"replies":[{"embeddable":true,"href":"https:\/\/agora.xtec.cat\/ceipelmorsell\/wp-json\/wp\/v2\/comments?post=860"}],"version-history":[{"count":3,"href":"https:\/\/agora.xtec.cat\/ceipelmorsell\/wp-json\/wp\/v2\/pages\/860\/revisions"}],"predecessor-version":[{"id":1685,"href":"https:\/\/agora.xtec.cat\/ceipelmorsell\/wp-json\/wp\/v2\/pages\/860\/revisions\/1685"}],"up":[{"embeddable":true,"href":"https:\/\/agora.xtec.cat\/ceipelmorsell\/wp-json\/wp\/v2\/pages\/862"}],"wp:attachment":[{"href":"https:\/\/agora.xtec.cat\/ceipelmorsell\/wp-json\/wp\/v2\/media?parent=860"}],"curies":[{"name":"wp","href":"https:\/\/api.w.org\/{rel}","templated":true}]}}