{"id":64,"date":"2014-09-18T12:39:08","date_gmt":"2014-09-18T11:39:08","guid":{"rendered":"http:\/\/agora.xtec.cat\/ceipelmorsell\/?page_id=64"},"modified":"2023-01-04T12:33:15","modified_gmt":"2023-01-04T11:33:15","slug":"projecte-educatiu","status":"publish","type":"page","link":"https:\/\/agora.xtec.cat\/ceipelmorsell\/projecte-educatiu\/","title":{"rendered":"Projecte Metodol\u00f2gic"},"content":{"rendered":"<p><strong>Un enfocament basat en \u00a0l\u2019aprenentatge significatiu<\/strong><\/p>\n<p>Alumnes participatius, aut\u00f2noms, responsables i creatius<\/p>\n<p><img loading=\"lazy\" decoding=\"async\" class=\"size-full wp-image-631\" src=\"https:\/\/agora.xtec.cat\/ceipelmorsell\/wp-content\/uploads\/usu2152\/2021\/02\/DSC_01.jpg\" alt=\"\" width=\"633\" height=\"419\" srcset=\"https:\/\/agora.xtec.cat\/ceipelmorsell\/wp-content\/uploads\/usu2152\/2021\/02\/DSC_01.jpg 633w, https:\/\/agora.xtec.cat\/ceipelmorsell\/wp-content\/uploads\/usu2152\/2021\/02\/DSC_01-300x199.jpg 300w\" sizes=\"auto, (max-width: 633px) 100vw, 633px\" \/><\/p>\n<p>Considerant el tipus de societat en el qual vivim, de grans canvis i a gran velocitat, un m\u00f3n ple d\u2019informacions, d\u2019est\u00edmuls\u2026, ens hem de plantejar un nou sistema d\u2019ensenyament \u2013 aprenentatge, en el qual quedi a segon terme l\u2019aprenentatge passiu (simple repetici\u00f3 de continguts) i passi a un primer pla un aprenentatge actiu on l\u2019alumnat prengui el m\u00e0xim protagonisme.<\/p>\n<p>La l\u00ednia metodol\u00f2gica que utilitzem es recolza en la teoria del Constructivisme i l\u2019aprenentatge significatiu. Tot all\u00f2 que els nostres alumnes aprenguin ha d\u2019arrelar-se en una xarxa de coneixements previs que els permeti comprendre els nous aprenentatges i dotar-los de significat.<\/p>\n<p>Cal dotar als nostres alumnes de les eines habilitats necess\u00e0ries i els recursos adients perqu\u00e8 puguin afrontar les noves situacions. Per tant, el nostre repte \u00e9s el de formar persones competents, capaces d\u2019argumentar, de decidir i d\u2019extraure conclusions; aix\u00ed com: amb esperit cr\u00edtic positiu, constructiu i autocr\u00edtic.<\/p>\n<p>La funci\u00f3 dels mestres ser\u00e0 la d\u2019oferir t\u00e8cniques, estrat\u00e8gies, mecanismes i materials diversos per tal de guiar i orientar els aprenentatges dels alumnes. D\u2019altra banda i per a que el proc\u00e9s d\u2019ensenyament\/aprenentatge funcioni, haur\u00e0 d\u2019aconseguir que els alumnes siguin participatius, aut\u00f2noms, responsables i creatius.<\/p>\n<table style=\"height: 37px;\" width=\"282\">\n<tbody>\n<tr>\n<td style=\"border-style: groove; border-color: #45abe6; background-color: #5bf0c1; width: 276px; text-align: center;\"><strong>\u00a0 \u00a0 \u00a0 \u00a0 \u00a0\u00a0 <a href=\"https:\/\/agora.xtec.cat\/ceipelmorsell\/wp-content\/uploads\/usu2152\/2021\/02\/pec-1.pdf\">Projecte educatiu de centre<\/a> \u00a0<\/strong><\/td>\n<\/tr>\n<\/tbody>\n<\/table>\n<table style=\"width: 282px; height: 10px;\">\n<tbody>\n<tr style=\"height: 17px;\">\n<td style=\"width: 276px; height: 10px; border-style: groove; border-color: #45abe6; background-color: #5bf0c1; vertical-align: middle; text-align: center;\"><strong><a href=\"https:\/\/agora.xtec.cat\/ceipelmorsell\/wp-content\/uploads\/usu2152\/2021\/02\/nof.pdf\">Normes d&#8217;organitzaci\u00f3 i funcionament<\/a><\/strong><\/td>\n<\/tr>\n<\/tbody>\n<\/table>\n<table style=\"height: 27px; width: 284px;\" width=\"263\">\n<tbody>\n<tr style=\"height: 37px;\">\n<td style=\"width: 278px; height: 27px; border-color: #45abe6; background-color: #5bf0c1; border-style: groove; vertical-align: middle; text-align: center;\">\u00a0 \u00a0 \u00a0 <strong>\u00a0 <a href=\"https:\/\/agora.xtec.cat\/ceipelmorsell\/wp-content\/uploads\/usu2152\/2021\/02\/PROJECTE_convivencia.pdf\">Projecte de conviv\u00e8ncia<\/a>\u00a0\u00a0<\/strong><\/td>\n<\/tr>\n<\/tbody>\n<\/table>\n<p style=\"text-align: center;\">\n","protected":false},"excerpt":{"rendered":"<p>Un enfocament basat en \u00a0l\u2019aprenentatge significatiu<br \/>\nAlumnes participatius, aut\u00f2noms, responsables i creatius<\/p>\n<p>Considerant el tipus de societat en el qual vivim, de grans canvis i a gran velocitat, un m\u00f3n ple d\u2019informacions, d\u2019est\u00edmuls\u2026, ens hem de plantejar un nou sistema d\u2019ensenyament \u2013 aprenentatge, en el qual quedi&hellip;  <a href=\"https:\/\/agora.xtec.cat\/ceipelmorsell\/projecte-educatiu\/\" title=\"Read Projecte Metodol\u00f2gic\">Llegeix m\u00e9s\u00bb<\/a><\/p>\n","protected":false},"author":1,"featured_media":0,"parent":0,"menu_order":20,"comment_status":"closed","ping_status":"closed","template":"page-templates\/side-menu.php","meta":{"_bbp_topic_count":0,"_bbp_reply_count":0,"_bbp_total_topic_count":0,"_bbp_total_reply_count":0,"_bbp_voice_count":0,"_bbp_anonymous_reply_count":0,"_bbp_topic_count_hidden":0,"_bbp_reply_count_hidden":0,"_bbp_forum_subforum_count":0,"footnotes":""},"class_list":["post-64","page","type-page","status-publish","hentry"],"post_mailing_queue_ids":[],"_links":{"self":[{"href":"https:\/\/agora.xtec.cat\/ceipelmorsell\/wp-json\/wp\/v2\/pages\/64","targetHints":{"allow":["GET"]}}],"collection":[{"href":"https:\/\/agora.xtec.cat\/ceipelmorsell\/wp-json\/wp\/v2\/pages"}],"about":[{"href":"https:\/\/agora.xtec.cat\/ceipelmorsell\/wp-json\/wp\/v2\/types\/page"}],"author":[{"embeddable":true,"href":"https:\/\/agora.xtec.cat\/ceipelmorsell\/wp-json\/wp\/v2\/users\/1"}],"replies":[{"embeddable":true,"href":"https:\/\/agora.xtec.cat\/ceipelmorsell\/wp-json\/wp\/v2\/comments?post=64"}],"version-history":[{"count":3,"href":"https:\/\/agora.xtec.cat\/ceipelmorsell\/wp-json\/wp\/v2\/pages\/64\/revisions"}],"predecessor-version":[{"id":1689,"href":"https:\/\/agora.xtec.cat\/ceipelmorsell\/wp-json\/wp\/v2\/pages\/64\/revisions\/1689"}],"wp:attachment":[{"href":"https:\/\/agora.xtec.cat\/ceipelmorsell\/wp-json\/wp\/v2\/media?parent=64"}],"curies":[{"name":"wp","href":"https:\/\/api.w.org\/{rel}","templated":true}]}}