{"id":1960,"date":"2024-01-31T10:08:03","date_gmt":"2024-01-31T09:08:03","guid":{"rendered":"https:\/\/agora.xtec.cat\/ceipelmorsell\/?page_id=1960"},"modified":"2024-11-06T12:38:19","modified_gmt":"2024-11-06T11:38:19","slug":"ulae","status":"publish","type":"page","link":"https:\/\/agora.xtec.cat\/ceipelmorsell\/projectes-de-centre\/ulae\/","title":{"rendered":"ULAE"},"content":{"rendered":"<p>\u00c9s un pla de promoci\u00f3 de l\u2019\u00fas de la llengua catalana als centres educatius impulsat pel Departament d&#8217;Educaci\u00f3.<\/p>\n<p>El nostre centre participa en aquest pla mitjan\u00e7ant la formaci\u00f3 d&#8217;un equip impulsor que treballa amb altres centres del Pened\u00e8s-Garraf creant xarxa i compartint experi\u00e8ncies.<\/p>\n<p>En el seg\u00fcent <a href=\"https:\/\/sites.google.com\/xtec.cat\/xarxaulaepenedes\/inici?pli=1\">enlla\u00e7<\/a> hi ha m\u00e9s informaci\u00f3.<\/p>\n<p><strong>Xarxa de compet\u00e8ncia lectora:<\/strong><br \/>\nDins del Pla per a la millora de la compet\u00e8ncia lectora s\u2019ha creat la <a href=\"https:\/\/sites.google.com\/xtec.cat\/xarxacompetencialectora\">Xarxa de compet\u00e8ncia lectora Pened\u00e8s (XCL)<\/a>.<\/p>\n<p>La XCL vol promoure l\u2019aprenentatge entre iguals, mitjan\u00e7ant la reflexi\u00f3, l\u2019intercanvi de coneixements i de bones pr\u00e0ctiques. Pret\u00e9n tamb\u00e9, fer emergir bones pr\u00e0ctiques de lectura aix\u00ed com oferir i compartir materials, eines, estrat\u00e8gies i activitats per millorar la comprensi\u00f3 lectora d\u2019infants i joves.<\/p>\n<p>Els principals objectius de la xarxa s\u00f3n:<br \/>\n\uf0a7 Crear una xarxa territorial de treball aut\u00f2nom que afavoreixi l\u2019aprenentatge entre iguals, mitjan\u00e7ant la reflexi\u00f3, l\u2019intercanvi de coneixements i de bones pr\u00e0ctiques.<br \/>\n\uf0a7 Fer emergir bones pr\u00e0ctiques de lectura amb la finalitat de divulgar-les no nom\u00e9s als centres de la xarxa, sin\u00f3 a la comunitat educativa.<br \/>\n\uf0a7 Oferir i compartir materials, eines, estrat\u00e8gies, activitats per millorar la comprensi\u00f3 lectora.<\/p>\n","protected":false},"excerpt":{"rendered":"<p>\u00c9s un pla de promoci\u00f3 de l\u2019\u00fas de la llengua catalana als centres educatius impulsat pel Departament d&#8217;Educaci\u00f3.<br \/>\nEl nostre centre participa en aquest pla mitjan\u00e7ant la formaci\u00f3 d&#8217;un equip impulsor que treballa amb altres centres del Pened\u00e8s-Garraf creant xarxa i compartint experi\u00e8ncies.<br \/>\nEn el seg\u00fcent <a&hellip;  <a href=\"https:\/\/agora.xtec.cat\/ceipelmorsell\/projectes-de-centre\/ulae\/\" title=\"Read ULAE\">Llegeix m\u00e9s\u00bb<\/a><\/p>\n","protected":false},"author":1,"featured_media":0,"parent":1343,"menu_order":5,"comment_status":"closed","ping_status":"closed","template":"","meta":{"_bbp_topic_count":0,"_bbp_reply_count":0,"_bbp_total_topic_count":0,"_bbp_total_reply_count":0,"_bbp_voice_count":0,"_bbp_anonymous_reply_count":0,"_bbp_topic_count_hidden":0,"_bbp_reply_count_hidden":0,"_bbp_forum_subforum_count":0,"footnotes":""},"class_list":["post-1960","page","type-page","status-publish","hentry"],"post_mailing_queue_ids":[],"_links":{"self":[{"href":"https:\/\/agora.xtec.cat\/ceipelmorsell\/wp-json\/wp\/v2\/pages\/1960","targetHints":{"allow":["GET"]}}],"collection":[{"href":"https:\/\/agora.xtec.cat\/ceipelmorsell\/wp-json\/wp\/v2\/pages"}],"about":[{"href":"https:\/\/agora.xtec.cat\/ceipelmorsell\/wp-json\/wp\/v2\/types\/page"}],"author":[{"embeddable":true,"href":"https:\/\/agora.xtec.cat\/ceipelmorsell\/wp-json\/wp\/v2\/users\/1"}],"replies":[{"embeddable":true,"href":"https:\/\/agora.xtec.cat\/ceipelmorsell\/wp-json\/wp\/v2\/comments?post=1960"}],"version-history":[{"count":4,"href":"https:\/\/agora.xtec.cat\/ceipelmorsell\/wp-json\/wp\/v2\/pages\/1960\/revisions"}],"predecessor-version":[{"id":2131,"href":"https:\/\/agora.xtec.cat\/ceipelmorsell\/wp-json\/wp\/v2\/pages\/1960\/revisions\/2131"}],"up":[{"embeddable":true,"href":"https:\/\/agora.xtec.cat\/ceipelmorsell\/wp-json\/wp\/v2\/pages\/1343"}],"wp:attachment":[{"href":"https:\/\/agora.xtec.cat\/ceipelmorsell\/wp-json\/wp\/v2\/media?parent=1960"}],"curies":[{"name":"wp","href":"https:\/\/api.w.org\/{rel}","templated":true}]}}