{"id":1719,"date":"2023-01-05T17:26:31","date_gmt":"2023-01-05T16:26:31","guid":{"rendered":"https:\/\/agora.xtec.cat\/ceipelmorsell\/?page_id=1719"},"modified":"2023-01-06T19:56:42","modified_gmt":"2023-01-06T18:56:42","slug":"projecte-upc","status":"publish","type":"page","link":"https:\/\/agora.xtec.cat\/ceipelmorsell\/projectes-de-centre\/projecte-upc\/","title":{"rendered":"Fem-ho!"},"content":{"rendered":"<p>&nbsp;<\/p>\n<p>\u00c9s un projecte que es desenvolupa en col\u00b7laboraci\u00f3 amb el grup de recerca &#8220;TOC&#8221; (tecnologia orientada a la comunitat) de la Universitat Polit\u00e8cnica de Catalunya.<\/p>\n<p>Es crea un equip de treball format per docents de l&#8217;IE el Morsell, l&#8217;EAP i professors\/es i estudiants de la UPC.<\/p>\n<p>L&#8217;objectiu \u00e9s crear i construir un hort hidrop\u00f2nic amb l&#8217;alumnat oferint-los una experi\u00e8ncia d&#8217;\u00e8xit com a <em>makers.<\/em><\/p>\n<p>&nbsp;<\/p>\n","protected":false},"excerpt":{"rendered":"<p>&nbsp;<br \/>\n\u00c9s un projecte que es desenvolupa en col\u00b7laboraci\u00f3 amb el grup de recerca &#8220;TOC&#8221; (tecnologia orientada a la comunitat) de la Universitat Polit\u00e8cnica de Catalunya.<br \/>\nEs crea un equip de treball format per docents de l&#8217;IE el Morsell, l&#8217;EAP i professors\/es i estudiants de la UPC.<br \/>\nL&#8217;objectiu&hellip;  <a href=\"https:\/\/agora.xtec.cat\/ceipelmorsell\/projectes-de-centre\/projecte-upc\/\" title=\"Read Fem-ho!\">Llegeix m\u00e9s\u00bb<\/a><\/p>\n","protected":false},"author":1,"featured_media":0,"parent":1343,"menu_order":4,"comment_status":"closed","ping_status":"closed","template":"page-templates\/side-menu.php","meta":{"_bbp_topic_count":0,"_bbp_reply_count":0,"_bbp_total_topic_count":0,"_bbp_total_reply_count":0,"_bbp_voice_count":0,"_bbp_anonymous_reply_count":0,"_bbp_topic_count_hidden":0,"_bbp_reply_count_hidden":0,"_bbp_forum_subforum_count":0,"footnotes":""},"class_list":["post-1719","page","type-page","status-publish","hentry"],"post_mailing_queue_ids":[],"_links":{"self":[{"href":"https:\/\/agora.xtec.cat\/ceipelmorsell\/wp-json\/wp\/v2\/pages\/1719","targetHints":{"allow":["GET"]}}],"collection":[{"href":"https:\/\/agora.xtec.cat\/ceipelmorsell\/wp-json\/wp\/v2\/pages"}],"about":[{"href":"https:\/\/agora.xtec.cat\/ceipelmorsell\/wp-json\/wp\/v2\/types\/page"}],"author":[{"embeddable":true,"href":"https:\/\/agora.xtec.cat\/ceipelmorsell\/wp-json\/wp\/v2\/users\/1"}],"replies":[{"embeddable":true,"href":"https:\/\/agora.xtec.cat\/ceipelmorsell\/wp-json\/wp\/v2\/comments?post=1719"}],"version-history":[{"count":3,"href":"https:\/\/agora.xtec.cat\/ceipelmorsell\/wp-json\/wp\/v2\/pages\/1719\/revisions"}],"predecessor-version":[{"id":1730,"href":"https:\/\/agora.xtec.cat\/ceipelmorsell\/wp-json\/wp\/v2\/pages\/1719\/revisions\/1730"}],"up":[{"embeddable":true,"href":"https:\/\/agora.xtec.cat\/ceipelmorsell\/wp-json\/wp\/v2\/pages\/1343"}],"wp:attachment":[{"href":"https:\/\/agora.xtec.cat\/ceipelmorsell\/wp-json\/wp\/v2\/media?parent=1719"}],"curies":[{"name":"wp","href":"https:\/\/api.w.org\/{rel}","templated":true}]}}