{"id":1717,"date":"2023-01-05T17:26:03","date_gmt":"2023-01-05T16:26:03","guid":{"rendered":"https:\/\/agora.xtec.cat\/ceipelmorsell\/?page_id=1717"},"modified":"2023-01-06T19:55:55","modified_gmt":"2023-01-06T18:55:55","slug":"projecte-faig","status":"publish","type":"page","link":"https:\/\/agora.xtec.cat\/ceipelmorsell\/projectes-de-centre\/projecte-faig\/","title":{"rendered":"Programa Faig"},"content":{"rendered":"<p><strong>FAIG, fent per aprendre,\u00a0 imaginant globalment<\/strong><\/p>\n<p>El programa FAIG (creat pel CESIRE),\u00e9s\u00a0 una oportunitat per crear entorns d\u2019aprenentatge amb sentit, on posar l\u2019alumnat al centre, sentint la seva veu per a crear un m\u00f3n millor on viure i conviure.<\/p>\n<p>Durant el curs 2022-2023, trenta-cinc centre de tot Catalunya formen una primera xarxa de centres pilot del programa FAIG, que el el curs 2023-2024 s\u2019ampliar\u00e0 a 150 centres. L&#8217;Institut Escola el Morsell \u00e9s un dels centres pilot que durant el curs 2022-2023 est\u00e0 rebent formaci\u00f3 per part de les t\u00e8cniques del CESIRE (Centre de Recursos Pedag\u00f2gics Espec\u00edfics de Suport a la Innovaci\u00f3 i la Recerca Educativa)<\/p>\n<p>A banda de la formaci\u00f3, aquest programa tamb\u00e9 va acompanyat de recursos i maquin\u00e0ria tecnol\u00f2gica que permetran enriquir el treball per projectes i les propostes educatives que s&#8217;ofereixen als infants i joves del Morsell.<\/p>\n<p>FAIG pret\u00e9n posar la tecnologia al servei de l\u2019educaci\u00f3 posant el focus en les persones i les col\u00b7laboracions amb la comunitat.<\/p>\n<p><a href=\"https:\/\/serveiseducatius.xtec.cat\/cesire\/faig-fent-per-aprendre-imaginant-globalment\/\">Programa FAIG<\/a><\/p>\n<p><img loading=\"lazy\" decoding=\"async\" class=\"size-full wp-image-1726 aligncenter\" src=\"https:\/\/agora.xtec.cat\/ceipelmorsell\/wp-content\/uploads\/usu2152\/2023\/01\/faig.jpg\" alt=\"\" width=\"268\" height=\"254\" \/><\/p>\n","protected":false},"excerpt":{"rendered":"<p>FAIG, fent per aprendre,\u00a0 imaginant globalment<br \/>\nEl programa FAIG (creat pel CESIRE),\u00e9s\u00a0 una oportunitat per crear entorns d\u2019aprenentatge amb sentit, on posar l\u2019alumnat al centre, sentint la seva veu per a crear un m\u00f3n millor on viure i conviure.<br \/>\nDurant el curs 2022-2023, trenta-cinc centre de tot&hellip;  <a href=\"https:\/\/agora.xtec.cat\/ceipelmorsell\/projectes-de-centre\/projecte-faig\/\" title=\"Read Programa Faig\">Llegeix m\u00e9s\u00bb<\/a><\/p>\n","protected":false},"author":1,"featured_media":0,"parent":1343,"menu_order":3,"comment_status":"closed","ping_status":"closed","template":"page-templates\/side-menu.php","meta":{"_bbp_topic_count":0,"_bbp_reply_count":0,"_bbp_total_topic_count":0,"_bbp_total_reply_count":0,"_bbp_voice_count":0,"_bbp_anonymous_reply_count":0,"_bbp_topic_count_hidden":0,"_bbp_reply_count_hidden":0,"_bbp_forum_subforum_count":0,"footnotes":""},"class_list":["post-1717","page","type-page","status-publish","hentry"],"post_mailing_queue_ids":[],"_links":{"self":[{"href":"https:\/\/agora.xtec.cat\/ceipelmorsell\/wp-json\/wp\/v2\/pages\/1717","targetHints":{"allow":["GET"]}}],"collection":[{"href":"https:\/\/agora.xtec.cat\/ceipelmorsell\/wp-json\/wp\/v2\/pages"}],"about":[{"href":"https:\/\/agora.xtec.cat\/ceipelmorsell\/wp-json\/wp\/v2\/types\/page"}],"author":[{"embeddable":true,"href":"https:\/\/agora.xtec.cat\/ceipelmorsell\/wp-json\/wp\/v2\/users\/1"}],"replies":[{"embeddable":true,"href":"https:\/\/agora.xtec.cat\/ceipelmorsell\/wp-json\/wp\/v2\/comments?post=1717"}],"version-history":[{"count":4,"href":"https:\/\/agora.xtec.cat\/ceipelmorsell\/wp-json\/wp\/v2\/pages\/1717\/revisions"}],"predecessor-version":[{"id":1728,"href":"https:\/\/agora.xtec.cat\/ceipelmorsell\/wp-json\/wp\/v2\/pages\/1717\/revisions\/1728"}],"up":[{"embeddable":true,"href":"https:\/\/agora.xtec.cat\/ceipelmorsell\/wp-json\/wp\/v2\/pages\/1343"}],"wp:attachment":[{"href":"https:\/\/agora.xtec.cat\/ceipelmorsell\/wp-json\/wp\/v2\/media?parent=1717"}],"curies":[{"name":"wp","href":"https:\/\/api.w.org\/{rel}","templated":true}]}}