{"id":1308,"date":"2021-11-22T11:54:55","date_gmt":"2021-11-22T10:54:55","guid":{"rendered":"https:\/\/agora.xtec.cat\/ceipelmorsell\/?page_id=1308"},"modified":"2021-11-22T11:54:55","modified_gmt":"2021-11-22T10:54:55","slug":"formacions-i-propostes","status":"publish","type":"page","link":"https:\/\/agora.xtec.cat\/ceipelmorsell\/serveis\/projecte-menjador\/formacions-i-propostes\/","title":{"rendered":"Formacions i Propostes"},"content":{"rendered":"<p><span style=\"color: #33cccc;\"><b>FORMACIONS:<\/b><\/span><\/p>\n<p><span style=\"font-weight: 400;\">Per iniciar el curs la coordinadora est\u00e0 fent un curs de lideratge d\u2019equips de 12 hores. M\u00e9s endavant, i veient les necessitats de les educadores\/or, es faran diferents formacions al llarg del curs que anirem informant.<\/span><\/p>\n<p><span style=\"color: #33cccc;\"><b>RECEPTES:<\/b><\/span><\/p>\n<p><b>TASTET DE XIPS DE PL\u00c0TAN<\/b><\/p>\n<p><b>PREPARACI\u00d3: 30 MINUTS<\/b><\/p>\n<p><span style=\"font-weight: 400;\">Pl\u00e0tans mascle, oli de girasol i sal gruixuda.<\/span><span style=\"font-weight: 400;\"><br \/>\n<\/span><span style=\"font-weight: 400;\">1. Pelar els pl\u00e0tans i tallar-los a rodanxes amb la mandolina<\/span><\/p>\n<ol start=\"2\">\n<li><span style=\"font-weight: 400;\"> Fregir els pl\u00e0tans en l&#8217;oli de girasol<\/span><\/li>\n<li><span style=\"font-weight: 400;\"> Col\u00b7locar les rodanxes de pl\u00e0tan fregides en paper absorbent<\/span><\/li>\n<li><span style=\"font-weight: 400;\"> Servir amb una mica de sal gruixuda per sobre<\/span><\/li>\n<\/ol>\n<p><span style=\"color: #33cccc;\"><b>PROJECTES TRANSVERSALS:<\/b><\/span><\/p>\n<p><span style=\"color: #33cccc;\"><b>Projecte HORTS i COMPOSTATGE<\/b><\/span><\/p>\n<p><span style=\"font-weight: 400;\">Durant aquest trimestre ens coordinem amb la comissi\u00f3 d\u2019horts i compostatge per formar part del projecte aportant les peles de les fruites, verdures i restes de pa. D\u2019aquesta manera s\u00f3n els propis nens i nenes els que separen la brossa i ho porten al compostatge. Comencem a engegar tamb\u00e9 el projecte de l\u2019hort per a que aquesta sigui tamb\u00e9 una activitat a realitzar durant l\u2019espai del migdia.<\/span><\/p>\n<p><span style=\"color: #33cccc;\"><b>DISSABTE 20 DE NOVEMBRE: DIA UNIVERSAL DELS DRETS DELS INFANTS<\/b><\/span><\/p>\n<p><span style=\"font-weight: 400;\">El dilluns 22 de novembre fem menci\u00f3 a l\u2019espai del migdia del dia universal dels drets dels Infants. Amb els m\u00e9s grans llegim els drets m\u00e9s importants i es fa una reflexi\u00f3 conjunta sobre el seu significat.<\/span><\/p>\n<p><img loading=\"lazy\" decoding=\"async\" class=\"size-full wp-image-1310 aligncenter\" src=\"https:\/\/agora.xtec.cat\/ceipelmorsell\/wp-content\/uploads\/usu2152\/2021\/11\/426a6320ba41c17c2d99e0cf7832294c-lego-printable-playmobil.jpg\" alt=\"\" width=\"736\" height=\"520\" srcset=\"https:\/\/agora.xtec.cat\/ceipelmorsell\/wp-content\/uploads\/usu2152\/2021\/11\/426a6320ba41c17c2d99e0cf7832294c-lego-printable-playmobil.jpg 736w, https:\/\/agora.xtec.cat\/ceipelmorsell\/wp-content\/uploads\/usu2152\/2021\/11\/426a6320ba41c17c2d99e0cf7832294c-lego-printable-playmobil-300x212.jpg 300w\" sizes=\"auto, (max-width: 736px) 100vw, 736px\" \/><\/p>\n","protected":false},"excerpt":{"rendered":"<p>FORMACIONS:<br \/>\nPer iniciar el curs la coordinadora est\u00e0 fent un curs de lideratge d\u2019equips de 12 hores. M\u00e9s endavant, i veient les necessitats de les educadores\/or, es faran diferents formacions al llarg del curs que anirem informant.<br \/>\nRECEPTES:<br \/>\nTASTET DE XIPS DE PL\u00c0TAN<br \/>\nPREPARACI\u00d3: 30 MINUTS<br \/>\nPl\u00e0tans mascle, oli de&hellip;  <a href=\"https:\/\/agora.xtec.cat\/ceipelmorsell\/serveis\/projecte-menjador\/formacions-i-propostes\/\" title=\"Read Formacions i Propostes\">Llegeix m\u00e9s\u00bb<\/a><\/p>\n","protected":false},"author":1,"featured_media":0,"parent":478,"menu_order":0,"comment_status":"closed","ping_status":"closed","template":"page-templates\/side-menu.php","meta":{"_bbp_topic_count":0,"_bbp_reply_count":0,"_bbp_total_topic_count":0,"_bbp_total_reply_count":0,"_bbp_voice_count":0,"_bbp_anonymous_reply_count":0,"_bbp_topic_count_hidden":0,"_bbp_reply_count_hidden":0,"_bbp_forum_subforum_count":0,"footnotes":""},"class_list":["post-1308","page","type-page","status-publish","hentry"],"post_mailing_queue_ids":[],"_links":{"self":[{"href":"https:\/\/agora.xtec.cat\/ceipelmorsell\/wp-json\/wp\/v2\/pages\/1308","targetHints":{"allow":["GET"]}}],"collection":[{"href":"https:\/\/agora.xtec.cat\/ceipelmorsell\/wp-json\/wp\/v2\/pages"}],"about":[{"href":"https:\/\/agora.xtec.cat\/ceipelmorsell\/wp-json\/wp\/v2\/types\/page"}],"author":[{"embeddable":true,"href":"https:\/\/agora.xtec.cat\/ceipelmorsell\/wp-json\/wp\/v2\/users\/1"}],"replies":[{"embeddable":true,"href":"https:\/\/agora.xtec.cat\/ceipelmorsell\/wp-json\/wp\/v2\/comments?post=1308"}],"version-history":[{"count":1,"href":"https:\/\/agora.xtec.cat\/ceipelmorsell\/wp-json\/wp\/v2\/pages\/1308\/revisions"}],"predecessor-version":[{"id":1311,"href":"https:\/\/agora.xtec.cat\/ceipelmorsell\/wp-json\/wp\/v2\/pages\/1308\/revisions\/1311"}],"up":[{"embeddable":true,"href":"https:\/\/agora.xtec.cat\/ceipelmorsell\/wp-json\/wp\/v2\/pages\/478"}],"wp:attachment":[{"href":"https:\/\/agora.xtec.cat\/ceipelmorsell\/wp-json\/wp\/v2\/media?parent=1308"}],"curies":[{"name":"wp","href":"https:\/\/api.w.org\/{rel}","templated":true}]}}