{"id":1260,"date":"2021-11-11T13:32:38","date_gmt":"2021-11-11T12:32:38","guid":{"rendered":"https:\/\/agora.xtec.cat\/ceipelmorsell\/?page_id=1260"},"modified":"2024-01-30T10:05:53","modified_gmt":"2024-01-30T09:05:53","slug":"formacions-de-centre","status":"publish","type":"page","link":"https:\/\/agora.xtec.cat\/ceipelmorsell\/projectes-de-centre\/formacions-de-centre\/","title":{"rendered":"Formacions de centre"},"content":{"rendered":"<p><strong>FORMACIONS DE CENTRE:<\/strong><\/p>\n<ul>\n<li>Els projectes al nostre centre (2016)<\/li>\n<li><span style=\"font-weight: 400;\">Potenciar el pensament matem\u00e0tic a l\u2019escola (2016)<\/span><\/li>\n<li><span style=\"font-weight: 400;\">L\u2019avaluaci\u00f3 competencial a l\u2019aula (2018)<\/span><\/li>\n<li><span style=\"font-weight: 400;\">Una escola diversa, una escola inclusiva (2019)<\/span><\/li>\n<li><span style=\"font-weight: 400;\">Mesures covid-19 en centres educatius (2020)<\/span><\/li>\n<li><span style=\"font-weight: 400;\">Formaci\u00f3 mentoritzada a centres per la Transformaci\u00f3 Digital (2021)<\/span><\/li>\n<li>Curs d&#8217;Estrat\u00e8gia digital de centre (2022)<\/li>\n<li><span style=\"font-weight: 400;\">L\u2019acompanyament emocional (2021)<\/span><\/li>\n<li>L&#8217;acompanyament emocional a trav\u00e9s de l&#8217;art (2022)<\/li>\n<li>Tallers sobre mesures i suports universals (2023-24)<\/li>\n<li>Formaci\u00f3 sobre el bullying (2024)<\/li>\n<\/ul>\n<p><strong>FORMACIONS AMB EQUIPS IMPULSORS:<\/strong><\/p>\n<p><img loading=\"lazy\" decoding=\"async\" class=\"wp-image-1268 alignright\" src=\"https:\/\/agora.xtec.cat\/ceipelmorsell\/wp-content\/uploads\/usu2152\/2021\/11\/elearning.png\" alt=\"\" width=\"146\" height=\"146\" srcset=\"https:\/\/agora.xtec.cat\/ceipelmorsell\/wp-content\/uploads\/usu2152\/2021\/11\/elearning.png 512w, https:\/\/agora.xtec.cat\/ceipelmorsell\/wp-content\/uploads\/usu2152\/2021\/11\/elearning-300x300.png 300w, https:\/\/agora.xtec.cat\/ceipelmorsell\/wp-content\/uploads\/usu2152\/2021\/11\/elearning-150x150.png 150w\" sizes=\"auto, (max-width: 146px) 100vw, 146px\" \/><\/p>\n<ul>\n<li><span style=\"font-weight: 400;\">Seminari de seguiment d\u2019Escoles Verdes (anual)<\/span><\/li>\n<li><span style=\"font-weight: 400;\">Seminari de referents CLIC (anual)<\/span><\/li>\n<li><span style=\"font-weight: 400;\">Xarxa d\u2019Escoles P\u00fabliques Inquietes del Garraf (XEPIG)<\/span><\/li>\n<li><span style=\"font-weight: 400;\">Xarxa d\u2019Escola Nova 21 (2017-2019)<\/span><\/li>\n<li><span style=\"font-weight: 400;\">Formaci\u00f3 per a nous instituts escoles (2020)<\/span><\/li>\n<li><span style=\"font-weight: 400;\">Laboratori de matem\u00e0tiques (2021)<\/span><\/li>\n<li>Prevenci\u00f3 i intervenci\u00f3 davant la viol\u00e8ncia masclista entre l&#8217;alumnat (2022)<\/li>\n<li>Oportunitats del nou curr\u00edculum (2022)<\/li>\n<li>Subxarxa de l&#8217;EDC (2022)<\/li>\n<li>Projecte FAIG (2022-2024)<\/li>\n<li>Xarxa ULAE Pened\u00e8s-Garraf (2024)<\/li>\n<\/ul>\n","protected":false},"excerpt":{"rendered":"<p>FORMACIONS DE CENTRE:<\/p>\n<ul>\n<li>Els projectes al nostre centre (2016)<\/li>\n<li>Potenciar el pensament matem\u00e0tic a l\u2019escola (2016)<\/li>\n<li>L\u2019avaluaci\u00f3 competencial a l\u2019aula (2018)<\/li>\n<li>Una escola diversa, una escola inclusiva (2019)<\/li>\n<li>Mesures covid-19 en centres educatius (2020)<\/li>\n<li>Formaci\u00f3 mentoritzada a centres per la Transformaci\u00f3 Digital (2021)<\/li>\n<li>Curs d&#8217;Estrat\u00e8gia digital de centre (2022)<\/li>\n<li>L\u2019acompanyament emocional (2021)<\/li>\n<li>L&#8217;acompanyament emocional&hellip;  <a href=\"https:\/\/agora.xtec.cat\/ceipelmorsell\/projectes-de-centre\/formacions-de-centre\/\" title=\"Read Formacions de centre\">Llegeix m\u00e9s\u00bb<\/a><br \/>\n","protected":false},"author":1,"featured_media":0,"parent":1343,"menu_order":5,"comment_status":"closed","ping_status":"closed","template":"page-templates\/side-menu.php","meta":{"_bbp_topic_count":0,"_bbp_reply_count":0,"_bbp_total_topic_count":0,"_bbp_total_reply_count":0,"_bbp_voice_count":0,"_bbp_anonymous_reply_count":0,"_bbp_topic_count_hidden":0,"_bbp_reply_count_hidden":0,"_bbp_forum_subforum_count":0,"footnotes":""},"class_list":["post-1260","page","type-page","status-publish","hentry"],"post_mailing_queue_ids":[],"_links":{"self":[{"href":"https:\/\/agora.xtec.cat\/ceipelmorsell\/wp-json\/wp\/v2\/pages\/1260","targetHints":{"allow":["GET"]}}],"collection":[{"href":"https:\/\/agora.xtec.cat\/ceipelmorsell\/wp-json\/wp\/v2\/pages"}],"about":[{"href":"https:\/\/agora.xtec.cat\/ceipelmorsell\/wp-json\/wp\/v2\/types\/page"}],"author":[{"embeddable":true,"href":"https:\/\/agora.xtec.cat\/ceipelmorsell\/wp-json\/wp\/v2\/users\/1"}],"replies":[{"embeddable":true,"href":"https:\/\/agora.xtec.cat\/ceipelmorsell\/wp-json\/wp\/v2\/comments?post=1260"}],"version-history":[{"count":4,"href":"https:\/\/agora.xtec.cat\/ceipelmorsell\/wp-json\/wp\/v2\/pages\/1260\/revisions"}],"predecessor-version":[{"id":1950,"href":"https:\/\/agora.xtec.cat\/ceipelmorsell\/wp-json\/wp\/v2\/pages\/1260\/revisions\/1950"}],"up":[{"embeddable":true,"href":"https:\/\/agora.xtec.cat\/ceipelmorsell\/wp-json\/wp\/v2\/pages\/1343"}],"wp:attachment":[{"href":"https:\/\/agora.xtec.cat\/ceipelmorsell\/wp-json\/wp\/v2\/media?parent=1260"}],"curies":[{"name":"wp","href":"https:\/\/api.w.org\/{rel}","templated":true}]}}