{"id":1073,"date":"2021-06-23T12:17:43","date_gmt":"2021-06-23T10:17:43","guid":{"rendered":"https:\/\/agora.xtec.cat\/ceipelmorsell\/?page_id=1073"},"modified":"2023-01-06T20:05:24","modified_gmt":"2023-01-06T19:05:24","slug":"altres-activitats","status":"publish","type":"page","link":"https:\/\/agora.xtec.cat\/ceipelmorsell\/projecte-educatiu\/altres-activitats\/","title":{"rendered":"Altres activitats"},"content":{"rendered":"<div class=\"aligncenter\">\n<h2 class=\"hdng-big\">Ampliant el coneixement<\/h2>\n<\/div>\n<p>Realitzem activitats complementaries fora i dins del centre. Aquestes activitats s\u00f3n de gran ajuda per ampliar i aprofundir sobre els temes de projecte i d\u2019altres \u00e0rees.<\/p>\n<p><strong>\u2022 Les sortides.\u00a0<\/strong>\u00a0S\u00f3n un complement del treball realitzat a l\u2019aula. Una de les sortides est\u00e0 relacionada amb el projecte i les altres s\u00f3n per aprofundir alguns dels temes i\/o continguts treballs en les diferents estrat\u00e8gies metodol\u00f2giques d\u2019aprenentatge. A totes les sortides hi ha un treball a realitzar el qual es dur\u00e0 a terme en tres fases: abans \u2013 durant \u2013 despr\u00e8s.<\/p>\n<p><strong>\u2022 Teatre. <\/strong>Tant els alumnes d\u2019infantil com els de prim\u00e0ria i secund\u00e0ria van una vegada a l\u2019any al teatre de Vilafranca\/Vilanova\/Sitges. Abans d\u2019anar al teatre es fa un treball previ i una valoraci\u00f3 de l\u2019activitat. Tamb\u00e9 poden gaudir de l&#8217;espectacle que cada curs ofereix el Bibliob\u00fas.<\/p>\n<p><strong>\u2022 Activitats esportives.<\/strong>\u00a0El Consell Esportiu del Garraf oferta una activitat anual per a cada cicle. Previ a la trobada, a l\u2019\u00e0rea d\u2019Educaci\u00f3 F\u00edsica es realitzen les propostes d\u2019activitats que ens facilita el Consell Esportiu.<\/p>\n<p><strong>\u2022 Tallers al centre.<\/strong> S\u00f3n activitats que es realitzen dins del centre per ampliar coneixements dels temes que s\u2019estan treballant o per aprendre sobre algun tema en concret (medi, m\u00fasica, tecnologia). Es convida a experts que ens assessoren i amb els quals podem resoldre tots els dubtes.<\/p>\n<ul>\n<li><strong>Activitats i tallers oferts per la Mancomunitat Pened\u00e8s\/Garraf.<\/strong> Estan adre\u00e7ades a tots els infants i joves del centre. Donen a con\u00e8ixer la problem\u00e0tica ambiental actual, integrant l\u2019alumnat en el m\u00f3n del medi ambient i facilitant les eines necess\u00e0ries per a la reflexi\u00f3 envers les conseq\u00fc\u00e8ncies de les accions quotidianes.<\/li>\n<\/ul>\n","protected":false},"excerpt":{"rendered":"<p>Ampliant el coneixement<\/p>\n<p>Realitzem activitats complementaries fora i dins del centre. Aquestes activitats s\u00f3n de gran ajuda per ampliar i aprofundir sobre els temes de projecte i d\u2019altres \u00e0rees.<br \/>\n\u2022 Les sortides.\u00a0\u00a0S\u00f3n un complement del treball realitzat a l\u2019aula. Una de les sortides est\u00e0 relacionada amb el&hellip;  <a href=\"https:\/\/agora.xtec.cat\/ceipelmorsell\/projecte-educatiu\/altres-activitats\/\" title=\"Read Altres activitats\">Llegeix m\u00e9s\u00bb<\/a><\/p>\n","protected":false},"author":1,"featured_media":0,"parent":64,"menu_order":13,"comment_status":"closed","ping_status":"closed","template":"page-templates\/side-menu.php","meta":{"_bbp_topic_count":0,"_bbp_reply_count":0,"_bbp_total_topic_count":0,"_bbp_total_reply_count":0,"_bbp_voice_count":0,"_bbp_anonymous_reply_count":0,"_bbp_topic_count_hidden":0,"_bbp_reply_count_hidden":0,"_bbp_forum_subforum_count":0,"footnotes":""},"class_list":["post-1073","page","type-page","status-publish","hentry"],"post_mailing_queue_ids":[],"_links":{"self":[{"href":"https:\/\/agora.xtec.cat\/ceipelmorsell\/wp-json\/wp\/v2\/pages\/1073","targetHints":{"allow":["GET"]}}],"collection":[{"href":"https:\/\/agora.xtec.cat\/ceipelmorsell\/wp-json\/wp\/v2\/pages"}],"about":[{"href":"https:\/\/agora.xtec.cat\/ceipelmorsell\/wp-json\/wp\/v2\/types\/page"}],"author":[{"embeddable":true,"href":"https:\/\/agora.xtec.cat\/ceipelmorsell\/wp-json\/wp\/v2\/users\/1"}],"replies":[{"embeddable":true,"href":"https:\/\/agora.xtec.cat\/ceipelmorsell\/wp-json\/wp\/v2\/comments?post=1073"}],"version-history":[{"count":3,"href":"https:\/\/agora.xtec.cat\/ceipelmorsell\/wp-json\/wp\/v2\/pages\/1073\/revisions"}],"predecessor-version":[{"id":1745,"href":"https:\/\/agora.xtec.cat\/ceipelmorsell\/wp-json\/wp\/v2\/pages\/1073\/revisions\/1745"}],"up":[{"embeddable":true,"href":"https:\/\/agora.xtec.cat\/ceipelmorsell\/wp-json\/wp\/v2\/pages\/64"}],"wp:attachment":[{"href":"https:\/\/agora.xtec.cat\/ceipelmorsell\/wp-json\/wp\/v2\/media?parent=1073"}],"curies":[{"name":"wp","href":"https:\/\/api.w.org\/{rel}","templated":true}]}}