{"id":1064,"date":"2021-06-23T12:12:42","date_gmt":"2021-06-23T10:12:42","guid":{"rendered":"https:\/\/agora.xtec.cat\/ceipelmorsell\/?page_id=1064"},"modified":"2023-02-03T09:39:15","modified_gmt":"2023-02-03T08:39:15","slug":"biblioteca","status":"publish","type":"page","link":"https:\/\/agora.xtec.cat\/ceipelmorsell\/projecte-educatiu\/biblioteca\/","title":{"rendered":"Biblioteca"},"content":{"rendered":"<div class=\"aligncenter\">\n<h2 class=\"hdng-big\">El plaer de llegir<\/h2>\n<\/div>\n<p><strong>Des de la Biblioteca s\u2019organitzen les seg\u00fcents activitats:<\/strong><\/p>\n<ul>\n<li>Biblioteques d\u2019aula, totes les aules tenen un lot de llibres, que selecciona el\/a tutor\/a o la responsable de la biblioteca per la Biblioteca d\u2019aula i aix\u00ed poder fer estones de lectura.<\/li>\n<li>Blog de Biblioteca: on s\u2019informa de les activitats puntuals realitzades.<\/li>\n<li>La comissi\u00f3 de Biblioteca vetlla per la realitzaci\u00f3 d&#8217;activitats liter\u00e0ries i promou l\u2019espai de novetats exposant els llibres en un lloc visible per tot l&#8217;alumnat.<\/li>\n<\/ul>\n<p><img loading=\"lazy\" decoding=\"async\" class=\"wp-image-1225 aligncenter\" src=\"https:\/\/agora.xtec.cat\/ceipelmorsell\/wp-content\/uploads\/usu2152\/2021\/11\/IMG_20210924_154029-1024x460.jpg\" alt=\"\" width=\"783\" height=\"352\" srcset=\"https:\/\/agora.xtec.cat\/ceipelmorsell\/wp-content\/uploads\/usu2152\/2021\/11\/IMG_20210924_154029-1024x460.jpg 1024w, https:\/\/agora.xtec.cat\/ceipelmorsell\/wp-content\/uploads\/usu2152\/2021\/11\/IMG_20210924_154029-300x135.jpg 300w, https:\/\/agora.xtec.cat\/ceipelmorsell\/wp-content\/uploads\/usu2152\/2021\/11\/IMG_20210924_154029-768x345.jpg 768w, https:\/\/agora.xtec.cat\/ceipelmorsell\/wp-content\/uploads\/usu2152\/2021\/11\/IMG_20210924_154029-1536x689.jpg 1536w, https:\/\/agora.xtec.cat\/ceipelmorsell\/wp-content\/uploads\/usu2152\/2021\/11\/IMG_20210924_154029-2048x919.jpg 2048w\" sizes=\"auto, (max-width: 783px) 100vw, 783px\" \/><\/p>\n<p>&nbsp;<\/p>\n<p>A l&#8217;hora del pati hi ha un espai on els infants i joves poden anar a llegir i on tamb\u00e9 es realitzen activitats liter\u00e0ries.<\/p>\n<p><img loading=\"lazy\" decoding=\"async\" class=\"size-full wp-image-1782 alignleft\" src=\"https:\/\/agora.xtec.cat\/ceipelmorsell\/wp-content\/uploads\/usu2152\/2023\/02\/bibliopati1.jpg\" alt=\"\" width=\"500\" height=\"375\" srcset=\"https:\/\/agora.xtec.cat\/ceipelmorsell\/wp-content\/uploads\/usu2152\/2023\/02\/bibliopati1.jpg 500w, https:\/\/agora.xtec.cat\/ceipelmorsell\/wp-content\/uploads\/usu2152\/2023\/02\/bibliopati1-300x225.jpg 300w, https:\/\/agora.xtec.cat\/ceipelmorsell\/wp-content\/uploads\/usu2152\/2023\/02\/bibliopati1-200x150.jpg 200w\" sizes=\"auto, (max-width: 500px) 100vw, 500px\" \/><\/p>\n<p><img loading=\"lazy\" decoding=\"async\" class=\"alignnone size-full wp-image-1784\" src=\"https:\/\/agora.xtec.cat\/ceipelmorsell\/wp-content\/uploads\/usu2152\/2023\/02\/bibliopati.jpg\" alt=\"\" width=\"432\" height=\"576\" srcset=\"https:\/\/agora.xtec.cat\/ceipelmorsell\/wp-content\/uploads\/usu2152\/2023\/02\/bibliopati.jpg 432w, https:\/\/agora.xtec.cat\/ceipelmorsell\/wp-content\/uploads\/usu2152\/2023\/02\/bibliopati-225x300.jpg 225w\" sizes=\"auto, (max-width: 432px) 100vw, 432px\" \/><\/p>\n<p>&nbsp;<\/p>\n","protected":false},"excerpt":{"rendered":"<p>El plaer de llegir<\/p>\n<p>Des de la Biblioteca s\u2019organitzen les seg\u00fcents activitats:<\/p>\n<ul>\n<li>Biblioteques d\u2019aula, totes les aules tenen un lot de llibres, que selecciona el\/a tutor\/a o la responsable de la biblioteca per la Biblioteca d\u2019aula i aix\u00ed poder fer estones de lectura.<\/li>\n<li>Blog de Biblioteca: on s\u2019informa&hellip;  <a href=\"https:\/\/agora.xtec.cat\/ceipelmorsell\/projecte-educatiu\/biblioteca\/\" title=\"Read Biblioteca\">Llegeix m\u00e9s\u00bb<\/a><br \/>\n","protected":false},"author":1,"featured_media":0,"parent":64,"menu_order":12,"comment_status":"closed","ping_status":"closed","template":"page-templates\/side-menu.php","meta":{"_bbp_topic_count":0,"_bbp_reply_count":0,"_bbp_total_topic_count":0,"_bbp_total_reply_count":0,"_bbp_voice_count":0,"_bbp_anonymous_reply_count":0,"_bbp_topic_count_hidden":0,"_bbp_reply_count_hidden":0,"_bbp_forum_subforum_count":0,"footnotes":""},"class_list":["post-1064","page","type-page","status-publish","hentry"],"post_mailing_queue_ids":[],"_links":{"self":[{"href":"https:\/\/agora.xtec.cat\/ceipelmorsell\/wp-json\/wp\/v2\/pages\/1064","targetHints":{"allow":["GET"]}}],"collection":[{"href":"https:\/\/agora.xtec.cat\/ceipelmorsell\/wp-json\/wp\/v2\/pages"}],"about":[{"href":"https:\/\/agora.xtec.cat\/ceipelmorsell\/wp-json\/wp\/v2\/types\/page"}],"author":[{"embeddable":true,"href":"https:\/\/agora.xtec.cat\/ceipelmorsell\/wp-json\/wp\/v2\/users\/1"}],"replies":[{"embeddable":true,"href":"https:\/\/agora.xtec.cat\/ceipelmorsell\/wp-json\/wp\/v2\/comments?post=1064"}],"version-history":[{"count":3,"href":"https:\/\/agora.xtec.cat\/ceipelmorsell\/wp-json\/wp\/v2\/pages\/1064\/revisions"}],"predecessor-version":[{"id":1785,"href":"https:\/\/agora.xtec.cat\/ceipelmorsell\/wp-json\/wp\/v2\/pages\/1064\/revisions\/1785"}],"up":[{"embeddable":true,"href":"https:\/\/agora.xtec.cat\/ceipelmorsell\/wp-json\/wp\/v2\/pages\/64"}],"wp:attachment":[{"href":"https:\/\/agora.xtec.cat\/ceipelmorsell\/wp-json\/wp\/v2\/media?parent=1064"}],"curies":[{"name":"wp","href":"https:\/\/api.w.org\/{rel}","templated":true}]}}