{"id":1055,"date":"2021-06-23T12:05:18","date_gmt":"2021-06-23T10:05:18","guid":{"rendered":"https:\/\/agora.xtec.cat\/ceipelmorsell\/?page_id=1055"},"modified":"2023-01-06T20:03:00","modified_gmt":"2023-01-06T19:03:00","slug":"tallers","status":"publish","type":"page","link":"https:\/\/agora.xtec.cat\/ceipelmorsell\/projecte-educatiu\/tallers\/","title":{"rendered":"Tallers art\u00edstics"},"content":{"rendered":"<p style=\"text-align: justify;\">A petits es fan per Nadal i Sant Jordi, i a vegades per Carnaval. Es barregen els alumnes utilitzant l\u2019organitzaci\u00f3 d\u2019espais.<\/p>\n<p style=\"text-align: justify;\">A mitjans i grans es fan tallers d\u2019Educaci\u00f3 Art\u00edstica que serveixen per avaluar aquesta \u00e0rea. Es barregen alumnes del cicle per treballar un autor o una t\u00e8cnica. Tamb\u00e9 es treballen activitats relacionades amb les festes. Es fa una sessi\u00f3 a la setmana amb un refor\u00e7 al cicle dels mitjans. Es realitzen 6 tallers amb diferents t\u00e8cniques i l\u2019alumnat va passant per tots ells.<\/p>\n<p><img loading=\"lazy\" decoding=\"async\" class=\"size-large wp-image-1247 aligncenter\" src=\"https:\/\/agora.xtec.cat\/ceipelmorsell\/wp-content\/uploads\/usu2152\/2021\/11\/rases-de-frida-khalo-h-1024x403.jpg\" alt=\"\" width=\"1024\" height=\"403\" srcset=\"https:\/\/agora.xtec.cat\/ceipelmorsell\/wp-content\/uploads\/usu2152\/2021\/11\/rases-de-frida-khalo-h-1024x403.jpg 1024w, https:\/\/agora.xtec.cat\/ceipelmorsell\/wp-content\/uploads\/usu2152\/2021\/11\/rases-de-frida-khalo-h-300x118.jpg 300w, https:\/\/agora.xtec.cat\/ceipelmorsell\/wp-content\/uploads\/usu2152\/2021\/11\/rases-de-frida-khalo-h-768x302.jpg 768w, https:\/\/agora.xtec.cat\/ceipelmorsell\/wp-content\/uploads\/usu2152\/2021\/11\/rases-de-frida-khalo-h.jpg 1200w\" sizes=\"auto, (max-width: 1024px) 100vw, 1024px\" \/><\/p>\n","protected":false},"excerpt":{"rendered":"<p>A petits es fan per Nadal i Sant Jordi, i a vegades per Carnaval. Es barregen els alumnes utilitzant l\u2019organitzaci\u00f3 d\u2019espais.<br \/>\nA mitjans i grans es fan tallers d\u2019Educaci\u00f3 Art\u00edstica que serveixen per avaluar aquesta \u00e0rea. Es barregen alumnes del cicle per treballar un autor o&hellip;  <a href=\"https:\/\/agora.xtec.cat\/ceipelmorsell\/projecte-educatiu\/tallers\/\" title=\"Read Tallers art\u00edstics\">Llegeix m\u00e9s\u00bb<\/a><\/p>\n","protected":false},"author":1,"featured_media":0,"parent":64,"menu_order":8,"comment_status":"closed","ping_status":"closed","template":"page-templates\/side-menu.php","meta":{"_bbp_topic_count":0,"_bbp_reply_count":0,"_bbp_total_topic_count":0,"_bbp_total_reply_count":0,"_bbp_voice_count":0,"_bbp_anonymous_reply_count":0,"_bbp_topic_count_hidden":0,"_bbp_reply_count_hidden":0,"_bbp_forum_subforum_count":0,"footnotes":""},"class_list":["post-1055","page","type-page","status-publish","hentry"],"post_mailing_queue_ids":[],"_links":{"self":[{"href":"https:\/\/agora.xtec.cat\/ceipelmorsell\/wp-json\/wp\/v2\/pages\/1055","targetHints":{"allow":["GET"]}}],"collection":[{"href":"https:\/\/agora.xtec.cat\/ceipelmorsell\/wp-json\/wp\/v2\/pages"}],"about":[{"href":"https:\/\/agora.xtec.cat\/ceipelmorsell\/wp-json\/wp\/v2\/types\/page"}],"author":[{"embeddable":true,"href":"https:\/\/agora.xtec.cat\/ceipelmorsell\/wp-json\/wp\/v2\/users\/1"}],"replies":[{"embeddable":true,"href":"https:\/\/agora.xtec.cat\/ceipelmorsell\/wp-json\/wp\/v2\/comments?post=1055"}],"version-history":[{"count":4,"href":"https:\/\/agora.xtec.cat\/ceipelmorsell\/wp-json\/wp\/v2\/pages\/1055\/revisions"}],"predecessor-version":[{"id":1747,"href":"https:\/\/agora.xtec.cat\/ceipelmorsell\/wp-json\/wp\/v2\/pages\/1055\/revisions\/1747"}],"up":[{"embeddable":true,"href":"https:\/\/agora.xtec.cat\/ceipelmorsell\/wp-json\/wp\/v2\/pages\/64"}],"wp:attachment":[{"href":"https:\/\/agora.xtec.cat\/ceipelmorsell\/wp-json\/wp\/v2\/media?parent=1055"}],"curies":[{"name":"wp","href":"https:\/\/api.w.org\/{rel}","templated":true}]}}