{"id":1052,"date":"2021-06-23T12:03:40","date_gmt":"2021-06-23T10:03:40","guid":{"rendered":"https:\/\/agora.xtec.cat\/ceipelmorsell\/?page_id=1052"},"modified":"2026-03-13T10:44:07","modified_gmt":"2026-03-13T09:44:07","slug":"exposicions-orals","status":"publish","type":"page","link":"https:\/\/agora.xtec.cat\/ceipelmorsell\/projecte-educatiu\/exposicions-orals\/","title":{"rendered":"Exposicions orals"},"content":{"rendered":"<div class=\"aligncenter\">\n<h2 class=\"hdng-big\">Treballar en fam\u00edlia<\/h2>\n<\/div>\n<p>S\u00f3n activitats per practicar l\u2019expressi\u00f3 oral que es preparen a casa amb l\u2019ajuda de les fam\u00edlies. El dia de l\u2019exposici\u00f3 poden assistir les fam\u00edlies i els germans que estan al centre. Les activitats que es realitzen s\u00f3n les seg\u00fcents:<\/p>\n<p>\u2022\u00a0<strong>El Reporter\/a<\/strong>, es fa a 3 anys. Cada divendres es lliura a un nen o nena de la classe els estris de reporter: la c\u00e0mera de fotos i la llibreta. El dilluns ha de portar i explicar als seus companys\/es una not\u00edcia del cap de setmana o algun fet important que li hagi passat.<\/p>\n<ul>\n<li><strong>A mi m&#8217;agrada<\/strong>, es fa a 4 anys.L&#8217;infant ha de fer una breu exposici\u00f3 explicant alguna cosa que li agrada fer.<\/li>\n<\/ul>\n<p>\u2022 <b>Confer\u00e8ncies:<\/b> es fan a partir dels 5 anys i a tota la prim\u00e0ria. Cada curs t\u00e9 assignat un tema (animals, oficis, invents, biografia, pa\u00eds i fets hist\u00f2rics)<\/p>\n<p>Dins d&#8217;aquest tema cada infant tria un subtema\u00a0 que li agrada, i amb l&#8217;ajut d&#8217;un gui\u00f3 que li d\u00f3na el tutor\/a el prepara a casa amb l&#8217;ajut de la seva fam\u00edlia i despr\u00e8s l\u2019explica a tota la classe. El nen o nena\u00a0 pot acompanyar la seva exposici\u00f3 amb diferents tipus de material (objectes, murals, maquetes, presentaci\u00f3 digital, etc.)<\/p>\n<p>\u2022\u00a0<strong>Cuentacuentos, La capsula del tiempo i La not\u00edcia<\/strong> es fan a mitjans per potenciar la llengua castellana. Es tracta que l\u2019alumn@ expliqui tot sol a la classe un conte amb qualsevol tipus de suport que haur\u00e0 preparat pr\u00e8viament a casa amb l\u2019ajuda de les fam\u00edlies.<\/p>\n<p>&nbsp;<\/p>\n","protected":false},"excerpt":{"rendered":"<p>Treballar en fam\u00edlia<\/p>\n<p>S\u00f3n activitats per practicar l\u2019expressi\u00f3 oral que es preparen a casa amb l\u2019ajuda de les fam\u00edlies. El dia de l\u2019exposici\u00f3 poden assistir les fam\u00edlies i els germans que estan al centre. Les activitats que es realitzen s\u00f3n les seg\u00fcents:<br \/>\n\u2022\u00a0El Reporter\/a, es fa a&hellip;  <a href=\"https:\/\/agora.xtec.cat\/ceipelmorsell\/projecte-educatiu\/exposicions-orals\/\" title=\"Read Exposicions orals\">Llegeix m\u00e9s\u00bb<\/a><\/p>\n","protected":false},"author":1,"featured_media":0,"parent":64,"menu_order":7,"comment_status":"closed","ping_status":"closed","template":"page-templates\/side-menu.php","meta":{"_bbp_topic_count":0,"_bbp_reply_count":0,"_bbp_total_topic_count":0,"_bbp_total_reply_count":0,"_bbp_voice_count":0,"_bbp_anonymous_reply_count":0,"_bbp_topic_count_hidden":0,"_bbp_reply_count_hidden":0,"_bbp_forum_subforum_count":0,"footnotes":""},"class_list":["post-1052","page","type-page","status-publish","hentry"],"post_mailing_queue_ids":[],"_links":{"self":[{"href":"https:\/\/agora.xtec.cat\/ceipelmorsell\/wp-json\/wp\/v2\/pages\/1052","targetHints":{"allow":["GET"]}}],"collection":[{"href":"https:\/\/agora.xtec.cat\/ceipelmorsell\/wp-json\/wp\/v2\/pages"}],"about":[{"href":"https:\/\/agora.xtec.cat\/ceipelmorsell\/wp-json\/wp\/v2\/types\/page"}],"author":[{"embeddable":true,"href":"https:\/\/agora.xtec.cat\/ceipelmorsell\/wp-json\/wp\/v2\/users\/1"}],"replies":[{"embeddable":true,"href":"https:\/\/agora.xtec.cat\/ceipelmorsell\/wp-json\/wp\/v2\/comments?post=1052"}],"version-history":[{"count":6,"href":"https:\/\/agora.xtec.cat\/ceipelmorsell\/wp-json\/wp\/v2\/pages\/1052\/revisions"}],"predecessor-version":[{"id":2279,"href":"https:\/\/agora.xtec.cat\/ceipelmorsell\/wp-json\/wp\/v2\/pages\/1052\/revisions\/2279"}],"up":[{"embeddable":true,"href":"https:\/\/agora.xtec.cat\/ceipelmorsell\/wp-json\/wp\/v2\/pages\/64"}],"wp:attachment":[{"href":"https:\/\/agora.xtec.cat\/ceipelmorsell\/wp-json\/wp\/v2\/media?parent=1052"}],"curies":[{"name":"wp","href":"https:\/\/api.w.org\/{rel}","templated":true}]}}