{"id":1041,"date":"2021-06-22T13:58:25","date_gmt":"2021-06-22T11:58:25","guid":{"rendered":"https:\/\/agora.xtec.cat\/ceipelmorsell\/?page_id=1041"},"modified":"2026-03-12T15:50:55","modified_gmt":"2026-03-12T14:50:55","slug":"espai-1","status":"publish","type":"page","link":"https:\/\/agora.xtec.cat\/ceipelmorsell\/projecte-educatiu\/espais\/espai-1\/","title":{"rendered":"Espais"},"content":{"rendered":"<p style=\"text-align: justify;\">Els infants de 3 anys, 4 anys i 5 anys participen 3 dies a la setmana a les sessions d\u2019espais. Aquest curs, s\u2019han organitzat quatre grups d\u2019infants que durant dues setmanes van descobrint les diferents propostes que s\u2019ofereixen a cada espai. Els espais que es proposen s\u00f3n: artista, construccions, experiments, joc simb\u00f2lic, ecoespai i m\u00fasica.<\/p>\n<p style=\"text-align: justify;\"><strong><span style=\"color: #008080;\">Artista<\/span><\/strong><\/p>\n<p style=\"text-align: justify;\">Aquest espai est\u00e0 destinat a que els infants s\u2019expressin a trav\u00e9s de diverses t\u00e8cniques pl\u00e0stiques, utilitzant elements com la pintura, el fang, els papers\u2026 fomentant la creativitat, l\u2019autoestima i la imaginaci\u00f3. L\u2019objectiu \u00e9s experimentar i crear lliurement, fugint d\u2019estereotips.<br \/>\nLa import\u00e0ncia no es troba tant en el producte final sin\u00f3 en el proc\u00e9s compartit que s\u2019ha viscut en fer-ho, tant si es treballa individualment com en grup, fent una creaci\u00f3 col\u00b7lectiva.<\/p>\n<p style=\"text-align: justify;\"><span style=\"color: #008080;\"><strong>Experimentaci\u00f3<\/strong><\/span><\/p>\n<p style=\"text-align: justify;\">Els infants investiguen, analitzen, experimenten, descobreixen, fan hip\u00f2tesis, creen, comuniquen, raonen, intueixen, relacionen\u2026 S\u2019inicien en el m\u00f3n cient\u00edfic.<br \/>\nA l\u2019espai d\u2019experimentaci\u00f3 observem fen\u00f2mens, generem hip\u00f2tesis i les verifiquem o les refutem, i aix\u00ed, els infants van construint el seu pensament.<br \/>\nGaudint dels fen\u00f2mens que ens envolten, aprenen i entenen el per qu\u00e8.<\/p>\n<p style=\"text-align: justify;\"><span style=\"color: #008080;\"><strong>Expressem<\/strong><\/span><\/p>\n<p style=\"text-align: justify;\">En aquest espai els infants faran consci\u00e8ncia del seu cos i de la seva veu. Les persones fem servir la veu i el cos com a eines essencials de comunicaci\u00f3. El joc ens facilitar\u00e0 l\u2019adquisici\u00f3 d\u2019aquesta consci\u00e8ncia.<\/p>\n<p style=\"text-align: justify;\">L\u2019expressi\u00f3 corporal a trav\u00e9s de la descoberta, el control i el coneixement del propi cos ens portar\u00e0 al desenvolupament de les capacitats i compet\u00e8ncies dels infants.<\/p>\n<p style=\"text-align: justify;\"><strong><span style=\"color: #008080;\">EcoEspai<\/span><\/strong><\/p>\n<p style=\"text-align: justify;\">A l\u2019ecoespai els infants entren en contacte amb la\u00a0 natura en un espai pensat perqu\u00e8 s\u2019hi puguin moure amb llibertat i autonomia.<\/p>\n<p style=\"text-align: justify;\">Les activitats que es desenvolupen parteixen dels seus\u00a0 interessos i de les necessitats del moment.<\/p>\n<p style=\"text-align: justify;\">A trav\u00e9s de l\u2019observaci\u00f3 i experimentaci\u00f3 directa es comparteixen descobertes i s\u2019acorden petits projectes d\u2019investigaci\u00f3\u00a0 afavorint\u00a0 actituds responsables i respectuoses amb el\u00a0 medi natural.<\/p>\n<p style=\"text-align: justify;\">\n","protected":false},"excerpt":{"rendered":"<p>Els infants de 3 anys, 4 anys i 5 anys participen 3 dies a la setmana a les sessions d\u2019espais. Aquest curs, s\u2019han organitzat quatre grups d\u2019infants que durant dues setmanes van descobrint les diferents propostes que s\u2019ofereixen a cada espai. Els espais que es&hellip;  <a href=\"https:\/\/agora.xtec.cat\/ceipelmorsell\/projecte-educatiu\/espais\/espai-1\/\" title=\"Read Espais\">Llegeix m\u00e9s\u00bb<\/a><\/p>\n","protected":false},"author":1,"featured_media":0,"parent":1036,"menu_order":0,"comment_status":"closed","ping_status":"closed","template":"page-templates\/side-menu.php","meta":{"_bbp_topic_count":0,"_bbp_reply_count":0,"_bbp_total_topic_count":0,"_bbp_total_reply_count":0,"_bbp_voice_count":0,"_bbp_anonymous_reply_count":0,"_bbp_topic_count_hidden":0,"_bbp_reply_count_hidden":0,"_bbp_forum_subforum_count":0,"footnotes":""},"class_list":["post-1041","page","type-page","status-publish","hentry"],"post_mailing_queue_ids":[],"_links":{"self":[{"href":"https:\/\/agora.xtec.cat\/ceipelmorsell\/wp-json\/wp\/v2\/pages\/1041","targetHints":{"allow":["GET"]}}],"collection":[{"href":"https:\/\/agora.xtec.cat\/ceipelmorsell\/wp-json\/wp\/v2\/pages"}],"about":[{"href":"https:\/\/agora.xtec.cat\/ceipelmorsell\/wp-json\/wp\/v2\/types\/page"}],"author":[{"embeddable":true,"href":"https:\/\/agora.xtec.cat\/ceipelmorsell\/wp-json\/wp\/v2\/users\/1"}],"replies":[{"embeddable":true,"href":"https:\/\/agora.xtec.cat\/ceipelmorsell\/wp-json\/wp\/v2\/comments?post=1041"}],"version-history":[{"count":5,"href":"https:\/\/agora.xtec.cat\/ceipelmorsell\/wp-json\/wp\/v2\/pages\/1041\/revisions"}],"predecessor-version":[{"id":2275,"href":"https:\/\/agora.xtec.cat\/ceipelmorsell\/wp-json\/wp\/v2\/pages\/1041\/revisions\/2275"}],"up":[{"embeddable":true,"href":"https:\/\/agora.xtec.cat\/ceipelmorsell\/wp-json\/wp\/v2\/pages\/1036"}],"wp:attachment":[{"href":"https:\/\/agora.xtec.cat\/ceipelmorsell\/wp-json\/wp\/v2\/media?parent=1041"}],"curies":[{"name":"wp","href":"https:\/\/api.w.org\/{rel}","templated":true}]}}