{"id":9413,"date":"2020-04-01T10:36:35","date_gmt":"2020-04-01T08:36:35","guid":{"rendered":"http:\/\/agora.xtec.cat\/ceipelfarell\/?page_id=9413"},"modified":"2025-10-22T10:33:29","modified_gmt":"2025-10-22T08:33:29","slug":"aula-virtual","status":"publish","type":"page","link":"https:\/\/agora.xtec.cat\/ceipelfarell\/treballem\/aula-virtual\/","title":{"rendered":"Aula Virtual"},"content":{"rendered":"<div class=\"wp-block-image\" style=\"text-align: center;\">\n<h4 class=\"aligncenter size-large\"><strong style=\"color: #6f6f6f; font-family: inherit; font-size: 1em;\">Benvinguts i benvingudes a l\u2019Aula Virtual de l&#8217;escola El Farell.<\/strong><\/h4>\n<\/div>\n<div class=\"wp-block-group has-white-background-color has-background\">\n<div class=\"wp-block-group__inner-container\">\n<blockquote class=\"wp-block-quote\">\n<p style=\"text-align: center;\"><strong style=\"font-family: inherit; font-size: 1em;\">Aquest espai ens servir\u00e0 per fer-vos arribar activitats i propostes diverses en el cas que les mestres d&#8217;I3 a 3r<\/strong><strong style=\"font-family: inherit; font-size: 1em;\"> ho considerin necessari. <\/strong><\/p>\n<p style=\"text-align: center;\"><strong style=\"font-family: inherit; font-size: 1em;\">Els cursos de 4t, 5\u00e8 i 6\u00e8 farem servir el Classroom.<\/strong><\/p>\n<p style=\"text-align: center;\">En aquest enlla\u00e7 podeu accedir a diversos <a href=\"https:\/\/drive.google.com\/drive\/folders\/1De6hBStS7y7Mnh2B2AcO6cTWrjLeAAe0?usp=drive_link\" target=\"_blank\" rel=\"noopener\"><strong>tutorials sobre el Google Classroom<\/strong> <\/a>que us poden ser d&#8217;utilitat.<\/p>\n<table style=\"border-collapse: collapse; width: 100%;\">\n<tbody>\n<tr>\n<td style=\"width: 33.3333%;\" colspan=\"3\"><a href=\"https:\/\/padlet.com\/olgavillalba\/4uoj2budvcwcmy2k\" target=\"_blank\" rel=\"noopener\"><img loading=\"lazy\" decoding=\"async\" class=\"wp-image-13460 aligncenter\" src=\"https:\/\/agora.xtec.cat\/ceipelfarell\/wp-content\/uploads\/usu1549\/2023\/01\/Captura.jpg\" alt=\"\" width=\"450\" height=\"194\" srcset=\"https:\/\/agora.xtec.cat\/ceipelfarell\/wp-content\/uploads\/usu1549\/2023\/01\/Captura.jpg 641w, https:\/\/agora.xtec.cat\/ceipelfarell\/wp-content\/uploads\/usu1549\/2023\/01\/Captura-300x129.jpg 300w\" sizes=\"auto, (max-width: 450px) 100vw, 450px\" \/><\/a><\/td>\n<\/tr>\n<tr>\n<td style=\"width: 33.3333%;\"><a href=\"https:\/\/padlet.com\/escolafarellci\/1r-escola-el-farell-mt4z1frhlmbmjucy\" target=\"_blank\" rel=\"noopener\"><img loading=\"lazy\" decoding=\"async\" class=\"wp-image-9417 aligncenter\" src=\"https:\/\/agora.xtec.cat\/ceipelfarell\/wp-content\/uploads\/usu1549\/2020\/03\/4.png\" alt=\"\" width=\"201\" height=\"202\" srcset=\"https:\/\/agora.xtec.cat\/ceipelfarell\/wp-content\/uploads\/usu1549\/2020\/03\/4.png 500w, https:\/\/agora.xtec.cat\/ceipelfarell\/wp-content\/uploads\/usu1549\/2020\/03\/4-150x150.png 150w, https:\/\/agora.xtec.cat\/ceipelfarell\/wp-content\/uploads\/usu1549\/2020\/03\/4-300x300.png 300w\" sizes=\"auto, (max-width: 201px) 100vw, 201px\" \/><\/a><\/td>\n<td style=\"width: 33.3333%;\"><a href=\"https:\/\/padlet.com\/escolafarellci\/2n-escola-el-farell-u106tmbtg6gy6uq8\" target=\"_blank\" rel=\"noopener\"><img loading=\"lazy\" decoding=\"async\" class=\"wp-image-9418 aligncenter\" src=\"https:\/\/agora.xtec.cat\/ceipelfarell\/wp-content\/uploads\/usu1549\/2020\/03\/5.png\" alt=\"\" width=\"199\" height=\"200\" srcset=\"https:\/\/agora.xtec.cat\/ceipelfarell\/wp-content\/uploads\/usu1549\/2020\/03\/5.png 500w, https:\/\/agora.xtec.cat\/ceipelfarell\/wp-content\/uploads\/usu1549\/2020\/03\/5-150x150.png 150w, https:\/\/agora.xtec.cat\/ceipelfarell\/wp-content\/uploads\/usu1549\/2020\/03\/5-300x300.png 300w\" sizes=\"auto, (max-width: 199px) 100vw, 199px\" \/><\/a><\/td>\n<td style=\"width: 33.3333%;\"><a href=\"https:\/\/padlet.com\/escolafarellcm\/3r-salvem-el-planeta-nz1qian5wg24f2n2\" target=\"_blank\" rel=\"noopener\"><img loading=\"lazy\" decoding=\"async\" class=\"wp-image-9419 aligncenter\" src=\"https:\/\/agora.xtec.cat\/ceipelfarell\/wp-content\/uploads\/usu1549\/2020\/03\/6.png\" alt=\"\" width=\"189\" height=\"189\" srcset=\"https:\/\/agora.xtec.cat\/ceipelfarell\/wp-content\/uploads\/usu1549\/2020\/03\/6.png 500w, https:\/\/agora.xtec.cat\/ceipelfarell\/wp-content\/uploads\/usu1549\/2020\/03\/6-150x150.png 150w, https:\/\/agora.xtec.cat\/ceipelfarell\/wp-content\/uploads\/usu1549\/2020\/03\/6-300x300.png 300w\" sizes=\"auto, (max-width: 189px) 100vw, 189px\" \/><\/a><\/td>\n<\/tr>\n<\/tbody>\n<\/table>\n<\/blockquote>\n<\/div>\n<\/div>\n<p style=\"text-align: center;\">A m\u00e9s, com ja sabeu, per qualsevol consulta, no dubteu en contactar amb nosaltres mitjan\u00e7ant el mail de l&#8217;escola:<\/p>\n<p style=\"text-align: center;\"><strong>ceipelfarell@xtec.cat<\/strong><\/p>\n<div><\/div>\n<p style=\"text-align: center;\">o el mail de cada mestra<a href=\"https:\/\/agora.xtec.cat\/ceipelfarell\/lescola\/consell-escolar\/claustre\/\" target=\"_blank\" rel=\"noopener\"> (que podeu consultar a la pestanya de Claustre).\u00a0<\/a><\/p>\n","protected":false},"excerpt":{"rendered":"<p>Benvinguts i benvingudes a l\u2019Aula Virtual de l&#8217;escola El Farell. Aquest espai ens servir\u00e0 per fer-vos arribar activitats i propostes diverses en el cas que les mestres d&#8217;I3 a 3r ho considerin necessari. Els cursos de 4t, 5\u00e8 i 6\u00e8 farem servir el Classroom. En aquest enlla\u00e7 podeu accedir a diversos tutorials sobre el Google [&hellip;]<\/p>\n","protected":false},"author":3,"featured_media":0,"parent":3852,"menu_order":1,"comment_status":"closed","ping_status":"closed","template":"","meta":{"_bbp_topic_count":0,"_bbp_reply_count":0,"_bbp_total_topic_count":0,"_bbp_total_reply_count":0,"_bbp_voice_count":0,"_bbp_anonymous_reply_count":0,"_bbp_topic_count_hidden":0,"_bbp_reply_count_hidden":0,"_bbp_forum_subforum_count":0,"site-sidebar-layout":"no-sidebar","site-content-layout":"","ast-site-content-layout":"default","site-content-style":"default","site-sidebar-style":"default","ast-global-header-display":"","ast-banner-title-visibility":"","ast-main-header-display":"","ast-hfb-above-header-display":"","ast-hfb-below-header-display":"","ast-hfb-mobile-header-display":"","site-post-title":"","ast-breadcrumbs-content":"","ast-featured-img":"","footer-sml-layout":"","theme-transparent-header-meta":"default","adv-header-id-meta":"","stick-header-meta":"","header-above-stick-meta":"","header-main-stick-meta":"","header-below-stick-meta":"","astra-migrate-meta-layouts":"set","ast-page-background-enabled":"default","ast-page-background-meta":{"desktop":{"background-color":"var(--ast-global-color-4)","background-image":"","background-repeat":"repeat","background-position":"center center","background-size":"auto","background-attachment":"scroll","background-type":"","background-media":"","overlay-type":"","overlay-color":"","overlay-opacity":"","overlay-gradient":""},"tablet":{"background-color":"","background-image":"","background-repeat":"repeat","background-position":"center center","background-size":"auto","background-attachment":"scroll","background-type":"","background-media":"","overlay-type":"","overlay-color":"","overlay-opacity":"","overlay-gradient":""},"mobile":{"background-color":"","background-image":"","background-repeat":"repeat","background-position":"center center","background-size":"auto","background-attachment":"scroll","background-type":"","background-media":"","overlay-type":"","overlay-color":"","overlay-opacity":"","overlay-gradient":""}},"ast-content-background-meta":{"desktop":{"background-color":"var(--ast-global-color-5)","background-image":"","background-repeat":"repeat","background-position":"center center","background-size":"auto","background-attachment":"scroll","background-type":"","background-media":"","overlay-type":"","overlay-color":"","overlay-opacity":"","overlay-gradient":""},"tablet":{"background-color":"var(--ast-global-color-5)","background-image":"","background-repeat":"repeat","background-position":"center center","background-size":"auto","background-attachment":"scroll","background-type":"","background-media":"","overlay-type":"","overlay-color":"","overlay-opacity":"","overlay-gradient":""},"mobile":{"background-color":"var(--ast-global-color-5)","background-image":"","background-repeat":"repeat","background-position":"center center","background-size":"auto","background-attachment":"scroll","background-type":"","background-media":"","overlay-type":"","overlay-color":"","overlay-opacity":"","overlay-gradient":""}},"footnotes":""},"class_list":["post-9413","page","type-page","status-publish","hentry"],"post_mailing_queue_ids":[],"_links":{"self":[{"href":"https:\/\/agora.xtec.cat\/ceipelfarell\/wp-json\/wp\/v2\/pages\/9413","targetHints":{"allow":["GET"]}}],"collection":[{"href":"https:\/\/agora.xtec.cat\/ceipelfarell\/wp-json\/wp\/v2\/pages"}],"about":[{"href":"https:\/\/agora.xtec.cat\/ceipelfarell\/wp-json\/wp\/v2\/types\/page"}],"author":[{"embeddable":true,"href":"https:\/\/agora.xtec.cat\/ceipelfarell\/wp-json\/wp\/v2\/users\/3"}],"replies":[{"embeddable":true,"href":"https:\/\/agora.xtec.cat\/ceipelfarell\/wp-json\/wp\/v2\/comments?post=9413"}],"version-history":[{"count":5,"href":"https:\/\/agora.xtec.cat\/ceipelfarell\/wp-json\/wp\/v2\/pages\/9413\/revisions"}],"predecessor-version":[{"id":15885,"href":"https:\/\/agora.xtec.cat\/ceipelfarell\/wp-json\/wp\/v2\/pages\/9413\/revisions\/15885"}],"up":[{"embeddable":true,"href":"https:\/\/agora.xtec.cat\/ceipelfarell\/wp-json\/wp\/v2\/pages\/3852"}],"wp:attachment":[{"href":"https:\/\/agora.xtec.cat\/ceipelfarell\/wp-json\/wp\/v2\/media?parent=9413"}],"curies":[{"name":"wp","href":"https:\/\/api.w.org\/{rel}","templated":true}]}}