{"id":7790,"date":"2019-01-14T13:53:12","date_gmt":"2019-01-14T12:53:12","guid":{"rendered":"http:\/\/agora.xtec.cat\/ceipelfarell\/?page_id=7790"},"modified":"2026-03-24T13:22:50","modified_gmt":"2026-03-24T12:22:50","slug":"documents-de-centre","status":"publish","type":"page","link":"https:\/\/agora.xtec.cat\/ceipelfarell\/lescola\/documents-de-centre\/","title":{"rendered":"Documents de Centre"},"content":{"rendered":"<p>En aquesta p\u00e0gina podeu accedir als diferents documents propis del nostre centre:<\/p>\n<ul>\n<li><a href=\"https:\/\/drive.google.com\/file\/d\/1t0zUIMlfVW_ycxZWtHZ9uVwMKBXmlGcU\/view?usp=drive_link\" target=\"_blank\" rel=\"noopener\">Normativa de Conviv\u00e8ncia (en proc\u00e9s de revisi\u00f3)<\/a><\/li>\n<li>Pressupost 2026 (pr\u00f2ximament)<\/li>\n<li><span style=\"color: #66a352;\"><a style=\"color: #66a352;\" href=\"https:\/\/drive.google.com\/file\/d\/1j9OIDO2zvuHB70CtV_caVMnFQ7DLi1Lo\/view?usp=sharing\" target=\"_blank\" rel=\"noopener\">Projecte Ling\u00fc\u00edstic de Centre (PLC)<\/a><\/span><\/li>\n<li><a href=\"https:\/\/drive.google.com\/file\/d\/1RYSJitg7RIH4AV27I68qREt9yd75Fgqr\/view?usp=sharing\" target=\"_blank\" rel=\"noopener\">NOFC\u00a0 (en proc\u00e9s de revisi\u00f3)<\/a><\/li>\n<li><a href=\"https:\/\/view.genially.com\/66adcd540fceccde6836f5af\/presentation-pdd-20-24\" target=\"_blank\" rel=\"noopener\">Projecte de Direcci\u00f3 2024-28<\/a><\/li>\n<li><a href=\"https:\/\/drive.google.com\/file\/d\/1rSey44GIFEtU0IyGV8-X66iA2lhou6pd\/view?usp=sharing\" target=\"_blank\" rel=\"noopener\">Projecte Educatiu de Centre (PEC)<\/a><\/li>\n<li><a href=\"https:\/\/drive.google.com\/file\/d\/1_FO5hSQJcOhCgt-i05oQOKpB3Te6wZNr\/view?usp=sharing\" target=\"_blank\" rel=\"noopener\">Projecte de Conviv\u00e8ncia<\/a><\/li>\n<li><a href=\"https:\/\/sites.google.com\/escolaelfarell.cat\/edc-escolaelfarell\/inici\" target=\"_blank\" rel=\"noopener\">Estrat\u00e8gia Digital de Centre<\/a><\/li>\n<li><a href=\"https:\/\/drive.google.com\/drive\/folders\/1sFGDW9T58YMQp4tboJmSwde9WezU7_mW?usp=drive_link\" target=\"_blank\" rel=\"noopener\">Revistes &#8220;Farell informa&#8221;<\/a><\/li>\n<li><a href=\"https:\/\/drive.google.com\/file\/d\/1g7hipf41RT20_1ySa7qv-VQMzg7KxIqv\/view?usp=drive_link\" target=\"_blank\" rel=\"noopener noreferrer\">Carta de Comprom\u00eds Educatiu<img loading=\"lazy\" decoding=\"async\" class=\"wp-image-7791 alignright\" src=\"https:\/\/agora.xtec.cat\/ceipelfarell\/wp-content\/uploads\/usu1549\/2019\/01\/Documents.jpg\" alt=\"\" width=\"294\" height=\"183\" srcset=\"https:\/\/agora.xtec.cat\/ceipelfarell\/wp-content\/uploads\/usu1549\/2019\/01\/Documents.jpg 556w, https:\/\/agora.xtec.cat\/ceipelfarell\/wp-content\/uploads\/usu1549\/2019\/01\/Documents-300x187.jpg 300w\" sizes=\"auto, (max-width: 294px) 100vw, 294px\" \/><\/a><\/li>\n<\/ul>\n","protected":false},"excerpt":{"rendered":"<p>En aquesta p\u00e0gina podeu accedir als diferents documents propis del nostre centre: Normativa de Conviv\u00e8ncia (en proc\u00e9s de revisi\u00f3) Pressupost 2026 (pr\u00f2ximament) Projecte Ling\u00fc\u00edstic de Centre (PLC) NOFC\u00a0 (en proc\u00e9s de revisi\u00f3) Projecte de Direcci\u00f3 2024-28 Projecte Educatiu de Centre (PEC) Projecte de Conviv\u00e8ncia Estrat\u00e8gia Digital de Centre Revistes &#8220;Farell informa&#8221; Carta de Comprom\u00eds Educatiu<\/p>\n","protected":false},"author":3,"featured_media":0,"parent":22,"menu_order":5,"comment_status":"closed","ping_status":"closed","template":"","meta":{"_bbp_topic_count":0,"_bbp_reply_count":0,"_bbp_total_topic_count":0,"_bbp_total_reply_count":0,"_bbp_voice_count":0,"_bbp_anonymous_reply_count":0,"_bbp_topic_count_hidden":0,"_bbp_reply_count_hidden":0,"_bbp_forum_subforum_count":0,"site-sidebar-layout":"default","site-content-layout":"","ast-site-content-layout":"default","site-content-style":"default","site-sidebar-style":"default","ast-global-header-display":"","ast-banner-title-visibility":"","ast-main-header-display":"","ast-hfb-above-header-display":"","ast-hfb-below-header-display":"","ast-hfb-mobile-header-display":"","site-post-title":"","ast-breadcrumbs-content":"","ast-featured-img":"","footer-sml-layout":"","theme-transparent-header-meta":"","adv-header-id-meta":"","stick-header-meta":"","header-above-stick-meta":"","header-main-stick-meta":"","header-below-stick-meta":"","astra-migrate-meta-layouts":"set","ast-page-background-enabled":"default","ast-page-background-meta":{"desktop":{"background-color":"var(--ast-global-color-4)","background-image":"","background-repeat":"repeat","background-position":"center center","background-size":"auto","background-attachment":"scroll","background-type":"","background-media":"","overlay-type":"","overlay-color":"","overlay-opacity":"","overlay-gradient":""},"tablet":{"background-color":"","background-image":"","background-repeat":"repeat","background-position":"center center","background-size":"auto","background-attachment":"scroll","background-type":"","background-media":"","overlay-type":"","overlay-color":"","overlay-opacity":"","overlay-gradient":""},"mobile":{"background-color":"","background-image":"","background-repeat":"repeat","background-position":"center center","background-size":"auto","background-attachment":"scroll","background-type":"","background-media":"","overlay-type":"","overlay-color":"","overlay-opacity":"","overlay-gradient":""}},"ast-content-background-meta":{"desktop":{"background-color":"var(--ast-global-color-5)","background-image":"","background-repeat":"repeat","background-position":"center center","background-size":"auto","background-attachment":"scroll","background-type":"","background-media":"","overlay-type":"","overlay-color":"","overlay-opacity":"","overlay-gradient":""},"tablet":{"background-color":"var(--ast-global-color-5)","background-image":"","background-repeat":"repeat","background-position":"center center","background-size":"auto","background-attachment":"scroll","background-type":"","background-media":"","overlay-type":"","overlay-color":"","overlay-opacity":"","overlay-gradient":""},"mobile":{"background-color":"var(--ast-global-color-5)","background-image":"","background-repeat":"repeat","background-position":"center center","background-size":"auto","background-attachment":"scroll","background-type":"","background-media":"","overlay-type":"","overlay-color":"","overlay-opacity":"","overlay-gradient":""}},"footnotes":""},"class_list":["post-7790","page","type-page","status-publish","hentry"],"post_mailing_queue_ids":[],"_links":{"self":[{"href":"https:\/\/agora.xtec.cat\/ceipelfarell\/wp-json\/wp\/v2\/pages\/7790","targetHints":{"allow":["GET"]}}],"collection":[{"href":"https:\/\/agora.xtec.cat\/ceipelfarell\/wp-json\/wp\/v2\/pages"}],"about":[{"href":"https:\/\/agora.xtec.cat\/ceipelfarell\/wp-json\/wp\/v2\/types\/page"}],"author":[{"embeddable":true,"href":"https:\/\/agora.xtec.cat\/ceipelfarell\/wp-json\/wp\/v2\/users\/3"}],"replies":[{"embeddable":true,"href":"https:\/\/agora.xtec.cat\/ceipelfarell\/wp-json\/wp\/v2\/comments?post=7790"}],"version-history":[{"count":6,"href":"https:\/\/agora.xtec.cat\/ceipelfarell\/wp-json\/wp\/v2\/pages\/7790\/revisions"}],"predecessor-version":[{"id":18185,"href":"https:\/\/agora.xtec.cat\/ceipelfarell\/wp-json\/wp\/v2\/pages\/7790\/revisions\/18185"}],"up":[{"embeddable":true,"href":"https:\/\/agora.xtec.cat\/ceipelfarell\/wp-json\/wp\/v2\/pages\/22"}],"wp:attachment":[{"href":"https:\/\/agora.xtec.cat\/ceipelfarell\/wp-json\/wp\/v2\/media?parent=7790"}],"curies":[{"name":"wp","href":"https:\/\/api.w.org\/{rel}","templated":true}]}}