{"id":7,"date":"2014-09-17T15:07:41","date_gmt":"2014-09-17T14:07:41","guid":{"rendered":"http:\/\/agora.xtec.cat\/ceipelfarell\/?page_id=7"},"modified":"2026-03-25T13:28:18","modified_gmt":"2026-03-25T12:28:18","slug":"pagines-dinici","status":"publish","type":"page","link":"https:\/\/agora.xtec.cat\/ceipelfarell\/","title":{"rendered":"P\u00e0gines d&#8217;inici"},"content":{"rendered":"<pre style=\"text-align: center;\">\u00a0<\/pre>\n<table style=\"border-collapse: collapse; width: 100%; height: 390px;\">\n<tbody>\n<tr style=\"height: 390px;\">\n<td style=\"width: 73.0727%; height: 390px;\">\n<h3 style=\"text-align: center;\"><strong style=\"font-size: 24px;\">Benvinguts\/des a la p\u00e0gina web de la nostra escola!<\/strong><\/h3>\n<h3 style=\"text-align: center;\">\u00a0SOM ESCOLA ERASMUS +!<\/h3>\n<h2 style=\"text-align: center;\">Generaci\u00f3 Pluriling\u00fce<\/h2>\n<h2 style=\"text-align: center;\"><a style=\"font-style: normal; font-weight: bold; font-family: inherit; font-size: 17.6px;\" href=\"https:\/\/sites.google.com\/escolaelfarell.cat\/erasmus-el-farell\/home\" target=\"_blank\" rel=\"noopener\">Per saber m\u00e9s sobre el nostre projecte<strong style=\"font-size: 17.6px;\">\u00a0Erasmus+ Ideal Art<\/strong>\u00a0cliqueu aqu\u00ed o a la imatge del logotip.<\/a><\/h2>\n<\/td>\n<td style=\"width: 26.9273%; height: 390px;\"><a href=\"https:\/\/sites.google.com\/escolaelfarell.cat\/erasmus-el-farell\/home\" target=\"_blank\" rel=\"noopener\"><img loading=\"lazy\" decoding=\"async\" class=\"wp-image-16194 alignright\" src=\"https:\/\/agora.xtec.cat\/ceipelfarell\/wp-content\/uploads\/usu1549\/2025\/01\/tempFileForShare_20250113-131935.jpg\" alt=\"\" width=\"280\" height=\"253\" srcset=\"https:\/\/agora.xtec.cat\/ceipelfarell\/wp-content\/uploads\/usu1549\/2025\/01\/tempFileForShare_20250113-131935.jpg 850w, https:\/\/agora.xtec.cat\/ceipelfarell\/wp-content\/uploads\/usu1549\/2025\/01\/tempFileForShare_20250113-131935-300x271.jpg 300w, https:\/\/agora.xtec.cat\/ceipelfarell\/wp-content\/uploads\/usu1549\/2025\/01\/tempFileForShare_20250113-131935-768x694.jpg 768w\" sizes=\"auto, (max-width: 280px) 100vw, 280px\" \/><\/a><\/td>\n<\/tr>\n<\/tbody>\n<\/table>\n<pre style=\"text-align: center;\">\u00a0<\/pre>\n\n\n<figure class=\"wp-block-image aligncenter size-full is-resized\"><a href=\"https:\/\/agora.xtec.cat\/ceipelfarell\/general\/proces-de-preinscripcio-2021-22\/\" target=\"_blank\" rel=\" noreferrer noopener\"><img loading=\"lazy\" decoding=\"async\" width=\"848\" height=\"464\" src=\"https:\/\/agora.xtec.cat\/ceipelfarell\/wp-content\/uploads\/usu1549\/2026\/03\/Sense-titol.png\" alt=\"\" class=\"wp-image-18032\" style=\"width:852px;height:auto\" srcset=\"https:\/\/agora.xtec.cat\/ceipelfarell\/wp-content\/uploads\/usu1549\/2026\/03\/Sense-titol.png 848w, https:\/\/agora.xtec.cat\/ceipelfarell\/wp-content\/uploads\/usu1549\/2026\/03\/Sense-titol-300x164.png 300w, https:\/\/agora.xtec.cat\/ceipelfarell\/wp-content\/uploads\/usu1549\/2026\/03\/Sense-titol-768x420.png 768w\" sizes=\"auto, (max-width: 848px) 100vw, 848px\" \/><\/a><\/figure>\n\n\n\n<p class=\"has-text-align-center has-vivid-purple-color has-pale-cyan-blue-background-color has-text-color has-background has-link-color has-medium-font-size wp-elements-621c1fa423328f40a9be9b745a605a6e\"><strong><a href=\"https:\/\/agora.xtec.cat\/ceipelfarell\/general\/proces-de-preinscripcio-2021-22\/\" target=\"_blank\" rel=\"noreferrer noopener\">Si voleu m\u00e9s  informaci\u00f3 sobre el proc\u00e9s de Preinscripci\u00f3 curs 2026-27 cliqueu aquest enlla\u00e7.<\/a><\/strong><\/p>\n\n\n\n<p><\/p>\n","protected":false},"excerpt":{"rendered":"<p>\u00a0 Benvinguts\/des a la p\u00e0gina web de la nostra escola! \u00a0SOM ESCOLA ERASMUS +! Generaci\u00f3 Pluriling\u00fce Per saber m\u00e9s sobre el nostre projecte\u00a0Erasmus+ Ideal Art\u00a0cliqueu aqu\u00ed o a la imatge del logotip. \u00a0 Si voleu m\u00e9s informaci\u00f3 sobre el proc\u00e9s de Preinscripci\u00f3 curs 2026-27 cliqueu aquest enlla\u00e7.<\/p>\n","protected":false},"author":1,"featured_media":0,"parent":0,"menu_order":0,"comment_status":"closed","ping_status":"closed","template":"","meta":{"_bbp_topic_count":0,"_bbp_reply_count":0,"_bbp_total_topic_count":0,"_bbp_total_reply_count":0,"_bbp_voice_count":0,"_bbp_anonymous_reply_count":0,"_bbp_topic_count_hidden":0,"_bbp_reply_count_hidden":0,"_bbp_forum_subforum_count":0,"site-sidebar-layout":"default","site-content-layout":"","ast-site-content-layout":"default","site-content-style":"default","site-sidebar-style":"default","ast-global-header-display":"","ast-banner-title-visibility":"","ast-main-header-display":"","ast-hfb-above-header-display":"","ast-hfb-below-header-display":"","ast-hfb-mobile-header-display":"","site-post-title":"disabled","ast-breadcrumbs-content":"","ast-featured-img":"","footer-sml-layout":"","theme-transparent-header-meta":"default","adv-header-id-meta":"","stick-header-meta":"","header-above-stick-meta":"","header-main-stick-meta":"","header-below-stick-meta":"","astra-migrate-meta-layouts":"set","ast-page-background-enabled":"default","ast-page-background-meta":{"desktop":{"background-color":"var(--ast-global-color-4)","background-image":"","background-repeat":"repeat","background-position":"center center","background-size":"auto","background-attachment":"scroll","background-type":"","background-media":"","overlay-type":"","overlay-color":"","overlay-opacity":"","overlay-gradient":""},"tablet":{"background-color":"","background-image":"","background-repeat":"repeat","background-position":"center center","background-size":"auto","background-attachment":"scroll","background-type":"","background-media":"","overlay-type":"","overlay-color":"","overlay-opacity":"","overlay-gradient":""},"mobile":{"background-color":"","background-image":"","background-repeat":"repeat","background-position":"center center","background-size":"auto","background-attachment":"scroll","background-type":"","background-media":"","overlay-type":"","overlay-color":"","overlay-opacity":"","overlay-gradient":""}},"ast-content-background-meta":{"desktop":{"background-color":"var(--ast-global-color-5)","background-image":"","background-repeat":"repeat","background-position":"center center","background-size":"auto","background-attachment":"scroll","background-type":"","background-media":"","overlay-type":"","overlay-color":"","overlay-opacity":"","overlay-gradient":""},"tablet":{"background-color":"var(--ast-global-color-5)","background-image":"","background-repeat":"repeat","background-position":"center center","background-size":"auto","background-attachment":"scroll","background-type":"","background-media":"","overlay-type":"","overlay-color":"","overlay-opacity":"","overlay-gradient":""},"mobile":{"background-color":"var(--ast-global-color-5)","background-image":"","background-repeat":"repeat","background-position":"center center","background-size":"auto","background-attachment":"scroll","background-type":"","background-media":"","overlay-type":"","overlay-color":"","overlay-opacity":"","overlay-gradient":""}},"footnotes":""},"class_list":["post-7","page","type-page","status-publish","hentry"],"post_mailing_queue_ids":[],"_links":{"self":[{"href":"https:\/\/agora.xtec.cat\/ceipelfarell\/wp-json\/wp\/v2\/pages\/7","targetHints":{"allow":["GET"]}}],"collection":[{"href":"https:\/\/agora.xtec.cat\/ceipelfarell\/wp-json\/wp\/v2\/pages"}],"about":[{"href":"https:\/\/agora.xtec.cat\/ceipelfarell\/wp-json\/wp\/v2\/types\/page"}],"author":[{"embeddable":true,"href":"https:\/\/agora.xtec.cat\/ceipelfarell\/wp-json\/wp\/v2\/users\/1"}],"replies":[{"embeddable":true,"href":"https:\/\/agora.xtec.cat\/ceipelfarell\/wp-json\/wp\/v2\/comments?post=7"}],"version-history":[{"count":6,"href":"https:\/\/agora.xtec.cat\/ceipelfarell\/wp-json\/wp\/v2\/pages\/7\/revisions"}],"predecessor-version":[{"id":18224,"href":"https:\/\/agora.xtec.cat\/ceipelfarell\/wp-json\/wp\/v2\/pages\/7\/revisions\/18224"}],"wp:attachment":[{"href":"https:\/\/agora.xtec.cat\/ceipelfarell\/wp-json\/wp\/v2\/media?parent=7"}],"curies":[{"name":"wp","href":"https:\/\/api.w.org\/{rel}","templated":true}]}}