{"id":6580,"date":"2017-11-14T11:50:40","date_gmt":"2017-11-14T10:50:40","guid":{"rendered":"http:\/\/agora.xtec.cat\/ceipelfarell\/?page_id=6580"},"modified":"2023-12-24T19:16:38","modified_gmt":"2023-12-24T18:16:38","slug":"documents","status":"publish","type":"page","link":"https:\/\/agora.xtec.cat\/ceipelfarell\/lescola\/documents\/","title":{"rendered":"Autoritzacions"},"content":{"rendered":"<p>Des d&#8217;aquesta p\u00e0gina podeu descarregar-vos diferents tipus de documents:<\/p>\n<ul>\n<li><a href=\"https:\/\/drive.google.com\/file\/d\/15YjcRpCSMIfU9F8oH9Ky3zlS8DOBG3Ng\/view?usp=drive_link\" target=\"_blank\" rel=\"noopener\"><strong>Conjunt d&#8217;autoritzacions per alumnes d&#8217;Educaci\u00f3 Infantil<\/strong> (Correu electr\u00f2nic per les fam\u00edlies delegades, Autoritzaci\u00f3 de medicaments en cas d&#8217;urg\u00e8ncia, Comunicaci\u00f3 d&#8217;intoler\u00e0ncies aliment\u00e0ries i\/o al\u00b7l\u00e8rgies, Autoritzaci\u00f3 per sortides i\/o visites curtes)<\/a><\/li>\n<li><a href=\"https:\/\/drive.google.com\/file\/d\/1ws8_t4hZub6SERBK4heBi191V67Iz6lb\/view?usp=drive_link\" target=\"_blank\" rel=\"noopener\"><strong>Conjunt d&#8217;autoritzacions per alumnes\u00a0de\u00a01<\/strong>r (Correu electr\u00f2nic per les fam\u00edlies delegades, Autoritzaci\u00f3 de medicaments en cas d&#8217;urg\u00e8ncia, Comunicaci\u00f3 d&#8217;intoler\u00e0ncies aliment\u00e0ries i\/o al\u00b7l\u00e8rgies, Autoritzaci\u00f3 per sortides i\/o visites curtes)<\/a><\/li>\n<li><a href=\"https:\/\/drive.google.com\/file\/d\/1aEU_SKgOGV_M6GrAflHiDv-MJf2sF107\/view?usp=drive_link\" target=\"_blank\" rel=\"noopener\"><strong>Conjunt d&#8217;autoritzacions per alumnes\u00a0de 2n a 6\u00e8<\/strong> (Correu electr\u00f2nic per les fam\u00edlies delegades, Autoritzaci\u00f3 de medicaments en cas d&#8217;urg\u00e8ncia, Comunicaci\u00f3 d&#8217;intoler\u00e0ncies aliment\u00e0ries i\/o al\u00b7l\u00e8rgies, Autoritzaci\u00f3 per sortides i\/o visites curtes)<\/a><\/li>\n<li><a href=\"https:\/\/drive.google.com\/file\/d\/1NIQaPVnVOShw_10ReTcU44BPC8XtcTSI\/view?usp=drive_link\" target=\"_blank\" rel=\"noopener\"><strong>Recull d&#8217;informaci\u00f3 de psicomotricitat<\/strong><\/a><\/li>\n<li><a href=\"https:\/\/drive.google.com\/file\/d\/13dPWtRbC839DRmF6uXAHinbD17ol3THv\/view?usp=drive_link\" target=\"_blank\" rel=\"noopener\"><strong>Recull d&#8217;informaci\u00f3 d&#8217;educaci\u00f3 f\u00edsica<\/strong><\/a><\/li>\n<li><a href=\"https:\/\/drive.google.com\/file\/d\/1RJKMOER5fW78-gCnv_eUrDvUBJkjUTZX\/view?usp=drive_link\" target=\"_blank\" rel=\"noopener\"><strong>Autoritzaci\u00f3 correu electr\u00f2nic i \u00fas d&#8217;imatges<\/strong><\/a><\/li>\n<li><a href=\"https:\/\/drive.google.com\/file\/d\/178IVGEuj799soXUzTZS_9ma1opO9MDDp\/view?usp=drive_link\" target=\"_blank\" rel=\"noopener\"><strong>Autoritzaci\u00f3 administraci\u00f3 de medicaments<\/strong><\/a><\/li>\n<\/ul>\n<p>&nbsp;<\/p>\n<p>&nbsp;<\/p>\n<p>&nbsp;<\/p>\n<p>&nbsp;<\/p>\n<p>&nbsp;<\/p>\n","protected":false},"excerpt":{"rendered":"<p>Des d&#8217;aquesta p\u00e0gina podeu descarregar-vos diferents tipus de documents: Conjunt d&#8217;autoritzacions per alumnes d&#8217;Educaci\u00f3 Infantil (Correu electr\u00f2nic per les fam\u00edlies delegades, Autoritzaci\u00f3 de medicaments en cas d&#8217;urg\u00e8ncia, Comunicaci\u00f3 d&#8217;intoler\u00e0ncies aliment\u00e0ries i\/o al\u00b7l\u00e8rgies, Autoritzaci\u00f3 per sortides i\/o visites curtes) Conjunt d&#8217;autoritzacions per alumnes\u00a0de\u00a01r (Correu electr\u00f2nic per les fam\u00edlies delegades, Autoritzaci\u00f3 de medicaments en cas d&#8217;urg\u00e8ncia, Comunicaci\u00f3 [&hellip;]<\/p>\n","protected":false},"author":3,"featured_media":0,"parent":22,"menu_order":90,"comment_status":"closed","ping_status":"closed","template":"page-templates\/side-menu.php","meta":{"_bbp_topic_count":0,"_bbp_reply_count":0,"_bbp_total_topic_count":0,"_bbp_total_reply_count":0,"_bbp_voice_count":0,"_bbp_anonymous_reply_count":0,"_bbp_topic_count_hidden":0,"_bbp_reply_count_hidden":0,"_bbp_forum_subforum_count":0,"site-sidebar-layout":"default","site-content-layout":"","ast-site-content-layout":"","site-content-style":"default","site-sidebar-style":"default","ast-global-header-display":"","ast-banner-title-visibility":"","ast-main-header-display":"","ast-hfb-above-header-display":"","ast-hfb-below-header-display":"","ast-hfb-mobile-header-display":"","site-post-title":"","ast-breadcrumbs-content":"","ast-featured-img":"","footer-sml-layout":"","theme-transparent-header-meta":"","adv-header-id-meta":"","stick-header-meta":"","header-above-stick-meta":"","header-main-stick-meta":"","header-below-stick-meta":"","astra-migrate-meta-layouts":"default","ast-page-background-enabled":"default","ast-page-background-meta":{"desktop":{"background-color":"var(--ast-global-color-4)","background-image":"","background-repeat":"repeat","background-position":"center center","background-size":"auto","background-attachment":"scroll","background-type":"","background-media":"","overlay-type":"","overlay-color":"","overlay-opacity":"","overlay-gradient":""},"tablet":{"background-color":"","background-image":"","background-repeat":"repeat","background-position":"center center","background-size":"auto","background-attachment":"scroll","background-type":"","background-media":"","overlay-type":"","overlay-color":"","overlay-opacity":"","overlay-gradient":""},"mobile":{"background-color":"","background-image":"","background-repeat":"repeat","background-position":"center center","background-size":"auto","background-attachment":"scroll","background-type":"","background-media":"","overlay-type":"","overlay-color":"","overlay-opacity":"","overlay-gradient":""}},"ast-content-background-meta":{"desktop":{"background-color":"var(--ast-global-color-5)","background-image":"","background-repeat":"repeat","background-position":"center center","background-size":"auto","background-attachment":"scroll","background-type":"","background-media":"","overlay-type":"","overlay-color":"","overlay-opacity":"","overlay-gradient":""},"tablet":{"background-color":"var(--ast-global-color-5)","background-image":"","background-repeat":"repeat","background-position":"center center","background-size":"auto","background-attachment":"scroll","background-type":"","background-media":"","overlay-type":"","overlay-color":"","overlay-opacity":"","overlay-gradient":""},"mobile":{"background-color":"var(--ast-global-color-5)","background-image":"","background-repeat":"repeat","background-position":"center center","background-size":"auto","background-attachment":"scroll","background-type":"","background-media":"","overlay-type":"","overlay-color":"","overlay-opacity":"","overlay-gradient":""}},"footnotes":""},"class_list":["post-6580","page","type-page","status-publish","hentry"],"post_mailing_queue_ids":[],"_links":{"self":[{"href":"https:\/\/agora.xtec.cat\/ceipelfarell\/wp-json\/wp\/v2\/pages\/6580","targetHints":{"allow":["GET"]}}],"collection":[{"href":"https:\/\/agora.xtec.cat\/ceipelfarell\/wp-json\/wp\/v2\/pages"}],"about":[{"href":"https:\/\/agora.xtec.cat\/ceipelfarell\/wp-json\/wp\/v2\/types\/page"}],"author":[{"embeddable":true,"href":"https:\/\/agora.xtec.cat\/ceipelfarell\/wp-json\/wp\/v2\/users\/3"}],"replies":[{"embeddable":true,"href":"https:\/\/agora.xtec.cat\/ceipelfarell\/wp-json\/wp\/v2\/comments?post=6580"}],"version-history":[{"count":4,"href":"https:\/\/agora.xtec.cat\/ceipelfarell\/wp-json\/wp\/v2\/pages\/6580\/revisions"}],"predecessor-version":[{"id":14920,"href":"https:\/\/agora.xtec.cat\/ceipelfarell\/wp-json\/wp\/v2\/pages\/6580\/revisions\/14920"}],"up":[{"embeddable":true,"href":"https:\/\/agora.xtec.cat\/ceipelfarell\/wp-json\/wp\/v2\/pages\/22"}],"wp:attachment":[{"href":"https:\/\/agora.xtec.cat\/ceipelfarell\/wp-json\/wp\/v2\/media?parent=6580"}],"curies":[{"name":"wp","href":"https:\/\/api.w.org\/{rel}","templated":true}]}}