{"id":5382,"date":"2011-03-15T13:49:06","date_gmt":"2011-03-15T12:49:06","guid":{"rendered":"http:\/\/blocs.xtec.cat\/elfarell\/organitzacio\/families\/"},"modified":"2026-02-06T09:45:47","modified_gmt":"2026-02-06T08:45:47","slug":"families","status":"publish","type":"page","link":"https:\/\/agora.xtec.cat\/ceipelfarell\/lescola\/consell-escolar\/families\/","title":{"rendered":"Fam\u00edlies"},"content":{"rendered":"<p>Les fam\u00edlies de l&#8217;escola col\u00b7laboren a trav\u00e9s de:<\/p>\n<p style=\"text-align: center;\"><a href=\"https:\/\/afaelfarell.blogspot.com\/\" target=\"_blank\" rel=\"noopener\"><img loading=\"lazy\" decoding=\"async\" class=\" wp-image-14092 aligncenter\" src=\"https:\/\/agora.xtec.cat\/ceipelfarell\/wp-content\/uploads\/usu1549\/2023\/05\/afa-el-farell-150x150.jpg\" alt=\"\" width=\"184\" height=\"184\" srcset=\"https:\/\/agora.xtec.cat\/ceipelfarell\/wp-content\/uploads\/usu1549\/2023\/05\/afa-el-farell-150x150.jpg 150w, https:\/\/agora.xtec.cat\/ceipelfarell\/wp-content\/uploads\/usu1549\/2023\/05\/afa-el-farell.jpg 222w\" sizes=\"auto, (max-width: 184px) 100vw, 184px\" \/><\/a><a href=\"https:\/\/afaelfarell.blogspot.com\/\" target=\"_blank\" rel=\"noopener\">Web de l&#8217;AFA El Farell<\/a><\/p>\n<p><a href=\"https:\/\/agora.xtec.cat\/ceipelfarell\/wp-content\/uploads\/usu1549\/2025\/10\/AFA.png\"><img loading=\"lazy\" decoding=\"async\" class=\" wp-image-17316 aligncenter\" src=\"https:\/\/agora.xtec.cat\/ceipelfarell\/wp-content\/uploads\/usu1549\/2025\/10\/AFA.png\" alt=\"\" width=\"461\" height=\"387\" srcset=\"https:\/\/agora.xtec.cat\/ceipelfarell\/wp-content\/uploads\/usu1549\/2025\/10\/AFA.png 595w, https:\/\/agora.xtec.cat\/ceipelfarell\/wp-content\/uploads\/usu1549\/2025\/10\/AFA-300x252.png 300w\" sizes=\"auto, (max-width: 461px) 100vw, 461px\" \/><\/a><\/p>\n<address>\n<p style=\"text-align: center;\">La col\u00b7laboraci\u00f3 i la participaci\u00f3 de les fam\u00edlies de l&#8217;alumnat \u00e9s imprescindible per assolir els millors resultats educatius, personals i socials possibles. La figura de la <strong>fam\u00edlia com a delegat\/da de classe<\/strong> serveix de nexe entre el tutor\/a i els pares i mares de la classe i tamb\u00e9 entre les fam\u00edlies i el centre.\u00a0<\/p>\n<\/address>\n\n\n<div class=\"wp-block-getwid-images-slider has-arrows-inside has-dots-inside has-images-center has-fitted-images\"><div class=\"wp-block-getwid-images-slider__wrapper\" data-effect=\"slide\" data-slides-show=\"1\" data-slides-show-laptop=\"1\" data-slides-show-tablet=\"1\" data-slides-show-mobile=\"1\" data-slides-scroll=\"1\" data-autoplay=\"false\" data-pause-hover=\"false\" data-autoplay-speed=\"6000\" data-infinite=\"true\" data-animation-speed=\"800\" data-center-mode=\"false\" data-variable-width=\"false\" data-arrows=\"inside\" data-dots=\"inside\" data-spacing=\"none\"><div class=\"wp-block-getwid-images-slider__item\"><figure><img loading=\"lazy\" decoding=\"async\" width=\"438\" height=\"563\" src=\"https:\/\/agora.xtec.cat\/ceipelfarell\/wp-content\/uploads\/usu1549\/2026\/02\/1.png\" data-id=\"17891\" data-link=\"https:\/\/agora.xtec.cat\/ceipelfarell\/lescola\/consell-escolar\/families\/attachment\/1-45\/\" data-original-link=\"https:\/\/agora.xtec.cat\/ceipelfarell\/wp-content\/uploads\/usu1549\/2026\/02\/1.png\" class=\"wp-block-getwid-images-slider__image wp-image-17891\" srcset=\"https:\/\/agora.xtec.cat\/ceipelfarell\/wp-content\/uploads\/usu1549\/2026\/02\/1.png 438w, https:\/\/agora.xtec.cat\/ceipelfarell\/wp-content\/uploads\/usu1549\/2026\/02\/1-233x300.png 233w\" sizes=\"auto, (max-width: 438px) 100vw, 438px\" \/><\/figure><\/div><div class=\"wp-block-getwid-images-slider__item\"><figure><img loading=\"lazy\" decoding=\"async\" width=\"384\" height=\"494\" src=\"https:\/\/agora.xtec.cat\/ceipelfarell\/wp-content\/uploads\/usu1549\/2026\/02\/2.png\" data-id=\"17890\" data-link=\"https:\/\/agora.xtec.cat\/ceipelfarell\/lescola\/consell-escolar\/families\/attachment\/2-41\/\" data-original-link=\"https:\/\/agora.xtec.cat\/ceipelfarell\/wp-content\/uploads\/usu1549\/2026\/02\/2.png\" class=\"wp-block-getwid-images-slider__image wp-image-17890\" srcset=\"https:\/\/agora.xtec.cat\/ceipelfarell\/wp-content\/uploads\/usu1549\/2026\/02\/2.png 384w, https:\/\/agora.xtec.cat\/ceipelfarell\/wp-content\/uploads\/usu1549\/2026\/02\/2-233x300.png 233w\" sizes=\"auto, (max-width: 384px) 100vw, 384px\" \/><\/figure><\/div><div class=\"wp-block-getwid-images-slider__item\"><figure><img loading=\"lazy\" decoding=\"async\" width=\"366\" height=\"478\" src=\"https:\/\/agora.xtec.cat\/ceipelfarell\/wp-content\/uploads\/usu1549\/2026\/02\/3.png\" data-id=\"17889\" data-link=\"https:\/\/agora.xtec.cat\/ceipelfarell\/lescola\/consell-escolar\/families\/attachment\/3-34\/\" data-original-link=\"https:\/\/agora.xtec.cat\/ceipelfarell\/wp-content\/uploads\/usu1549\/2026\/02\/3.png\" class=\"wp-block-getwid-images-slider__image wp-image-17889\" srcset=\"https:\/\/agora.xtec.cat\/ceipelfarell\/wp-content\/uploads\/usu1549\/2026\/02\/3.png 366w, https:\/\/agora.xtec.cat\/ceipelfarell\/wp-content\/uploads\/usu1549\/2026\/02\/3-230x300.png 230w\" sizes=\"auto, (max-width: 366px) 100vw, 366px\" \/><\/figure><\/div><div class=\"wp-block-getwid-images-slider__item\"><figure><img loading=\"lazy\" decoding=\"async\" width=\"365\" height=\"484\" src=\"https:\/\/agora.xtec.cat\/ceipelfarell\/wp-content\/uploads\/usu1549\/2026\/02\/4.png\" data-id=\"17888\" data-link=\"https:\/\/agora.xtec.cat\/ceipelfarell\/lescola\/consell-escolar\/families\/attachment\/4-26\/\" data-original-link=\"https:\/\/agora.xtec.cat\/ceipelfarell\/wp-content\/uploads\/usu1549\/2026\/02\/4.png\" class=\"wp-block-getwid-images-slider__image wp-image-17888\" srcset=\"https:\/\/agora.xtec.cat\/ceipelfarell\/wp-content\/uploads\/usu1549\/2026\/02\/4.png 365w, https:\/\/agora.xtec.cat\/ceipelfarell\/wp-content\/uploads\/usu1549\/2026\/02\/4-226x300.png 226w\" sizes=\"auto, (max-width: 365px) 100vw, 365px\" \/><\/figure><\/div><div class=\"wp-block-getwid-images-slider__item\"><figure><img loading=\"lazy\" decoding=\"async\" width=\"373\" height=\"246\" src=\"https:\/\/agora.xtec.cat\/ceipelfarell\/wp-content\/uploads\/usu1549\/2026\/02\/5.png\" data-id=\"17887\" data-link=\"https:\/\/agora.xtec.cat\/ceipelfarell\/lescola\/consell-escolar\/families\/attachment\/5-18\/\" data-original-link=\"https:\/\/agora.xtec.cat\/ceipelfarell\/wp-content\/uploads\/usu1549\/2026\/02\/5.png\" class=\"wp-block-getwid-images-slider__image wp-image-17887\" srcset=\"https:\/\/agora.xtec.cat\/ceipelfarell\/wp-content\/uploads\/usu1549\/2026\/02\/5.png 373w, https:\/\/agora.xtec.cat\/ceipelfarell\/wp-content\/uploads\/usu1549\/2026\/02\/5-300x198.png 300w\" sizes=\"auto, (max-width: 373px) 100vw, 373px\" \/><\/figure><\/div><\/div><\/div>\n","protected":false},"excerpt":{"rendered":"<p>Les fam\u00edlies de l&#8217;escola col\u00b7laboren a trav\u00e9s de: Web de l&#8217;AFA El Farell La col\u00b7laboraci\u00f3 i la participaci\u00f3 de les fam\u00edlies de l&#8217;alumnat \u00e9s imprescindible per assolir els millors resultats educatius, personals i socials possibles. La figura de la fam\u00edlia com a delegat\/da de classe serveix de nexe entre el tutor\/a i els pares i [&hellip;]<\/p>\n","protected":false},"author":1,"featured_media":0,"parent":28,"menu_order":40,"comment_status":"closed","ping_status":"closed","template":"","meta":{"_bbp_topic_count":0,"_bbp_reply_count":0,"_bbp_total_topic_count":0,"_bbp_total_reply_count":0,"_bbp_voice_count":0,"_bbp_anonymous_reply_count":0,"_bbp_topic_count_hidden":0,"_bbp_reply_count_hidden":0,"_bbp_forum_subforum_count":0,"site-sidebar-layout":"default","site-content-layout":"","ast-site-content-layout":"default","site-content-style":"default","site-sidebar-style":"default","ast-global-header-display":"","ast-banner-title-visibility":"","ast-main-header-display":"","ast-hfb-above-header-display":"","ast-hfb-below-header-display":"","ast-hfb-mobile-header-display":"","site-post-title":"","ast-breadcrumbs-content":"","ast-featured-img":"","footer-sml-layout":"","theme-transparent-header-meta":"default","adv-header-id-meta":"","stick-header-meta":"","header-above-stick-meta":"","header-main-stick-meta":"","header-below-stick-meta":"","astra-migrate-meta-layouts":"set","ast-page-background-enabled":"default","ast-page-background-meta":{"desktop":{"background-color":"var(--ast-global-color-4)","background-image":"","background-repeat":"repeat","background-position":"center center","background-size":"auto","background-attachment":"scroll","background-type":"","background-media":"","overlay-type":"","overlay-color":"","overlay-opacity":"","overlay-gradient":""},"tablet":{"background-color":"","background-image":"","background-repeat":"repeat","background-position":"center center","background-size":"auto","background-attachment":"scroll","background-type":"","background-media":"","overlay-type":"","overlay-color":"","overlay-opacity":"","overlay-gradient":""},"mobile":{"background-color":"","background-image":"","background-repeat":"repeat","background-position":"center center","background-size":"auto","background-attachment":"scroll","background-type":"","background-media":"","overlay-type":"","overlay-color":"","overlay-opacity":"","overlay-gradient":""}},"ast-content-background-meta":{"desktop":{"background-color":"var(--ast-global-color-5)","background-image":"","background-repeat":"repeat","background-position":"center center","background-size":"auto","background-attachment":"scroll","background-type":"","background-media":"","overlay-type":"","overlay-color":"","overlay-opacity":"","overlay-gradient":""},"tablet":{"background-color":"var(--ast-global-color-5)","background-image":"","background-repeat":"repeat","background-position":"center center","background-size":"auto","background-attachment":"scroll","background-type":"","background-media":"","overlay-type":"","overlay-color":"","overlay-opacity":"","overlay-gradient":""},"mobile":{"background-color":"var(--ast-global-color-5)","background-image":"","background-repeat":"repeat","background-position":"center center","background-size":"auto","background-attachment":"scroll","background-type":"","background-media":"","overlay-type":"","overlay-color":"","overlay-opacity":"","overlay-gradient":""}},"footnotes":""},"class_list":["post-5382","page","type-page","status-publish","hentry"],"post_mailing_queue_ids":[],"_links":{"self":[{"href":"https:\/\/agora.xtec.cat\/ceipelfarell\/wp-json\/wp\/v2\/pages\/5382","targetHints":{"allow":["GET"]}}],"collection":[{"href":"https:\/\/agora.xtec.cat\/ceipelfarell\/wp-json\/wp\/v2\/pages"}],"about":[{"href":"https:\/\/agora.xtec.cat\/ceipelfarell\/wp-json\/wp\/v2\/types\/page"}],"author":[{"embeddable":true,"href":"https:\/\/agora.xtec.cat\/ceipelfarell\/wp-json\/wp\/v2\/users\/1"}],"replies":[{"embeddable":true,"href":"https:\/\/agora.xtec.cat\/ceipelfarell\/wp-json\/wp\/v2\/comments?post=5382"}],"version-history":[{"count":6,"href":"https:\/\/agora.xtec.cat\/ceipelfarell\/wp-json\/wp\/v2\/pages\/5382\/revisions"}],"predecessor-version":[{"id":17893,"href":"https:\/\/agora.xtec.cat\/ceipelfarell\/wp-json\/wp\/v2\/pages\/5382\/revisions\/17893"}],"up":[{"embeddable":true,"href":"https:\/\/agora.xtec.cat\/ceipelfarell\/wp-json\/wp\/v2\/pages\/28"}],"wp:attachment":[{"href":"https:\/\/agora.xtec.cat\/ceipelfarell\/wp-json\/wp\/v2\/media?parent=5382"}],"curies":[{"name":"wp","href":"https:\/\/api.w.org\/{rel}","templated":true}]}}