{"id":5375,"date":"2010-10-30T20:07:30","date_gmt":"2010-10-30T18:07:30","guid":{"rendered":"http:\/\/blocs.xtec.cat\/elfarell\/?page_id=95"},"modified":"2025-09-03T13:37:56","modified_gmt":"2025-09-03T11:37:56","slug":"activitats-extraescolars-2","status":"publish","type":"page","link":"https:\/\/agora.xtec.cat\/ceipelfarell\/serveis\/activitats-extraescolars-2\/","title":{"rendered":"Activitats extraescolars"},"content":{"rendered":"<p style=\"text-align: center;\">L&#8217;AFA organitza activitats extraescolars en horari de 8h a 9h, de 12.30h a 15h i de 16.30h a 18h.<\/p>\n<p><a href=\"https:\/\/drive.google.com\/file\/d\/1WaGaNDsyjvbBzmPrQXyF8GK5OQLeoMG4\/view?usp=drive_link\" target=\"_blank\" rel=\"noopener\"><img loading=\"lazy\" decoding=\"async\" class=\"wp-image-17143 aligncenter\" src=\"https:\/\/agora.xtec.cat\/ceipelfarell\/wp-content\/uploads\/usu1549\/2025\/09\/extraescolars-25-26.png\" alt=\"\" width=\"251\" height=\"363\" srcset=\"https:\/\/agora.xtec.cat\/ceipelfarell\/wp-content\/uploads\/usu1549\/2025\/09\/extraescolars-25-26.png 438w, https:\/\/agora.xtec.cat\/ceipelfarell\/wp-content\/uploads\/usu1549\/2025\/09\/extraescolars-25-26-207x300.png 207w\" sizes=\"auto, (max-width: 251px) 100vw, 251px\" \/><\/a><\/p>\n<p style=\"text-align: center;\"><a href=\"https:\/\/drive.google.com\/file\/d\/1WaGaNDsyjvbBzmPrQXyF8GK5OQLeoMG4\/view?usp=drive_link\" target=\"_blank\" rel=\"noopener\">Clica aqu\u00ed per accedir al cat\u00e0leg.<\/a><\/p>\n<table style=\"border-collapse: collapse; width: 100%;\">\n<tbody>\n<tr>\n<td style=\"width: 50%;\"><a href=\"https:\/\/agora.xtec.cat\/ceipelfarell\/wp-content\/uploads\/usu1549\/2025\/09\/extraescolars-25-26-horari.png\"><img loading=\"lazy\" decoding=\"async\" class=\"size-full wp-image-17142 alignright\" src=\"https:\/\/agora.xtec.cat\/ceipelfarell\/wp-content\/uploads\/usu1549\/2025\/09\/extraescolars-25-26-horari.png\" alt=\"\" width=\"451\" height=\"638\" srcset=\"https:\/\/agora.xtec.cat\/ceipelfarell\/wp-content\/uploads\/usu1549\/2025\/09\/extraescolars-25-26-horari.png 451w, https:\/\/agora.xtec.cat\/ceipelfarell\/wp-content\/uploads\/usu1549\/2025\/09\/extraescolars-25-26-horari-212x300.png 212w\" sizes=\"auto, (max-width: 451px) 100vw, 451px\" \/><\/a><\/td>\n<td style=\"width: 50%;\"><a href=\"https:\/\/agora.xtec.cat\/ceipelfarell\/wp-content\/uploads\/usu1549\/2025\/09\/extraescolars-25-26-horari-2.png\"><img loading=\"lazy\" decoding=\"async\" class=\"alignnone size-full wp-image-17144\" src=\"https:\/\/agora.xtec.cat\/ceipelfarell\/wp-content\/uploads\/usu1549\/2025\/09\/extraescolars-25-26-horari-2.png\" alt=\"\" width=\"454\" height=\"636\" srcset=\"https:\/\/agora.xtec.cat\/ceipelfarell\/wp-content\/uploads\/usu1549\/2025\/09\/extraescolars-25-26-horari-2.png 454w, https:\/\/agora.xtec.cat\/ceipelfarell\/wp-content\/uploads\/usu1549\/2025\/09\/extraescolars-25-26-horari-2-214x300.png 214w\" sizes=\"auto, (max-width: 454px) 100vw, 454px\" \/><\/a><\/td>\n<\/tr>\n<\/tbody>\n<\/table>\n<p style=\"text-align: left;\">La nostra escola participa des de fa 12 cursos en el <strong>Pla Catal\u00e0 de l&#8217;Esport a l&#8217;Escola.<\/strong><\/p>\n<p style=\"text-align: left;\">Els objectius d&#8217;aquest pla s\u00f3n:<\/p>\n<ul style=\"text-align: center;\">\n<li style=\"text-align: left;\">Millorar la oferta actual d&#8217;activitats per poder arribar a tothom i fer participar als nens tamb\u00e9 en la seva organitzaci\u00f3 i gesti\u00f3.<\/li>\n<li style=\"text-align: left;\">Afegir a la millora dels h\u00e0bits alimentaris el foment de la pr\u00e0ctica regular d&#8217;activitats f\u00edsiques i esportives.<\/li>\n<li style=\"text-align: left;\">Aprofitar el potencial educatiu de la pr\u00e0ctica esportiva per afavorir la cohesi\u00f3 social i la formaci\u00f3 en valors.<\/li>\n<li style=\"text-align: left;\">Aprofitar les instal\u00b7lacions esportives del centre educatiu en horaris no lectiu.<\/li>\n<\/ul>\n<p style=\"text-align: left;\">Dins del marc d&#8217;aquest Pla organitzem les activitats extraescolars esportives del nostre centre: Escacs, F\u00fatbol, B\u00e0squet i Multiesports.<\/p>\n<p>______________________________________________________________________________________________________________________________<\/p>\n<h2>Contacte mail\u00a0 EXTRAESCOLAR: <a href=\"mailto:extraescolarselfarell@gmail.com\" target=\"_blank\" rel=\"noopener\"><span dir=\"ltr\">extraescolarself<wbr \/>arell@gmail.com<\/span><\/a><\/h2>\n<h2><\/h2>\n<h2>Contacte AFA: <a href=\"mailto:contactarampaelfarell@gmail.com\" target=\"_blank\" rel=\"noopener\"><span dir=\"ltr\">contactarampaelfarell@<wbr \/>gmail.com<\/span><\/a><\/h2>\n<h2><\/h2>\n<div><\/div>\n","protected":false},"excerpt":{"rendered":"<p>L&#8217;AFA organitza activitats extraescolars en horari de 8h a 9h, de 12.30h a 15h i de 16.30h a 18h. Clica aqu\u00ed per accedir al cat\u00e0leg. La nostra escola participa des de fa 12 cursos en el Pla Catal\u00e0 de l&#8217;Esport a l&#8217;Escola. Els objectius d&#8217;aquest pla s\u00f3n: Millorar la oferta actual d&#8217;activitats per poder arribar [&hellip;]<\/p>\n","protected":false},"author":1,"featured_media":0,"parent":66,"menu_order":70,"comment_status":"closed","ping_status":"closed","template":"page-templates\/side-menu.php","meta":{"_bbp_topic_count":0,"_bbp_reply_count":0,"_bbp_total_topic_count":0,"_bbp_total_reply_count":0,"_bbp_voice_count":0,"_bbp_anonymous_reply_count":0,"_bbp_topic_count_hidden":0,"_bbp_reply_count_hidden":0,"_bbp_forum_subforum_count":0,"site-sidebar-layout":"default","site-content-layout":"","ast-site-content-layout":"","site-content-style":"default","site-sidebar-style":"default","ast-global-header-display":"","ast-banner-title-visibility":"","ast-main-header-display":"","ast-hfb-above-header-display":"","ast-hfb-below-header-display":"","ast-hfb-mobile-header-display":"","site-post-title":"","ast-breadcrumbs-content":"","ast-featured-img":"","footer-sml-layout":"","theme-transparent-header-meta":"","adv-header-id-meta":"","stick-header-meta":"","header-above-stick-meta":"","header-main-stick-meta":"","header-below-stick-meta":"","astra-migrate-meta-layouts":"default","ast-page-background-enabled":"default","ast-page-background-meta":{"desktop":{"background-color":"var(--ast-global-color-4)","background-image":"","background-repeat":"repeat","background-position":"center center","background-size":"auto","background-attachment":"scroll","background-type":"","background-media":"","overlay-type":"","overlay-color":"","overlay-opacity":"","overlay-gradient":""},"tablet":{"background-color":"","background-image":"","background-repeat":"repeat","background-position":"center center","background-size":"auto","background-attachment":"scroll","background-type":"","background-media":"","overlay-type":"","overlay-color":"","overlay-opacity":"","overlay-gradient":""},"mobile":{"background-color":"","background-image":"","background-repeat":"repeat","background-position":"center center","background-size":"auto","background-attachment":"scroll","background-type":"","background-media":"","overlay-type":"","overlay-color":"","overlay-opacity":"","overlay-gradient":""}},"ast-content-background-meta":{"desktop":{"background-color":"var(--ast-global-color-5)","background-image":"","background-repeat":"repeat","background-position":"center center","background-size":"auto","background-attachment":"scroll","background-type":"","background-media":"","overlay-type":"","overlay-color":"","overlay-opacity":"","overlay-gradient":""},"tablet":{"background-color":"var(--ast-global-color-5)","background-image":"","background-repeat":"repeat","background-position":"center center","background-size":"auto","background-attachment":"scroll","background-type":"","background-media":"","overlay-type":"","overlay-color":"","overlay-opacity":"","overlay-gradient":""},"mobile":{"background-color":"var(--ast-global-color-5)","background-image":"","background-repeat":"repeat","background-position":"center center","background-size":"auto","background-attachment":"scroll","background-type":"","background-media":"","overlay-type":"","overlay-color":"","overlay-opacity":"","overlay-gradient":""}},"footnotes":""},"class_list":["post-5375","page","type-page","status-publish","hentry"],"post_mailing_queue_ids":[],"_links":{"self":[{"href":"https:\/\/agora.xtec.cat\/ceipelfarell\/wp-json\/wp\/v2\/pages\/5375","targetHints":{"allow":["GET"]}}],"collection":[{"href":"https:\/\/agora.xtec.cat\/ceipelfarell\/wp-json\/wp\/v2\/pages"}],"about":[{"href":"https:\/\/agora.xtec.cat\/ceipelfarell\/wp-json\/wp\/v2\/types\/page"}],"author":[{"embeddable":true,"href":"https:\/\/agora.xtec.cat\/ceipelfarell\/wp-json\/wp\/v2\/users\/1"}],"replies":[{"embeddable":true,"href":"https:\/\/agora.xtec.cat\/ceipelfarell\/wp-json\/wp\/v2\/comments?post=5375"}],"version-history":[{"count":6,"href":"https:\/\/agora.xtec.cat\/ceipelfarell\/wp-json\/wp\/v2\/pages\/5375\/revisions"}],"predecessor-version":[{"id":17145,"href":"https:\/\/agora.xtec.cat\/ceipelfarell\/wp-json\/wp\/v2\/pages\/5375\/revisions\/17145"}],"up":[{"embeddable":true,"href":"https:\/\/agora.xtec.cat\/ceipelfarell\/wp-json\/wp\/v2\/pages\/66"}],"wp:attachment":[{"href":"https:\/\/agora.xtec.cat\/ceipelfarell\/wp-json\/wp\/v2\/media?parent=5375"}],"curies":[{"name":"wp","href":"https:\/\/api.w.org\/{rel}","templated":true}]}}