{"id":5363,"date":"2010-10-27T11:56:58","date_gmt":"2010-10-27T09:56:58","guid":{"rendered":"http:\/\/blocs.xtec.cat\/elfarell\/?page_id=26"},"modified":"2026-03-27T10:57:08","modified_gmt":"2026-03-27T09:57:08","slug":"recursos-humans","status":"publish","type":"page","link":"https:\/\/agora.xtec.cat\/ceipelfarell\/lescola\/consell-escolar\/recursos-humans\/","title":{"rendered":"Recursos humans"},"content":{"rendered":"<p style=\"text-align: center;\"><a href=\"https:\/\/agora.xtec.cat\/ceipelfarell\/wp-content\/uploads\/usu1549\/2026\/03\/altres-2.png\"><img loading=\"lazy\" decoding=\"async\" class=\"alignnone  wp-image-18282\" src=\"https:\/\/agora.xtec.cat\/ceipelfarell\/wp-content\/uploads\/usu1549\/2026\/03\/altres-2-726x1024.png\" alt=\"\" width=\"410\" height=\"579\" srcset=\"https:\/\/agora.xtec.cat\/ceipelfarell\/wp-content\/uploads\/usu1549\/2026\/03\/altres-2-726x1024.png 726w, https:\/\/agora.xtec.cat\/ceipelfarell\/wp-content\/uploads\/usu1549\/2026\/03\/altres-2-213x300.png 213w, https:\/\/agora.xtec.cat\/ceipelfarell\/wp-content\/uploads\/usu1549\/2026\/03\/altres-2-768x1083.png 768w, https:\/\/agora.xtec.cat\/ceipelfarell\/wp-content\/uploads\/usu1549\/2026\/03\/altres-2-1090x1536.png 1090w, https:\/\/agora.xtec.cat\/ceipelfarell\/wp-content\/uploads\/usu1549\/2026\/03\/altres-2.png 1240w\" sizes=\"auto, (max-width: 410px) 100vw, 410px\" \/><\/a><\/p>\n<p>Els\/Les diferents coordinadors\/es i persones que treballen aquest any a l&#8217;escola s\u00f3n:<\/p>\n<p><strong>Coordinadora digital: <\/strong>Olga Villalba<\/p>\n<p><strong>Coordinadora del Projecte Dinamitzaci\u00f3 de la Biblioteca: <\/strong>S\u00f2nia Castillo<\/p>\n<p><strong>Coordinador LIC i L\u00c8CXIT:<\/strong> Tamara Barrera<a href=\"http:\/\/agora.xtec.cat\/ceipelfarell\/wp-content\/uploads\/usu1549\/2010\/10\/recursos-humanos.jpg\"><img loading=\"lazy\" decoding=\"async\" class=\" wp-image-5916 alignright\" src=\"http:\/\/agora.xtec.cat\/ceipelfarell\/wp-content\/uploads\/usu1549\/2010\/10\/recursos-humanos-300x176.jpg\" alt=\"recursos-humanos\" width=\"436\" height=\"256\" srcset=\"https:\/\/agora.xtec.cat\/ceipelfarell\/wp-content\/uploads\/usu1549\/2010\/10\/recursos-humanos-300x176.jpg 300w, https:\/\/agora.xtec.cat\/ceipelfarell\/wp-content\/uploads\/usu1549\/2010\/10\/recursos-humanos.jpg 460w\" sizes=\"auto, (max-width: 436px) 100vw, 436px\" \/><\/a><\/p>\n<p><strong>Coordinadora d&#8217;Esdeveniments Culturals: <\/strong>M\u00f2nica G\u00f3mez<\/p>\n<p><strong>Coordinadora del Pla Catal\u00e0 Esport a l&#8217;Escola:\u00a0<\/strong>Dolors Codina<\/p>\n<p><strong>Coordinadora de Riscos Laborals:<\/strong> Joan Ilari<\/p>\n<p><strong>Coordinadora de Lleng\u00fces Estrangeres:\u00a0<\/strong>S\u00f2nia Castillo<\/p>\n<p><strong>Coordinadora Coeducaci\u00f3, conviv\u00e8ncia i benestar de l&#8217;alumnat<\/strong>:\u00a0Eva G\u00fceto<\/p>\n<p><strong>Auxiliar d&#8217;Educaci\u00f3 Especial:<\/strong> Eduard Castells i Gala Sandoval<\/p>\n<p><strong>Psicopedagoga de l&#8217;EAP:<\/strong> Carolina Mart\u00ednez<\/p>\n<p><strong>Psic\u00f2leg municipal:<\/strong> Daniel Tejedor<\/p>\n<p><strong>Logopeda CREDA:<\/strong> Silvia Pedret<\/p>\n<p><strong>Fisioterapeuta de l&#8217;EAP: <\/strong>Elisenda Molera<\/p>\n<p><strong>Auxiliar administrativa: <\/strong>Susana Trav\u00e9s<\/p>\n<p><strong>Bidell:<\/strong>\u00a0Xavier Fern\u00e1ndez<\/p>\n<h3><strong>MENJADOR:<\/strong><\/h3>\n<p><a href=\"https:\/\/agora.xtec.cat\/ceipelfarell\/wp-content\/uploads\/usu1549\/2025\/10\/menjador-25-26.png\"><img loading=\"lazy\" decoding=\"async\" class=\"alignnone size-full wp-image-17319\" src=\"https:\/\/agora.xtec.cat\/ceipelfarell\/wp-content\/uploads\/usu1549\/2025\/10\/menjador-25-26.png\" alt=\"\" width=\"571\" height=\"739\" srcset=\"https:\/\/agora.xtec.cat\/ceipelfarell\/wp-content\/uploads\/usu1549\/2025\/10\/menjador-25-26.png 571w, https:\/\/agora.xtec.cat\/ceipelfarell\/wp-content\/uploads\/usu1549\/2025\/10\/menjador-25-26-232x300.png 232w\" sizes=\"auto, (max-width: 571px) 100vw, 571px\" \/><\/a><\/p>\n","protected":false},"excerpt":{"rendered":"<p>Els\/Les diferents coordinadors\/es i persones que treballen aquest any a l&#8217;escola s\u00f3n: Coordinadora digital: Olga Villalba Coordinadora del Projecte Dinamitzaci\u00f3 de la Biblioteca: S\u00f2nia Castillo Coordinador LIC i L\u00c8CXIT: Tamara Barrera Coordinadora d&#8217;Esdeveniments Culturals: M\u00f2nica G\u00f3mez Coordinadora del Pla Catal\u00e0 Esport a l&#8217;Escola:\u00a0Dolors Codina Coordinadora de Riscos Laborals: Joan Ilari Coordinadora de Lleng\u00fces Estrangeres:\u00a0S\u00f2nia Castillo [&hellip;]<\/p>\n","protected":false},"author":1,"featured_media":0,"parent":28,"menu_order":30,"comment_status":"closed","ping_status":"closed","template":"","meta":{"_bbp_topic_count":0,"_bbp_reply_count":0,"_bbp_total_topic_count":0,"_bbp_total_reply_count":0,"_bbp_voice_count":0,"_bbp_anonymous_reply_count":0,"_bbp_topic_count_hidden":0,"_bbp_reply_count_hidden":0,"_bbp_forum_subforum_count":0,"site-sidebar-layout":"default","site-content-layout":"","ast-site-content-layout":"default","site-content-style":"default","site-sidebar-style":"default","ast-global-header-display":"","ast-banner-title-visibility":"","ast-main-header-display":"","ast-hfb-above-header-display":"","ast-hfb-below-header-display":"","ast-hfb-mobile-header-display":"","site-post-title":"","ast-breadcrumbs-content":"","ast-featured-img":"","footer-sml-layout":"","theme-transparent-header-meta":"default","adv-header-id-meta":"","stick-header-meta":"","header-above-stick-meta":"","header-main-stick-meta":"","header-below-stick-meta":"","astra-migrate-meta-layouts":"set","ast-page-background-enabled":"default","ast-page-background-meta":{"desktop":{"background-color":"var(--ast-global-color-4)","background-image":"","background-repeat":"repeat","background-position":"center center","background-size":"auto","background-attachment":"scroll","background-type":"","background-media":"","overlay-type":"","overlay-color":"","overlay-opacity":"","overlay-gradient":""},"tablet":{"background-color":"","background-image":"","background-repeat":"repeat","background-position":"center center","background-size":"auto","background-attachment":"scroll","background-type":"","background-media":"","overlay-type":"","overlay-color":"","overlay-opacity":"","overlay-gradient":""},"mobile":{"background-color":"","background-image":"","background-repeat":"repeat","background-position":"center center","background-size":"auto","background-attachment":"scroll","background-type":"","background-media":"","overlay-type":"","overlay-color":"","overlay-opacity":"","overlay-gradient":""}},"ast-content-background-meta":{"desktop":{"background-color":"var(--ast-global-color-5)","background-image":"","background-repeat":"repeat","background-position":"center center","background-size":"auto","background-attachment":"scroll","background-type":"","background-media":"","overlay-type":"","overlay-color":"","overlay-opacity":"","overlay-gradient":""},"tablet":{"background-color":"var(--ast-global-color-5)","background-image":"","background-repeat":"repeat","background-position":"center center","background-size":"auto","background-attachment":"scroll","background-type":"","background-media":"","overlay-type":"","overlay-color":"","overlay-opacity":"","overlay-gradient":""},"mobile":{"background-color":"var(--ast-global-color-5)","background-image":"","background-repeat":"repeat","background-position":"center center","background-size":"auto","background-attachment":"scroll","background-type":"","background-media":"","overlay-type":"","overlay-color":"","overlay-opacity":"","overlay-gradient":""}},"footnotes":""},"class_list":["post-5363","page","type-page","status-publish","hentry"],"post_mailing_queue_ids":[],"_links":{"self":[{"href":"https:\/\/agora.xtec.cat\/ceipelfarell\/wp-json\/wp\/v2\/pages\/5363","targetHints":{"allow":["GET"]}}],"collection":[{"href":"https:\/\/agora.xtec.cat\/ceipelfarell\/wp-json\/wp\/v2\/pages"}],"about":[{"href":"https:\/\/agora.xtec.cat\/ceipelfarell\/wp-json\/wp\/v2\/types\/page"}],"author":[{"embeddable":true,"href":"https:\/\/agora.xtec.cat\/ceipelfarell\/wp-json\/wp\/v2\/users\/1"}],"replies":[{"embeddable":true,"href":"https:\/\/agora.xtec.cat\/ceipelfarell\/wp-json\/wp\/v2\/comments?post=5363"}],"version-history":[{"count":6,"href":"https:\/\/agora.xtec.cat\/ceipelfarell\/wp-json\/wp\/v2\/pages\/5363\/revisions"}],"predecessor-version":[{"id":18284,"href":"https:\/\/agora.xtec.cat\/ceipelfarell\/wp-json\/wp\/v2\/pages\/5363\/revisions\/18284"}],"up":[{"embeddable":true,"href":"https:\/\/agora.xtec.cat\/ceipelfarell\/wp-json\/wp\/v2\/pages\/28"}],"wp:attachment":[{"href":"https:\/\/agora.xtec.cat\/ceipelfarell\/wp-json\/wp\/v2\/media?parent=5363"}],"curies":[{"name":"wp","href":"https:\/\/api.w.org\/{rel}","templated":true}]}}