{"id":3794,"date":"2015-02-11T08:53:03","date_gmt":"2015-02-11T07:53:03","guid":{"rendered":"http:\/\/blocs.xtec.cat\/elfarell\/?page_id=3794"},"modified":"2026-03-04T09:58:32","modified_gmt":"2026-03-04T08:58:32","slug":"portes-obertes","status":"publish","type":"page","link":"https:\/\/agora.xtec.cat\/ceipelfarell\/portes-obertes\/","title":{"rendered":"Portes Obertes"},"content":{"rendered":"\n<figure class=\"wp-block-image aligncenter size-full is-resized\"><a href=\"https:\/\/agora.xtec.cat\/ceipelfarell\/wp-content\/uploads\/usu1549\/2026\/01\/image.png\"><img loading=\"lazy\" decoding=\"async\" width=\"787\" height=\"633\" src=\"https:\/\/agora.xtec.cat\/ceipelfarell\/wp-content\/uploads\/usu1549\/2026\/01\/image.png\" alt=\"\" class=\"wp-image-17843\" style=\"width:685px;height:auto\" srcset=\"https:\/\/agora.xtec.cat\/ceipelfarell\/wp-content\/uploads\/usu1549\/2026\/01\/image.png 787w, https:\/\/agora.xtec.cat\/ceipelfarell\/wp-content\/uploads\/usu1549\/2026\/01\/image-300x241.png 300w, https:\/\/agora.xtec.cat\/ceipelfarell\/wp-content\/uploads\/usu1549\/2026\/01\/image-768x618.png 768w\" sizes=\"auto, (max-width: 787px) 100vw, 787px\" \/><\/a><\/figure>\n\n\n\n<p class=\"has-background has-medium-font-size\" style=\"background-color:#eb9e91\"><strong>Per a qualsevol dubte: envieu un correu a l&#8217;escola: ceipelfarell@xtec.cat&nbsp; &nbsp;o truqueu a:&nbsp; &nbsp;tel\u00e8fon: 938650373&nbsp; \/ m\u00f2bil: 634801599<\/strong><\/p>\n\n\n<div style=\"text-align: left;\">\n<h2 style=\"text-align: center;\">Vine a con\u00e8ixer la nostra escola i el nostre projecte pedag\u00f2gic.<\/h2>\n<table style=\"border-collapse: collapse; width: 100%;\">\n<tbody>\n<tr>\n<td style=\"width: 50%;\">\n<h4>Clicant aquest enlla\u00e7 us podieu apuntar i rebre el FARELL INFORMA DE PORTES OBERTES, amb la informaci\u00f3 m\u00e9s rellevant del nostre projecte educatiu.<\/h4>\n<h5>Si esteu interessats en rebre&#8217;l poseu-vos en contacte amb la nostra escola.\u00a0<\/h5>\n<\/td>\n<td style=\"width: 50%;\"><a href=\"https:\/\/forms.gle\/SDrbBQNnfvpLoc3J8\" target=\"_blank\" rel=\"noopener\"><img loading=\"lazy\" decoding=\"async\" class=\"alignnone wp-image-17856 size-full\" src=\"https:\/\/agora.xtec.cat\/ceipelfarell\/wp-content\/uploads\/usu1549\/2026\/01\/apuntat.png\" alt=\"\" width=\"882\" height=\"454\" srcset=\"https:\/\/agora.xtec.cat\/ceipelfarell\/wp-content\/uploads\/usu1549\/2026\/01\/apuntat.png 882w, https:\/\/agora.xtec.cat\/ceipelfarell\/wp-content\/uploads\/usu1549\/2026\/01\/apuntat-300x154.png 300w, https:\/\/agora.xtec.cat\/ceipelfarell\/wp-content\/uploads\/usu1549\/2026\/01\/apuntat-768x395.png 768w\" sizes=\"auto, (max-width: 882px) 100vw, 882px\" \/><\/a><\/td>\n<\/tr>\n<\/tbody>\n<\/table>\n<h2 style=\"text-align: center;\">___________________________________________<\/h2>\n<h2 style=\"text-align: center;\">UN PASSEIG PER I3<\/h2>\n<p style=\"text-align: center;\">(Cliqueu per veure el v\u00eddeo)<\/p>\n<p style=\"text-align: center;\"><iframe loading=\"lazy\" src=\"https:\/\/drive.google.com\/file\/d\/1KCY8s3yAqob5rsxnV2BymyfxNUk-R7Iu\/preview\" width=\"640\" height=\"480\" data-mce-fragment=\"1\"><\/iframe><\/p>\n<h2 style=\"text-align: center;\">___________________________________________<\/h2>\n<h2 style=\"text-align: center;\">VOLEU FER UNA MIRADA A LA NOSTRA ESCOLA?<\/h2>\n<p style=\"text-align: center;\">(Cliqueu per veure el v\u00eddeo)<\/p>\n<p style=\"text-align: center;\"><iframe loading=\"lazy\" src=\"https:\/\/drive.google.com\/file\/d\/1ZwdYlg39R1qITWMw9JXPVTxDoyN5u--a\/preview\" width=\"640\" height=\"480\" data-mce-fragment=\"1\"><\/iframe><\/p>\n<h2 style=\"text-align: center;\">___________________________________________<\/h2>\n<p style=\"text-align: center;\">Vols veure els nostres espais, clica en els \u201culls\u201d i podr\u00e0s endinsar-t\u2019hi!<\/p>\n<p><a href=\"https:\/\/view.genially.com\/5eb18c3a54415e0d3e4f3580\/interactive-image-escola-el-farell-les-nostres-installacions\" target=\"_blank\" rel=\"noopener\"><img loading=\"lazy\" decoding=\"async\" class=\"wp-image-16205 aligncenter\" src=\"https:\/\/agora.xtec.cat\/ceipelfarell\/wp-content\/uploads\/usu1549\/2025\/01\/Com-es-la-nostra-escola-1024x668.png\" alt=\"\" width=\"780\" height=\"509\" srcset=\"https:\/\/agora.xtec.cat\/ceipelfarell\/wp-content\/uploads\/usu1549\/2025\/01\/Com-es-la-nostra-escola-1024x668.png 1024w, https:\/\/agora.xtec.cat\/ceipelfarell\/wp-content\/uploads\/usu1549\/2025\/01\/Com-es-la-nostra-escola-300x196.png 300w, https:\/\/agora.xtec.cat\/ceipelfarell\/wp-content\/uploads\/usu1549\/2025\/01\/Com-es-la-nostra-escola-768x501.png 768w, https:\/\/agora.xtec.cat\/ceipelfarell\/wp-content\/uploads\/usu1549\/2025\/01\/Com-es-la-nostra-escola.png 1332w\" sizes=\"auto, (max-width: 780px) 100vw, 780px\" \/><\/a><\/p>\n<h2 style=\"text-align: center;\">___________________________________________<\/h2>\n<h5 style=\"text-align: center;\">Seguidament us mostrem un v\u00eddeo sobre les CAPSES D&#8217;APRENENTATGE que realitzem amb els alumnes de Prim\u00e0ria<\/h5>\n<p style=\"text-align: center;\">\u00a0<iframe loading=\"lazy\" src=\"https:\/\/drive.google.com\/file\/d\/1mKenTtCdOHPuV6n3-PeHwnd_dFdRcS0l\/preview\" width=\"640\" height=\"480\"><\/iframe><\/p>\n<p style=\"text-align: center;\"><span style=\"font-family: inherit; font-size: 1em; text-align: center;\">A continuaci\u00f3 us mostrem un v\u00eddeo sobre els<strong> &#8220;ESPAIS D&#8217;APRENENTATGE,<\/strong> experi\u00e8ncies actives&#8221; que <strong>vam gravar el curs 2018-19<\/strong> basat en la metodologia que portem a terme amb els alumnes d&#8217;I3 i I4 conjuntament i I5 i 1r. Tamb\u00e9 podeu veure el v\u00eddeo del <strong>nostre himne<\/strong> elaborat per tota la comunitat educativa.\u00a0<\/span><\/p>\n<p style=\"text-align: center;\"><iframe loading=\"lazy\" src=\"https:\/\/www.youtube.com\/embed\/DELKB5KEx6A\" width=\"560\" height=\"315\" frameborder=\"0\" data-mce-fragment=\"1\"><\/iframe><iframe loading=\"lazy\" src=\"https:\/\/www.youtube.com\/embed\/jxnB5cmMYcM\" width=\"560\" height=\"315\" frameborder=\"0\" data-mce-fragment=\"1\"><\/iframe><\/p>\n<h1 style=\"text-align: center;\">___________________________________<\/h1>\n<h4 style=\"text-align: center;\">LILDAMI VISITA LA NOSTRA ESCOLA EN RECONEIXEMENT AL MENJADOR DINS DEL PROJECTE \u00a0&#8220;BO, SA I D&#8217;AQU\u00cd&#8221;<\/h4>\n<p style=\"text-align: center;\">(Cliqueu per veure el v\u00eddeo)<\/p>\n<p style=\"text-align: center;\">\u00a0<iframe loading=\"lazy\" src=\"https:\/\/drive.google.com\/file\/d\/1SypMY4eMTQOZ_0fUI0ePlVctHllEwtQP\/preview\" width=\"640\" height=\"480\" data-mce-fragment=\"1\"><\/iframe><\/p>\n<div style=\"text-align: left;\">\n<h1 style=\"text-align: center;\">___________________________________<\/h1>\n<\/div>\n<div style=\"width: 100%;\">\n<div style=\"text-align: center;\">\n<p style=\"text-align: center;\"><strong>QU\u00c8 PENSEN LES NOSTRES FAM\u00cdLIES SOBRE L&#8217;ESCOLA?<\/strong><\/p>\n<h5 style=\"text-align: center;\"><div class=\"h5p-iframe-wrapper\"><iframe id=\"h5p-iframe-1\" class=\"h5p-iframe\" data-content-id=\"1\" style=\"height:1px\" src=\"about:blank\" frameBorder=\"0\" scrolling=\"no\" title=\"QU\u00c8 PENSEN LES NOSTRES FAM\u00cdLIES SOBRE L&#039;ESCOLA EL FARELL?\"><\/iframe><\/div><\/h5>\n<p style=\"text-align: center;\">L\u2019escola El Farell us regala aquest v\u00eddeo PLE DE PETONS per celebrar el dia de la no-viol\u00e8ncia i la pau!<\/p>\n<div style=\"text-align: center;\">\n<p><iframe loading=\"lazy\" src=\"https:\/\/www.youtube.com\/embed\/A4z5G2737sg\" width=\"560\" height=\"315\" frameborder=\"0\" data-mce-fragment=\"1\"><\/iframe><\/p>\n<h1 style=\"text-align: center;\">___________________________________<\/h1>\n<h2>\u00a0<\/h2>\n<\/div>\n<\/div>\n<\/div>\n<\/div>\n\n\n<p><\/p>\n","protected":false},"excerpt":{"rendered":"<p>Per a qualsevol dubte: envieu un correu a l&#8217;escola: ceipelfarell@xtec.cat&nbsp; &nbsp;o truqueu a:&nbsp; &nbsp;tel\u00e8fon: 938650373&nbsp; \/ m\u00f2bil: 634801599 Vine a con\u00e8ixer la nostra escola i el nostre projecte pedag\u00f2gic. Clicant aquest enlla\u00e7 us podieu apuntar i rebre el FARELL INFORMA DE PORTES OBERTES, amb la informaci\u00f3 m\u00e9s rellevant del nostre projecte educatiu. Si esteu interessats [&hellip;]<\/p>\n","protected":false},"author":1,"featured_media":0,"parent":0,"menu_order":80,"comment_status":"open","ping_status":"open","template":"","meta":{"_bbp_topic_count":0,"_bbp_reply_count":0,"_bbp_total_topic_count":0,"_bbp_total_reply_count":0,"_bbp_voice_count":0,"_bbp_anonymous_reply_count":0,"_bbp_topic_count_hidden":0,"_bbp_reply_count_hidden":0,"_bbp_forum_subforum_count":0,"site-sidebar-layout":"no-sidebar","site-content-layout":"","ast-site-content-layout":"default","site-content-style":"default","site-sidebar-style":"default","ast-global-header-display":"","ast-banner-title-visibility":"","ast-main-header-display":"","ast-hfb-above-header-display":"","ast-hfb-below-header-display":"","ast-hfb-mobile-header-display":"","site-post-title":"","ast-breadcrumbs-content":"","ast-featured-img":"","footer-sml-layout":"","theme-transparent-header-meta":"default","adv-header-id-meta":"","stick-header-meta":"","header-above-stick-meta":"","header-main-stick-meta":"","header-below-stick-meta":"","astra-migrate-meta-layouts":"set","ast-page-background-enabled":"default","ast-page-background-meta":{"desktop":{"background-color":"var(--ast-global-color-4)","background-image":"","background-repeat":"repeat","background-position":"center center","background-size":"auto","background-attachment":"scroll","background-type":"","background-media":"","overlay-type":"","overlay-color":"","overlay-opacity":"","overlay-gradient":""},"tablet":{"background-color":"","background-image":"","background-repeat":"repeat","background-position":"center center","background-size":"auto","background-attachment":"scroll","background-type":"","background-media":"","overlay-type":"","overlay-color":"","overlay-opacity":"","overlay-gradient":""},"mobile":{"background-color":"","background-image":"","background-repeat":"repeat","background-position":"center center","background-size":"auto","background-attachment":"scroll","background-type":"","background-media":"","overlay-type":"","overlay-color":"","overlay-opacity":"","overlay-gradient":""}},"ast-content-background-meta":{"desktop":{"background-color":"var(--ast-global-color-5)","background-image":"","background-repeat":"repeat","background-position":"center center","background-size":"auto","background-attachment":"scroll","background-type":"","background-media":"","overlay-type":"","overlay-color":"","overlay-opacity":"","overlay-gradient":""},"tablet":{"background-color":"var(--ast-global-color-5)","background-image":"","background-repeat":"repeat","background-position":"center center","background-size":"auto","background-attachment":"scroll","background-type":"","background-media":"","overlay-type":"","overlay-color":"","overlay-opacity":"","overlay-gradient":""},"mobile":{"background-color":"var(--ast-global-color-5)","background-image":"","background-repeat":"repeat","background-position":"center center","background-size":"auto","background-attachment":"scroll","background-type":"","background-media":"","overlay-type":"","overlay-color":"","overlay-opacity":"","overlay-gradient":""}},"footnotes":""},"class_list":["post-3794","page","type-page","status-publish","hentry"],"post_mailing_queue_ids":[],"_links":{"self":[{"href":"https:\/\/agora.xtec.cat\/ceipelfarell\/wp-json\/wp\/v2\/pages\/3794","targetHints":{"allow":["GET"]}}],"collection":[{"href":"https:\/\/agora.xtec.cat\/ceipelfarell\/wp-json\/wp\/v2\/pages"}],"about":[{"href":"https:\/\/agora.xtec.cat\/ceipelfarell\/wp-json\/wp\/v2\/types\/page"}],"author":[{"embeddable":true,"href":"https:\/\/agora.xtec.cat\/ceipelfarell\/wp-json\/wp\/v2\/users\/1"}],"replies":[{"embeddable":true,"href":"https:\/\/agora.xtec.cat\/ceipelfarell\/wp-json\/wp\/v2\/comments?post=3794"}],"version-history":[{"count":6,"href":"https:\/\/agora.xtec.cat\/ceipelfarell\/wp-json\/wp\/v2\/pages\/3794\/revisions"}],"predecessor-version":[{"id":18016,"href":"https:\/\/agora.xtec.cat\/ceipelfarell\/wp-json\/wp\/v2\/pages\/3794\/revisions\/18016"}],"wp:attachment":[{"href":"https:\/\/agora.xtec.cat\/ceipelfarell\/wp-json\/wp\/v2\/media?parent=3794"}],"curies":[{"name":"wp","href":"https:\/\/api.w.org\/{rel}","templated":true}]}}