{"id":30,"date":"2014-09-18T12:30:23","date_gmt":"2014-09-18T11:30:23","guid":{"rendered":"http:\/\/agora.xtec.cat\/ceipelfarell\/?page_id=30"},"modified":"2023-10-27T19:20:29","modified_gmt":"2023-10-27T17:20:29","slug":"instal%c2%b7lacions","status":"publish","type":"page","link":"https:\/\/agora.xtec.cat\/ceipelfarell\/lescola\/instal%c2%b7lacions\/","title":{"rendered":"Instal\u00b7lacions"},"content":{"rendered":"<p>Aquesta escola consta de tres edificis, el m\u00e9s antic dels quals data de l&#8217;any 1971. Despr\u00e9s, per raons de demanda escolar, s&#8217;ha anat ampliant fins arribar a tenir tres edificis independents actualment. Un d&#8217;ells fet a l&#8217;any 1975 i l&#8217;altre al 1980.<\/p>\n<p>A continuaci\u00f3 veureu un Genially que vam crear per poder donar a con\u00e8ixer les instal\u00b7lacions de la nostra escola el curs 2019-20 ja que degut al confinament causat pel COVID-19 no vam poder realitzar la jornada de portes obertes.<\/p>\n<p>Clicant als &#8220;ulls&#8221; podreu endinsar-vos i veure els nostres espais. Som-hi!<\/p>\n<p><a href=\"https:\/\/view.genial.ly\/5eb18c3a54415e0d3e4f3580\/interactive-image-escola-el-farell-les-nostres-installacions\" target=\"_blank\" rel=\"noopener noreferrer\">SI NO HO PODEU VEURE B\u00c9, CLIQUEU AQU\u00cd<\/a><\/p>\n<div style=\"width: 100%;\">\n<div><\/div>\n<div><\/div>\n<div style=\"position: relative; padding-bottom: 70.37%; padding-top: 0; height: 0;\"><iframe loading=\"lazy\" src=\"https:\/\/view.genial.ly\/5eb18c3a54415e0d3e4f3580\" width=\"918px\" height=\"646px\" frameborder=\"0\"><\/iframe><\/div>\n<\/div>\n<p>&nbsp;<\/p>\n<p>&nbsp;<\/p>\n<p>L&#8217;organitzaci\u00f3 d&#8217;aquests edificis \u00e9s la seg\u00fcent:<\/p>\n<ul>\n<li><strong>Primer edifici part 1:<\/strong><\/li>\n<\/ul>\n<p><em>Planta baixa: Educaci\u00f3 Infantil<\/em><\/p>\n<p>&#8211; Dues aules de I5.<\/p>\n<p>&#8211; Aula de refor\u00e7.<\/p>\n<p><em>Primer pis: Educaci\u00f3 prim\u00e0ria (Cicle Inicial)\u00a0 \u00a0 \u00a0 \u00a0 \u00a0 \u00a0 \u00a0 \u00a0 \u00a0 \u00a0 \u00a0 \u00a0 \u00a0 \u00a0 \u00a0 \u00a0 \u00a0 \u00a0 \u00a0 \u00a0 \u00a0 \u00a0 \u00a0<\/em><\/p>\n<p>&#8211; Dues aules de Segon de Prim\u00e0ria.<\/p>\n<p>&#8211; Aula d&#8217;angl\u00e8s.<\/p>\n<ul>\n<li><strong>Primer\u00a0 edifici part 2:<\/strong><\/li>\n<\/ul>\n<p><em>Planta baixa:<\/em><\/p>\n<p>&#8211; Sala M\u00e0gica (sala gran polivalent per a diferents activitats, assemblees, psicomotricitat&#8230;)<\/p>\n<p>&#8211; Aula de M\u00fasica<\/p>\n<p>&#8211; Aula d&#8217;Angl\u00e8s d&#8217;Educaci\u00f3 Infantil<\/p>\n<p><em>Primer pis: Educaci\u00f3 Prim\u00e0ria (Cicle Inicial)<\/em><\/p>\n<p>&#8211; Dues aules de Primer de Prim\u00e0ria.<\/p>\n<p>&#8211; Aula de Refor\u00e7<\/p>\n<ul>\n<li><strong>Edifici Central:<\/strong><\/li>\n<\/ul>\n<p>Es tracta d&#8217;un edifici de dues plantes que cont\u00e9:<\/p>\n<p><em>Planta baixa:<\/em><\/p>\n<p>&#8211; Dedicat a tasques de Secretaria i Administraci\u00f3. Aqu\u00ed tamb\u00e9 est\u00e0 ubicat el despatx de Direcci\u00f3, la Sala de professors, l&#8217;aula d&#8217;inform\u00e0tica, la ludoteca, l&#8217;espai de trobada, la biblioteca i els serveis de cuina i menjador.<\/p>\n<p><em>Primer pis:<\/em><\/p>\n<p>&#8211; Dedicat al Cicle Mitj\u00e0 i Cicle Superior de Prim\u00e0ria.<\/p>\n<p>&#8211; Tamb\u00e9 hi ha l&#8217;aula d&#8217;E.E., el laboratori i l&#8217;aula d&#8217;acollida.<\/p>\n<p>&#8211; Centre de recursos.<\/p>\n<ul>\n<li><strong>Edifici de Parvulari:<\/strong><\/li>\n<\/ul>\n<p>\u00c9s ocupat pels cursos de I3 i I4.<\/p>\n","protected":false},"excerpt":{"rendered":"<p>Aquesta escola consta de tres edificis, el m\u00e9s antic dels quals data de l&#8217;any 1971. Despr\u00e9s, per raons de demanda escolar, s&#8217;ha anat ampliant fins arribar a tenir tres edificis independents actualment. Un d&#8217;ells fet a l&#8217;any 1975 i l&#8217;altre al 1980. A continuaci\u00f3 veureu un Genially que vam crear per poder donar a con\u00e8ixer [&hellip;]<\/p>\n","protected":false},"author":1,"featured_media":0,"parent":22,"menu_order":40,"comment_status":"closed","ping_status":"closed","template":"page-templates\/side-menu.php","meta":{"_bbp_topic_count":0,"_bbp_reply_count":0,"_bbp_total_topic_count":0,"_bbp_total_reply_count":0,"_bbp_voice_count":0,"_bbp_anonymous_reply_count":0,"_bbp_topic_count_hidden":0,"_bbp_reply_count_hidden":0,"_bbp_forum_subforum_count":0,"site-sidebar-layout":"default","site-content-layout":"","ast-site-content-layout":"","site-content-style":"default","site-sidebar-style":"default","ast-global-header-display":"","ast-banner-title-visibility":"","ast-main-header-display":"","ast-hfb-above-header-display":"","ast-hfb-below-header-display":"","ast-hfb-mobile-header-display":"","site-post-title":"","ast-breadcrumbs-content":"","ast-featured-img":"","footer-sml-layout":"","theme-transparent-header-meta":"","adv-header-id-meta":"","stick-header-meta":"","header-above-stick-meta":"","header-main-stick-meta":"","header-below-stick-meta":"","astra-migrate-meta-layouts":"default","ast-page-background-enabled":"default","ast-page-background-meta":{"desktop":{"background-color":"var(--ast-global-color-4)","background-image":"","background-repeat":"repeat","background-position":"center center","background-size":"auto","background-attachment":"scroll","background-type":"","background-media":"","overlay-type":"","overlay-color":"","overlay-opacity":"","overlay-gradient":""},"tablet":{"background-color":"","background-image":"","background-repeat":"repeat","background-position":"center center","background-size":"auto","background-attachment":"scroll","background-type":"","background-media":"","overlay-type":"","overlay-color":"","overlay-opacity":"","overlay-gradient":""},"mobile":{"background-color":"","background-image":"","background-repeat":"repeat","background-position":"center center","background-size":"auto","background-attachment":"scroll","background-type":"","background-media":"","overlay-type":"","overlay-color":"","overlay-opacity":"","overlay-gradient":""}},"ast-content-background-meta":{"desktop":{"background-color":"var(--ast-global-color-5)","background-image":"","background-repeat":"repeat","background-position":"center center","background-size":"auto","background-attachment":"scroll","background-type":"","background-media":"","overlay-type":"","overlay-color":"","overlay-opacity":"","overlay-gradient":""},"tablet":{"background-color":"var(--ast-global-color-5)","background-image":"","background-repeat":"repeat","background-position":"center center","background-size":"auto","background-attachment":"scroll","background-type":"","background-media":"","overlay-type":"","overlay-color":"","overlay-opacity":"","overlay-gradient":""},"mobile":{"background-color":"var(--ast-global-color-5)","background-image":"","background-repeat":"repeat","background-position":"center center","background-size":"auto","background-attachment":"scroll","background-type":"","background-media":"","overlay-type":"","overlay-color":"","overlay-opacity":"","overlay-gradient":""}},"footnotes":""},"class_list":["post-30","page","type-page","status-publish","hentry"],"post_mailing_queue_ids":[],"_links":{"self":[{"href":"https:\/\/agora.xtec.cat\/ceipelfarell\/wp-json\/wp\/v2\/pages\/30","targetHints":{"allow":["GET"]}}],"collection":[{"href":"https:\/\/agora.xtec.cat\/ceipelfarell\/wp-json\/wp\/v2\/pages"}],"about":[{"href":"https:\/\/agora.xtec.cat\/ceipelfarell\/wp-json\/wp\/v2\/types\/page"}],"author":[{"embeddable":true,"href":"https:\/\/agora.xtec.cat\/ceipelfarell\/wp-json\/wp\/v2\/users\/1"}],"replies":[{"embeddable":true,"href":"https:\/\/agora.xtec.cat\/ceipelfarell\/wp-json\/wp\/v2\/comments?post=30"}],"version-history":[{"count":6,"href":"https:\/\/agora.xtec.cat\/ceipelfarell\/wp-json\/wp\/v2\/pages\/30\/revisions"}],"predecessor-version":[{"id":14535,"href":"https:\/\/agora.xtec.cat\/ceipelfarell\/wp-json\/wp\/v2\/pages\/30\/revisions\/14535"}],"up":[{"embeddable":true,"href":"https:\/\/agora.xtec.cat\/ceipelfarell\/wp-json\/wp\/v2\/pages\/22"}],"wp:attachment":[{"href":"https:\/\/agora.xtec.cat\/ceipelfarell\/wp-json\/wp\/v2\/media?parent=30"}],"curies":[{"name":"wp","href":"https:\/\/api.w.org\/{rel}","templated":true}]}}