{"id":26,"date":"2014-09-18T12:24:32","date_gmt":"2014-09-18T11:24:32","guid":{"rendered":"http:\/\/agora.xtec.cat\/ceipelfarell\/?page_id=26"},"modified":"2016-11-02T13:31:03","modified_gmt":"2016-11-02T12:31:03","slug":"historia","status":"publish","type":"page","link":"https:\/\/agora.xtec.cat\/ceipelfarell\/lescola\/historia\/","title":{"rendered":"Hist\u00f2ria"},"content":{"rendered":"<p>Ja fa uns quants anys, l&#8217;escola es va plantejar de canviar el nom del centre, que aleshores era el de Ge\u00f2graf Aparici. Es va seguir un tot un proc\u00e9s que involucrava el professorat i l&#8217;alumnat, per tal d&#8217;arribar a l&#8217;actual nom: Es va obrir un termini per a aportar totes les idees i posteriorment es va fer una votaci\u00f3. El resultat ja el coneixeu: El Farell.<\/p>\n<p>Aquest nom coincideix amb el de la muntanya &#8220;El Farell&#8221;. Llegiu la seva llegenda:<\/p>\n<blockquote><p><em>En aquella \u00e8poca, a la vila de Caldes de Montbui existia una masia que es deia el Farell, on hi vivia un pag\u00e8s molt alt i gros. Tenia tanta for\u00e7a que tothom el coneixia pel &#8220;Fort Farell&#8221; i ning\u00fa de la rodalia podia batre&#8217;l. Era modest i senzill i duia una vida tranquil\u00b7la dedicada a la pagesia.<br \/>\nUn dia, mentre llaurava una feixa, va passar un gegant foraster que va quedar bocabadat davant de la seva for\u00e7a. Per aix\u00f2 li propos\u00e0 que an\u00e9s a Barcelona, on un gegant Moro reptava tots els homes valents de la terra. De fet, li va costar una mica conv\u00e8ncer-lo, per\u00f2 al final va decidir d&#8217;anar-hi per poder fer fora aquell foraster que tenia a tothom atemorit. I, cap a Barcelona s&#8217;ha dit. Pel cam\u00ed va agafar un pi d&#8217;un bosc molt frond\u00f3s perqu\u00e8 li serv\u00eds de bast\u00f3. Els infants el seguien i el rondaven tot cantant-li: <\/em><\/p>\n<p><em>El gegant del pi<br \/>\nara balla, ara balla;<br \/>\nel gegant del pi<br \/>\nara balla pel cam\u00ed.<\/em><\/p>\n<p><em>(<\/em><em><a href=\"..\/files\/2010\/10\/003.mid\">m\u00fasica)<\/a><\/em><\/p>\n<p><img loading=\"lazy\" decoding=\"async\" class=\"size-full wp-image-180 alignleft\" src=\"http:\/\/agora.xtec.cat\/ceipelfarell\/wp-content\/uploads\/usu1549\/2010\/10\/farell.jpg\" alt=\"Gegant El Farell\" width=\"90\" height=\"206\" \/><\/p>\n<p><em>El gegant moro el va rebre i li va parar una bona taula com tenia costum sempre que alg\u00fa acceptava el seu repte. Mentre el Farell anava menjant pac\u00edficament, el Moro, amb ulls de r\u00e0bia deia:<\/em><\/p>\n<p><em>-Menja, menja. Farell\u00e0s, que ben poc temps menjar\u00e0s.<\/em><\/p>\n<p><em>El lloc escollit per celebrar la gran baralla fou la placeta dels peixos. El Farell es va quedar plantat enmig de la placeta com si fos de ferro, i restava impassible mentre el Moro no parava d&#8217;estomacar-lo. Aleshores, i com qui llen\u00e7a una palla, el Farell el va tirar per damunt de cases i terrats i va anar a parar als afores de la ciutat. La multitud cantava la tonada que donava fi a l&#8217;opressi\u00f3 exercida pel tir\u00e0 foraster:<\/em><\/p>\n<p><em>El gegant de la ciutat<br \/>\nara balla ara balla;<br \/>\nel gegant de la ciutat<br \/>\nara balla pels terrats.<\/em><\/p>\n<p><em>Aleshores el Fort Farell va refer el seu cam\u00ed cap a casa, per\u00f2 vet aqu\u00ed que durant el cam\u00ed li entr\u00e0 la son i es va ajeure sota una arbre per reposar una mica i despr\u00e9s poder continuar. Va succeir, per\u00f2 que mentre el fort Farell dormia va comen\u00e7a a ploure i a caure calamarsa, de manera que aquelles pedretes petites van cobrir tot el cos del pag\u00e8s gegant. Diuen que mai m\u00e9s es despert\u00e0, per\u00f2 que damunt d&#8217;ell es form\u00e0 la muntanya que avui coneixem com el Farell.<\/em><\/p><\/blockquote>\n","protected":false},"excerpt":{"rendered":"<p>Ja fa uns quants anys, l&#8217;escola es va plantejar de canviar el nom del centre, que aleshores era el de Ge\u00f2graf Aparici. Es va seguir un tot un proc\u00e9s que involucrava el professorat i l&#8217;alumnat, per tal d&#8217;arribar a l&#8217;actual nom: Es va obrir un termini per a aportar totes les idees i posteriorment es [&hellip;]<\/p>\n","protected":false},"author":1,"featured_media":0,"parent":22,"menu_order":20,"comment_status":"closed","ping_status":"closed","template":"page-templates\/side-menu.php","meta":{"_bbp_topic_count":0,"_bbp_reply_count":0,"_bbp_total_topic_count":0,"_bbp_total_reply_count":0,"_bbp_voice_count":0,"_bbp_anonymous_reply_count":0,"_bbp_topic_count_hidden":0,"_bbp_reply_count_hidden":0,"_bbp_forum_subforum_count":0,"site-sidebar-layout":"default","site-content-layout":"","ast-site-content-layout":"","site-content-style":"default","site-sidebar-style":"default","ast-global-header-display":"","ast-banner-title-visibility":"","ast-main-header-display":"","ast-hfb-above-header-display":"","ast-hfb-below-header-display":"","ast-hfb-mobile-header-display":"","site-post-title":"","ast-breadcrumbs-content":"","ast-featured-img":"","footer-sml-layout":"","theme-transparent-header-meta":"","adv-header-id-meta":"","stick-header-meta":"","header-above-stick-meta":"","header-main-stick-meta":"","header-below-stick-meta":"","astra-migrate-meta-layouts":"default","ast-page-background-enabled":"default","ast-page-background-meta":{"desktop":{"background-color":"var(--ast-global-color-4)","background-image":"","background-repeat":"repeat","background-position":"center center","background-size":"auto","background-attachment":"scroll","background-type":"","background-media":"","overlay-type":"","overlay-color":"","overlay-opacity":"","overlay-gradient":""},"tablet":{"background-color":"","background-image":"","background-repeat":"repeat","background-position":"center center","background-size":"auto","background-attachment":"scroll","background-type":"","background-media":"","overlay-type":"","overlay-color":"","overlay-opacity":"","overlay-gradient":""},"mobile":{"background-color":"","background-image":"","background-repeat":"repeat","background-position":"center center","background-size":"auto","background-attachment":"scroll","background-type":"","background-media":"","overlay-type":"","overlay-color":"","overlay-opacity":"","overlay-gradient":""}},"ast-content-background-meta":{"desktop":{"background-color":"var(--ast-global-color-5)","background-image":"","background-repeat":"repeat","background-position":"center center","background-size":"auto","background-attachment":"scroll","background-type":"","background-media":"","overlay-type":"","overlay-color":"","overlay-opacity":"","overlay-gradient":""},"tablet":{"background-color":"var(--ast-global-color-5)","background-image":"","background-repeat":"repeat","background-position":"center center","background-size":"auto","background-attachment":"scroll","background-type":"","background-media":"","overlay-type":"","overlay-color":"","overlay-opacity":"","overlay-gradient":""},"mobile":{"background-color":"var(--ast-global-color-5)","background-image":"","background-repeat":"repeat","background-position":"center center","background-size":"auto","background-attachment":"scroll","background-type":"","background-media":"","overlay-type":"","overlay-color":"","overlay-opacity":"","overlay-gradient":""}},"footnotes":""},"class_list":["post-26","page","type-page","status-publish","hentry"],"post_mailing_queue_ids":[],"_links":{"self":[{"href":"https:\/\/agora.xtec.cat\/ceipelfarell\/wp-json\/wp\/v2\/pages\/26","targetHints":{"allow":["GET"]}}],"collection":[{"href":"https:\/\/agora.xtec.cat\/ceipelfarell\/wp-json\/wp\/v2\/pages"}],"about":[{"href":"https:\/\/agora.xtec.cat\/ceipelfarell\/wp-json\/wp\/v2\/types\/page"}],"author":[{"embeddable":true,"href":"https:\/\/agora.xtec.cat\/ceipelfarell\/wp-json\/wp\/v2\/users\/1"}],"replies":[{"embeddable":true,"href":"https:\/\/agora.xtec.cat\/ceipelfarell\/wp-json\/wp\/v2\/comments?post=26"}],"version-history":[{"count":2,"href":"https:\/\/agora.xtec.cat\/ceipelfarell\/wp-json\/wp\/v2\/pages\/26\/revisions"}],"predecessor-version":[{"id":5388,"href":"https:\/\/agora.xtec.cat\/ceipelfarell\/wp-json\/wp\/v2\/pages\/26\/revisions\/5388"}],"up":[{"embeddable":true,"href":"https:\/\/agora.xtec.cat\/ceipelfarell\/wp-json\/wp\/v2\/pages\/22"}],"wp:attachment":[{"href":"https:\/\/agora.xtec.cat\/ceipelfarell\/wp-json\/wp\/v2\/media?parent=26"}],"curies":[{"name":"wp","href":"https:\/\/api.w.org\/{rel}","templated":true}]}}