{"id":13747,"date":"2023-03-13T20:34:13","date_gmt":"2023-03-13T19:34:13","guid":{"rendered":"https:\/\/agora.xtec.cat\/ceipelfarell\/?page_id=13747"},"modified":"2026-03-25T10:47:45","modified_gmt":"2026-03-25T09:47:45","slug":"acollida-digital","status":"publish","type":"page","link":"https:\/\/agora.xtec.cat\/ceipelfarell\/acollida-digital\/","title":{"rendered":"Acollida Digital"},"content":{"rendered":"<p style=\"text-align: center;\">En aquesta p\u00e0gina trobareu un recull d&#8217;informacions de caire digital que us poden ser \u00fatils en el dia a dia a l&#8217;escola.<\/p>\n<table class=\" aligncenter\" style=\"border-collapse: collapse; width: 60.6232%; height: 481px;\">\n<tbody>\n<tr style=\"height: 156px;\">\n<td style=\"width: 33.3333%; height: 156px;\"><a href=\"https:\/\/sites.google.com\/escolaelfarell.cat\/edc-escolaelfarell\/cultura-digital\/acolliment-digital?authuser=0\" target=\"_blank\" rel=\"noopener\"><img loading=\"lazy\" decoding=\"async\" class=\"alignnone wp-image-13998\" src=\"https:\/\/agora.xtec.cat\/ceipelfarell\/wp-content\/uploads\/usu1549\/2023\/04\/1-1024x724.png\" alt=\"\" width=\"238\" height=\"168\" srcset=\"https:\/\/agora.xtec.cat\/ceipelfarell\/wp-content\/uploads\/usu1549\/2023\/04\/1-1024x724.png 1024w, https:\/\/agora.xtec.cat\/ceipelfarell\/wp-content\/uploads\/usu1549\/2023\/04\/1-300x212.png 300w, https:\/\/agora.xtec.cat\/ceipelfarell\/wp-content\/uploads\/usu1549\/2023\/04\/1-768x543.png 768w, https:\/\/agora.xtec.cat\/ceipelfarell\/wp-content\/uploads\/usu1549\/2023\/04\/1-1536x1086.png 1536w, https:\/\/agora.xtec.cat\/ceipelfarell\/wp-content\/uploads\/usu1549\/2023\/04\/1.png 2000w\" sizes=\"auto, (max-width: 238px) 100vw, 238px\" \/><\/a><\/td>\n<td style=\"width: 33.3333%; height: 156px;\"><a href=\"https:\/\/agora.xtec.cat\/ceipelfarell\/treballem\/aula-virtual\/\" target=\"_blank\" rel=\"noopener\"><img loading=\"lazy\" decoding=\"async\" class=\"alignnone wp-image-14000\" src=\"https:\/\/agora.xtec.cat\/ceipelfarell\/wp-content\/uploads\/usu1549\/2023\/04\/3-1024x724.png\" alt=\"\" width=\"215\" height=\"152\" srcset=\"https:\/\/agora.xtec.cat\/ceipelfarell\/wp-content\/uploads\/usu1549\/2023\/04\/3-1024x724.png 1024w, https:\/\/agora.xtec.cat\/ceipelfarell\/wp-content\/uploads\/usu1549\/2023\/04\/3-300x212.png 300w, https:\/\/agora.xtec.cat\/ceipelfarell\/wp-content\/uploads\/usu1549\/2023\/04\/3-768x543.png 768w, https:\/\/agora.xtec.cat\/ceipelfarell\/wp-content\/uploads\/usu1549\/2023\/04\/3-1536x1086.png 1536w, https:\/\/agora.xtec.cat\/ceipelfarell\/wp-content\/uploads\/usu1549\/2023\/04\/3.png 2000w\" sizes=\"auto, (max-width: 215px) 100vw, 215px\" \/><\/a><\/td>\n<td style=\"width: 33.3333%; height: 156px;\"><a href=\"https:\/\/sites.google.com\/escolaelfarell.cat\/suportticescolaelfarell\/p%C3%A0gina-principal\" target=\"_blank\" rel=\"noopener\"><img loading=\"lazy\" decoding=\"async\" class=\"alignnone wp-image-14003\" src=\"https:\/\/agora.xtec.cat\/ceipelfarell\/wp-content\/uploads\/usu1549\/2023\/04\/4-1-1024x724.png\" alt=\"\" width=\"212\" height=\"150\" srcset=\"https:\/\/agora.xtec.cat\/ceipelfarell\/wp-content\/uploads\/usu1549\/2023\/04\/4-1-1024x724.png 1024w, https:\/\/agora.xtec.cat\/ceipelfarell\/wp-content\/uploads\/usu1549\/2023\/04\/4-1-300x212.png 300w, https:\/\/agora.xtec.cat\/ceipelfarell\/wp-content\/uploads\/usu1549\/2023\/04\/4-1-768x543.png 768w, https:\/\/agora.xtec.cat\/ceipelfarell\/wp-content\/uploads\/usu1549\/2023\/04\/4-1-1536x1086.png 1536w, https:\/\/agora.xtec.cat\/ceipelfarell\/wp-content\/uploads\/usu1549\/2023\/04\/4-1.png 2000w\" sizes=\"auto, (max-width: 212px) 100vw, 212px\" \/><\/a><\/td>\n<\/tr>\n<tr style=\"height: 162px;\">\n<td style=\"width: 33.3333%; height: 162px;\"><a href=\"https:\/\/drive.google.com\/drive\/folders\/1TcIpEC3YFKEBSncbqTSwxgEAQYxKzRbE?usp=drive_link\" target=\"_blank\" rel=\"noopener\"><img loading=\"lazy\" decoding=\"async\" class=\"alignnone wp-image-16198\" src=\"https:\/\/agora.xtec.cat\/ceipelfarell\/wp-content\/uploads\/usu1549\/2025\/01\/orientacions-us-pantalles-1024x724.png\" alt=\"\" width=\"191\" height=\"135\" srcset=\"https:\/\/agora.xtec.cat\/ceipelfarell\/wp-content\/uploads\/usu1549\/2025\/01\/orientacions-us-pantalles-1024x724.png 1024w, https:\/\/agora.xtec.cat\/ceipelfarell\/wp-content\/uploads\/usu1549\/2025\/01\/orientacions-us-pantalles-300x212.png 300w, https:\/\/agora.xtec.cat\/ceipelfarell\/wp-content\/uploads\/usu1549\/2025\/01\/orientacions-us-pantalles-768x543.png 768w, https:\/\/agora.xtec.cat\/ceipelfarell\/wp-content\/uploads\/usu1549\/2025\/01\/orientacions-us-pantalles-1536x1086.png 1536w, https:\/\/agora.xtec.cat\/ceipelfarell\/wp-content\/uploads\/usu1549\/2025\/01\/orientacions-us-pantalles.png 2000w\" sizes=\"auto, (max-width: 191px) 100vw, 191px\" \/><\/a><\/td>\n<td style=\"width: 33.3333%; height: 162px;\"><a style=\"color: #2795b6;\" href=\"https:\/\/agora.xtec.cat\/ceipelfarell\/lescola\/forma-de-pagament-tpv-escola\/\" target=\"_blank\" rel=\"noopener\"><img loading=\"lazy\" decoding=\"async\" class=\"alignnone wp-image-14002\" src=\"https:\/\/agora.xtec.cat\/ceipelfarell\/wp-content\/uploads\/usu1549\/2023\/04\/2-1-1024x724.png\" alt=\"\" width=\"231\" height=\"163\" srcset=\"https:\/\/agora.xtec.cat\/ceipelfarell\/wp-content\/uploads\/usu1549\/2023\/04\/2-1-1024x724.png 1024w, https:\/\/agora.xtec.cat\/ceipelfarell\/wp-content\/uploads\/usu1549\/2023\/04\/2-1-300x212.png 300w, https:\/\/agora.xtec.cat\/ceipelfarell\/wp-content\/uploads\/usu1549\/2023\/04\/2-1-768x543.png 768w, https:\/\/agora.xtec.cat\/ceipelfarell\/wp-content\/uploads\/usu1549\/2023\/04\/2-1-1536x1086.png 1536w, https:\/\/agora.xtec.cat\/ceipelfarell\/wp-content\/uploads\/usu1549\/2023\/04\/2-1.png 2000w\" sizes=\"auto, (max-width: 231px) 100vw, 231px\" \/><\/a><\/td>\n<td style=\"width: 33.3333%; height: 162px;\"><a href=\"https:\/\/drive.google.com\/file\/d\/1E12-T5uAsAys8pJW9TT236UKFurd0Ryk\/view?usp=drive_link\" target=\"_blank\" rel=\"noopener\"><img loading=\"lazy\" decoding=\"async\" class=\"alignnone size-full wp-image-17152\" src=\"https:\/\/agora.xtec.cat\/ceipelfarell\/wp-content\/uploads\/usu1549\/2025\/09\/Captura.png\" alt=\"\" width=\"446\" height=\"327\" srcset=\"https:\/\/agora.xtec.cat\/ceipelfarell\/wp-content\/uploads\/usu1549\/2025\/09\/Captura.png 446w, https:\/\/agora.xtec.cat\/ceipelfarell\/wp-content\/uploads\/usu1549\/2025\/09\/Captura-300x220.png 300w\" sizes=\"auto, (max-width: 446px) 100vw, 446px\" \/><\/a><\/td>\n<\/tr>\n<tr style=\"height: 163px;\">\n<td style=\"width: 33.3333%; height: 163px;\"><a href=\"https:\/\/projectes.xtec.cat\/digital\/noticies\/portada\/consells-per-tenir-cura-de-lordinador\/\" target=\"_blank\" rel=\"noopener\"><img loading=\"lazy\" decoding=\"async\" class=\"alignnone wp-image-14818\" src=\"https:\/\/agora.xtec.cat\/ceipelfarell\/wp-content\/uploads\/usu1549\/2023\/12\/consells-ordinador.png\" alt=\"\" width=\"225\" height=\"166\" srcset=\"https:\/\/agora.xtec.cat\/ceipelfarell\/wp-content\/uploads\/usu1549\/2023\/12\/consells-ordinador.png 583w, https:\/\/agora.xtec.cat\/ceipelfarell\/wp-content\/uploads\/usu1549\/2023\/12\/consells-ordinador-300x221.png 300w\" sizes=\"auto, (max-width: 225px) 100vw, 225px\" \/><\/a><\/td>\n<td style=\"width: 33.3333%; height: 163px;\"><a href=\"https:\/\/educacio.gencat.cat\/ca\/arees-actuacio\/families\/families-escola\/escolaritat\/decaleg-grups-missatgeria\/\" target=\"_blank\" rel=\"noopener\"><img loading=\"lazy\" decoding=\"async\" class=\"alignnone wp-image-14820\" src=\"https:\/\/agora.xtec.cat\/ceipelfarell\/wp-content\/uploads\/usu1549\/2023\/12\/grups-missatgeria.png\" alt=\"\" width=\"216\" height=\"154\" srcset=\"https:\/\/agora.xtec.cat\/ceipelfarell\/wp-content\/uploads\/usu1549\/2023\/12\/grups-missatgeria.png 593w, https:\/\/agora.xtec.cat\/ceipelfarell\/wp-content\/uploads\/usu1549\/2023\/12\/grups-missatgeria-300x214.png 300w\" sizes=\"auto, (max-width: 216px) 100vw, 216px\" \/><\/a><\/td>\n<td style=\"width: 33.3333%; height: 163px;\"><a href=\"https:\/\/canalsalut.gencat.cat\/ca\/vida-saludable\/us-responsable-noves-tecnologies\/index.html\" target=\"_blank\" rel=\"noopener\"><img loading=\"lazy\" decoding=\"async\" class=\"alignnone wp-image-14039 aligncenter\" src=\"https:\/\/agora.xtec.cat\/ceipelfarell\/wp-content\/uploads\/usu1549\/2023\/04\/Classroom-language-speech-bubbles-posters-1024x724.png\" alt=\"\" width=\"215\" height=\"152\" srcset=\"https:\/\/agora.xtec.cat\/ceipelfarell\/wp-content\/uploads\/usu1549\/2023\/04\/Classroom-language-speech-bubbles-posters-1024x724.png 1024w, https:\/\/agora.xtec.cat\/ceipelfarell\/wp-content\/uploads\/usu1549\/2023\/04\/Classroom-language-speech-bubbles-posters-300x212.png 300w, https:\/\/agora.xtec.cat\/ceipelfarell\/wp-content\/uploads\/usu1549\/2023\/04\/Classroom-language-speech-bubbles-posters-768x543.png 768w, https:\/\/agora.xtec.cat\/ceipelfarell\/wp-content\/uploads\/usu1549\/2023\/04\/Classroom-language-speech-bubbles-posters-1536x1086.png 1536w, https:\/\/agora.xtec.cat\/ceipelfarell\/wp-content\/uploads\/usu1549\/2023\/04\/Classroom-language-speech-bubbles-posters.png 2000w\" sizes=\"auto, (max-width: 215px) 100vw, 215px\" \/><\/a><\/td>\n<\/tr>\n<tr>\n<td style=\"width: 33.3333%;\">\u00a0<\/td>\n<td style=\"width: 33.3333%;\"><a href=\"https:\/\/drive.google.com\/drive\/folders\/1P65QMlDpWFL3VTphsruuMYQgUKFQHHcs?usp=drive_link\" target=\"_blank\" rel=\"noopener\"><img loading=\"lazy\" decoding=\"async\" class=\"alignnone size-full wp-image-18186\" src=\"https:\/\/agora.xtec.cat\/ceipelfarell\/wp-content\/uploads\/usu1549\/2026\/03\/fotos-cole-.png\" alt=\"\" width=\"559\" height=\"403\" srcset=\"https:\/\/agora.xtec.cat\/ceipelfarell\/wp-content\/uploads\/usu1549\/2026\/03\/fotos-cole-.png 559w, https:\/\/agora.xtec.cat\/ceipelfarell\/wp-content\/uploads\/usu1549\/2026\/03\/fotos-cole--300x216.png 300w\" sizes=\"auto, (max-width: 559px) 100vw, 559px\" \/><\/a><\/td>\n<td style=\"width: 33.3333%;\">\u00a0<\/td>\n<\/tr>\n<\/tbody>\n<\/table>\n<p>\u00a0<\/p>\n<p>\u00a0<\/p>\n<p>\u00a0<\/p>\n<p>\u00a0<\/p>\n<ul>\n<li><a href=\"https:\/\/sites.google.com\/escolaelfarell.cat\/edc-escolaelfarell\/cultura-digital\/acolliment-digital?authuser=0\" target=\"_blank\" rel=\"noopener\"><strong>Estrat\u00e8gia Digital de Centre<\/strong><\/a><strong>,<\/strong> dins d&#8217;aquest Site podeu trobar informaci\u00f3 sobre com acollim des del nostre centre a tota la comunitat educativa en temes digitals.<\/li>\n<li><a href=\"https:\/\/agora.xtec.cat\/ceipelfarell\/lescola\/forma-de-pagament-tpv-escola\/\" target=\"_blank\" rel=\"noopener\"><strong>TPV Escola<\/strong>,<\/a> en aquest apartat trobareu informaci\u00f3 sobre com funciona l&#8217;App TPV Escola que fem servir per gestionar els <span class=\"C9DxTc \" style=\"font-family: inherit; font-size: 1em;\">pagaments<\/span><span class=\"C9DxTc \" style=\"font-family: inherit; font-size: 1em;\"> (de les sortides, quotes did\u00e0ctiques, extraescolars, tiquets de menjador espor\u00e0dics&#8230;), <\/span><span class=\"C9DxTc \" style=\"font-family: inherit; font-size: 1em;\">signar autoritzacions i enviar<\/span>\u00a0els informes trimestrals<span class=\"C9DxTc \" style=\"font-family: inherit; font-size: 1em;\"> a les fam\u00edlies.<br \/><\/span><\/li>\n<li><span class=\"C9DxTc \" style=\"font-family: inherit; font-size: 1em;\"><span class=\"C9DxTc \" style=\"font-family: inherit; font-size: 1em;\">Dins de la p\u00e0gina <a href=\"https:\/\/agora.xtec.cat\/ceipelfarell\/treballem\/aula-virtual\/\" target=\"_blank\" rel=\"noopener\"><strong>Aula Virtual<\/strong><\/a> trobareu un conjunt de recursos digitals que el professorat de I3 a 3r ha recopilat pels seus alumnes. A m\u00e9s podeu trobar l&#8217;enlla\u00e7 <\/span><\/span>a diversos<a href=\"https:\/\/drive.google.com\/drive\/folders\/1De6hBStS7y7Mnh2B2AcO6cTWrjLeAAe0?usp=drive_link\" target=\"_blank\" rel=\"noopener\">\u00a0<strong>tutorials sobre el Google Classroom<\/strong><\/a>\u00a0que us poden ser d\u2019utilitat.<\/li>\n<\/ul>\n<ul>\n<li>Site de <a href=\"https:\/\/sites.google.com\/escolaelfarell.cat\/suportticescolaelfarell\/p%C3%A0gina-principal\" target=\"_blank\" rel=\"noopener\"><strong>Tutorials TIC<\/strong><\/a>, enlla\u00e7 pels mestres de l&#8217;escola amb diverses instruccions i tutorials relacionades amb l&#8217;\u00e0mbit digital.<\/li>\n<\/ul>\n<ul>\n<li>Web sobre<a href=\"https:\/\/educacio.gencat.cat\/ca\/arees-actuacio\/families\/us-tecnologies\/us-saludable-tecnologies\/\" target=\"_blank\" rel=\"noopener\"><strong> &#8220;\u00das saludable de les tecnologies&#8221;<\/strong><\/a> del Canal Salut de la Generalitat de Catalunya amb informaci\u00f3 i recomanacions molt importants.<\/li>\n<\/ul>\n<ul>\n<li>V\u00eddeo tutorial que ens dona <a href=\"https:\/\/projectes.xtec.cat\/digital\/noticies\/portada\/consells-per-tenir-cura-de-lordinador\/\" target=\"_blank\" rel=\"noopener\"><strong>consells per tenir cura dels ordinadors.\u00a0<\/strong><\/a><\/li>\n<\/ul>\n<ul>\n<li><strong><a href=\"https:\/\/drive.google.com\/file\/d\/1E12-T5uAsAys8pJW9TT236UKFurd0Ryk\/view?usp=drive_link\" target=\"_blank\" rel=\"noopener\">Guia per les fam\u00edlies sobre l&#8217;\u00fas de les pantalles en els infants.\u00a0<\/a><\/strong><\/li>\n<\/ul>\n<ul>\n<li>Web amb un <strong><a href=\"https:\/\/educacio.gencat.cat\/ca\/arees-actuacio\/families\/families-escola\/escolaritat\/decaleg-grups-missatgeria\/\" target=\"_blank\" rel=\"noopener\"><strong>dec\u00e0leg per a grups de missatgeria escolars<\/strong><\/a><\/strong> ofert pel Departament d&#8217;Educaci\u00f3 de la Generalitat de Catalunya.<\/li>\n<\/ul>\n<ul>\n<li><strong><a href=\"https:\/\/drive.google.com\/drive\/folders\/1P65QMlDpWFL3VTphsruuMYQgUKFQHHcs?usp=drive_link\" target=\"_blank\" rel=\"noopener\">Com accedir a les fotografies de la web de l&#8217;escola<\/a>.\u00a0<\/strong>\u201cLes fotografies de la nostra escola nom\u00e9s es podran visualitzar \u00edntegrament i descarregar mitjan\u00e7ant el compte Workspace que s\u2019assignar\u00e0 a cada alumne a l\u2019inici de la seva escolaritzaci\u00f3 al nostre centre.\u201d<\/li>\n<\/ul>\n\n\n<p><\/p>\n","protected":false},"excerpt":{"rendered":"<p>En aquesta p\u00e0gina trobareu un recull d&#8217;informacions de caire digital que us poden ser \u00fatils en el dia a dia a l&#8217;escola. \u00a0 \u00a0 \u00a0 \u00a0 \u00a0 \u00a0 Estrat\u00e8gia Digital de Centre, dins d&#8217;aquest Site podeu trobar informaci\u00f3 sobre com acollim des del nostre centre a tota la comunitat educativa en temes digitals. TPV Escola, [&hellip;]<\/p>\n","protected":false},"author":3,"featured_media":0,"parent":0,"menu_order":0,"comment_status":"closed","ping_status":"closed","template":"","meta":{"_bbp_topic_count":0,"_bbp_reply_count":0,"_bbp_total_topic_count":0,"_bbp_total_reply_count":0,"_bbp_voice_count":0,"_bbp_anonymous_reply_count":0,"_bbp_topic_count_hidden":0,"_bbp_reply_count_hidden":0,"_bbp_forum_subforum_count":0,"site-sidebar-layout":"no-sidebar","site-content-layout":"","ast-site-content-layout":"full-width-container","site-content-style":"unboxed","site-sidebar-style":"unboxed","ast-global-header-display":"","ast-banner-title-visibility":"","ast-main-header-display":"","ast-hfb-above-header-display":"","ast-hfb-below-header-display":"","ast-hfb-mobile-header-display":"","site-post-title":"","ast-breadcrumbs-content":"","ast-featured-img":"","footer-sml-layout":"","theme-transparent-header-meta":"default","adv-header-id-meta":"","stick-header-meta":"","header-above-stick-meta":"","header-main-stick-meta":"","header-below-stick-meta":"","astra-migrate-meta-layouts":"set","ast-page-background-enabled":"default","ast-page-background-meta":{"desktop":{"background-color":"var(--ast-global-color-4)","background-image":"","background-repeat":"repeat","background-position":"center center","background-size":"auto","background-attachment":"scroll","background-type":"","background-media":"","overlay-type":"","overlay-color":"","overlay-opacity":"","overlay-gradient":""},"tablet":{"background-color":"","background-image":"","background-repeat":"repeat","background-position":"center center","background-size":"auto","background-attachment":"scroll","background-type":"","background-media":"","overlay-type":"","overlay-color":"","overlay-opacity":"","overlay-gradient":""},"mobile":{"background-color":"","background-image":"","background-repeat":"repeat","background-position":"center center","background-size":"auto","background-attachment":"scroll","background-type":"","background-media":"","overlay-type":"","overlay-color":"","overlay-opacity":"","overlay-gradient":""}},"ast-content-background-meta":{"desktop":{"background-color":"var(--ast-global-color-5)","background-image":"","background-repeat":"repeat","background-position":"center center","background-size":"auto","background-attachment":"scroll","background-type":"","background-media":"","overlay-type":"","overlay-color":"","overlay-opacity":"","overlay-gradient":""},"tablet":{"background-color":"var(--ast-global-color-5)","background-image":"","background-repeat":"repeat","background-position":"center center","background-size":"auto","background-attachment":"scroll","background-type":"","background-media":"","overlay-type":"","overlay-color":"","overlay-opacity":"","overlay-gradient":""},"mobile":{"background-color":"var(--ast-global-color-5)","background-image":"","background-repeat":"repeat","background-position":"center center","background-size":"auto","background-attachment":"scroll","background-type":"","background-media":"","overlay-type":"","overlay-color":"","overlay-opacity":"","overlay-gradient":""}},"footnotes":""},"class_list":["post-13747","page","type-page","status-publish","hentry"],"post_mailing_queue_ids":[],"_links":{"self":[{"href":"https:\/\/agora.xtec.cat\/ceipelfarell\/wp-json\/wp\/v2\/pages\/13747","targetHints":{"allow":["GET"]}}],"collection":[{"href":"https:\/\/agora.xtec.cat\/ceipelfarell\/wp-json\/wp\/v2\/pages"}],"about":[{"href":"https:\/\/agora.xtec.cat\/ceipelfarell\/wp-json\/wp\/v2\/types\/page"}],"author":[{"embeddable":true,"href":"https:\/\/agora.xtec.cat\/ceipelfarell\/wp-json\/wp\/v2\/users\/3"}],"replies":[{"embeddable":true,"href":"https:\/\/agora.xtec.cat\/ceipelfarell\/wp-json\/wp\/v2\/comments?post=13747"}],"version-history":[{"count":6,"href":"https:\/\/agora.xtec.cat\/ceipelfarell\/wp-json\/wp\/v2\/pages\/13747\/revisions"}],"predecessor-version":[{"id":18189,"href":"https:\/\/agora.xtec.cat\/ceipelfarell\/wp-json\/wp\/v2\/pages\/13747\/revisions\/18189"}],"wp:attachment":[{"href":"https:\/\/agora.xtec.cat\/ceipelfarell\/wp-json\/wp\/v2\/media?parent=13747"}],"curies":[{"name":"wp","href":"https:\/\/api.w.org\/{rel}","templated":true}]}}