{"id":5304,"date":"2024-01-26T15:54:00","date_gmt":"2024-01-26T14:54:00","guid":{"rendered":"https:\/\/agora.xtec.cat\/ceipelcucurull\/?page_id=5304"},"modified":"2025-05-19T13:36:40","modified_gmt":"2025-05-19T11:36:40","slug":"viatge-final-de-primaria","status":"publish","type":"page","link":"https:\/\/agora.xtec.cat\/ceipelcucurull\/viatge-final-de-primaria\/","title":{"rendered":"Viatge final de Prim\u00e0ria"},"content":{"rendered":"<p style=\"text-align: justify;\">Els nens i nenes de sis\u00e8 ja fa molts anys que acomiadem la nostra etapa a l&#8217;escola amb un viatge. Durant els mesos previs, les fam\u00edlies organitzen una s\u00e8rie d&#8217;activitats per guanyar diners que ajudin a pagar el cost del viatge. Gr\u00e0cies a aquesta iniciativa, el cost final es redueix considerablement.<\/p>\n<p style=\"text-align: justify;\">El lloc escollit aquest curs 2024-2025 ha sigut, La Molina. Alumnes i mestres han gaudit de 4 dies d&#8217;esqu\u00ed amb monitors a les pistes de l&#8217;estaci\u00f3 d&#8217;esqu\u00ed de la Cerdanya.\u00a0 Una experi\u00e8ncia per recordar tota la vida.<\/p>\n<p style=\"text-align: justify;\"><a href=\"https:\/\/agora.xtec.cat\/ceipelcucurull\/wp-content\/uploads\/usu398\/2024\/01\/IMG_0517-scaled.jpg\"><img loading=\"lazy\" decoding=\"async\" class=\"aligncenter wp-image-5305\" src=\"https:\/\/agora.xtec.cat\/ceipelcucurull\/wp-content\/uploads\/usu398\/2024\/01\/IMG_0517-300x200.jpg\" alt=\"\" width=\"574\" height=\"382\" srcset=\"https:\/\/agora.xtec.cat\/ceipelcucurull\/wp-content\/uploads\/usu398\/2024\/01\/IMG_0517-300x200.jpg 300w, https:\/\/agora.xtec.cat\/ceipelcucurull\/wp-content\/uploads\/usu398\/2024\/01\/IMG_0517-1024x683.jpg 1024w, https:\/\/agora.xtec.cat\/ceipelcucurull\/wp-content\/uploads\/usu398\/2024\/01\/IMG_0517-768x512.jpg 768w, https:\/\/agora.xtec.cat\/ceipelcucurull\/wp-content\/uploads\/usu398\/2024\/01\/IMG_0517-1536x1024.jpg 1536w, https:\/\/agora.xtec.cat\/ceipelcucurull\/wp-content\/uploads\/usu398\/2024\/01\/IMG_0517-2048x1365.jpg 2048w\" sizes=\"auto, (max-width: 574px) 100vw, 574px\" \/><\/a><\/p>\n","protected":false},"excerpt":{"rendered":"<p>Els nens i nenes de sis\u00e8 ja fa molts anys que acomiadem la nostra etapa a l&#8217;escola amb un viatge. Durant els mesos previs, les fam\u00edlies organitzen una s\u00e8rie d&#8217;activitats per guanyar diners que ajudin a pagar el cost del viatge. Gr\u00e0cies a aquesta iniciativa,&hellip;  <a href=\"https:\/\/agora.xtec.cat\/ceipelcucurull\/viatge-final-de-primaria\/\" title=\"Read Viatge final de Prim\u00e0ria\">Llegeix m\u00e9s\u00bb<\/a><\/p>\n","protected":false},"author":1,"featured_media":0,"parent":0,"menu_order":0,"comment_status":"closed","ping_status":"closed","template":"","meta":{"_bbp_topic_count":0,"_bbp_reply_count":0,"_bbp_total_topic_count":0,"_bbp_total_reply_count":0,"_bbp_voice_count":0,"_bbp_anonymous_reply_count":0,"_bbp_topic_count_hidden":0,"_bbp_reply_count_hidden":0,"_bbp_forum_subforum_count":0,"footnotes":""},"class_list":["post-5304","page","type-page","status-publish","hentry"],"post_mailing_queue_ids":[],"_links":{"self":[{"href":"https:\/\/agora.xtec.cat\/ceipelcucurull\/wp-json\/wp\/v2\/pages\/5304","targetHints":{"allow":["GET"]}}],"collection":[{"href":"https:\/\/agora.xtec.cat\/ceipelcucurull\/wp-json\/wp\/v2\/pages"}],"about":[{"href":"https:\/\/agora.xtec.cat\/ceipelcucurull\/wp-json\/wp\/v2\/types\/page"}],"author":[{"embeddable":true,"href":"https:\/\/agora.xtec.cat\/ceipelcucurull\/wp-json\/wp\/v2\/users\/1"}],"replies":[{"embeddable":true,"href":"https:\/\/agora.xtec.cat\/ceipelcucurull\/wp-json\/wp\/v2\/comments?post=5304"}],"version-history":[{"count":3,"href":"https:\/\/agora.xtec.cat\/ceipelcucurull\/wp-json\/wp\/v2\/pages\/5304\/revisions"}],"predecessor-version":[{"id":5519,"href":"https:\/\/agora.xtec.cat\/ceipelcucurull\/wp-json\/wp\/v2\/pages\/5304\/revisions\/5519"}],"wp:attachment":[{"href":"https:\/\/agora.xtec.cat\/ceipelcucurull\/wp-json\/wp\/v2\/media?parent=5304"}],"curies":[{"name":"wp","href":"https:\/\/api.w.org\/{rel}","templated":true}]}}