{"id":5230,"date":"2023-11-17T15:47:48","date_gmt":"2023-11-17T14:47:48","guid":{"rendered":"https:\/\/agora.xtec.cat\/ceipelcucurull\/?page_id=5230"},"modified":"2023-11-17T15:49:53","modified_gmt":"2023-11-17T14:49:53","slug":"santa-cecilia","status":"publish","type":"page","link":"https:\/\/agora.xtec.cat\/ceipelcucurull\/santa-cecilia\/","title":{"rendered":"Santa Cec\u00edlia"},"content":{"rendered":"<p>El 22 de novembre se celebra el Dia de la M\u00fasica en honor de Santa Cec\u00edlia, la seva patrona. Aquest curs a El Cucurull comencem a celebrar aquest dia tan bonic. El dia 22 de novembre alumnes que toquen algun instrument fan un petit concert per apropar la m\u00fasica als nens i nenes de l&#8217;escola.<!--more--><a href=\"https:\/\/agora.xtec.cat\/ceipelcucurull\/wp-content\/uploads\/usu398\/2023\/11\/musica.jpeg\"><img loading=\"lazy\" decoding=\"async\" class=\"aligncenter wp-image-5226\" src=\"https:\/\/agora.xtec.cat\/ceipelcucurull\/wp-content\/uploads\/usu398\/2023\/11\/musica-300x188.jpeg\" alt=\"\" width=\"512\" height=\"321\" srcset=\"https:\/\/agora.xtec.cat\/ceipelcucurull\/wp-content\/uploads\/usu398\/2023\/11\/musica-300x188.jpeg 300w, https:\/\/agora.xtec.cat\/ceipelcucurull\/wp-content\/uploads\/usu398\/2023\/11\/musica-768x480.jpeg 768w, https:\/\/agora.xtec.cat\/ceipelcucurull\/wp-content\/uploads\/usu398\/2023\/11\/musica.jpeg 800w\" sizes=\"auto, (max-width: 512px) 100vw, 512px\" \/><\/a><\/p>\n","protected":false},"excerpt":{"rendered":"<p>El 22 de novembre se celebra el Dia de la M\u00fasica en honor de Santa Cec\u00edlia, la seva patrona. Aquest curs a El Cucurull comencem a celebrar aquest dia tan bonic. El dia 22 de novembre alumnes que toquen algun instrument fan un petit concert&hellip;  <a href=\"https:\/\/agora.xtec.cat\/ceipelcucurull\/santa-cecilia\/\" title=\"Read Santa Cec\u00edlia\">Llegeix m\u00e9s\u00bb<\/a><\/p>\n","protected":false},"author":1,"featured_media":0,"parent":0,"menu_order":0,"comment_status":"closed","ping_status":"closed","template":"","meta":{"_bbp_topic_count":0,"_bbp_reply_count":0,"_bbp_total_topic_count":0,"_bbp_total_reply_count":0,"_bbp_voice_count":0,"_bbp_anonymous_reply_count":0,"_bbp_topic_count_hidden":0,"_bbp_reply_count_hidden":0,"_bbp_forum_subforum_count":0,"footnotes":""},"class_list":["post-5230","page","type-page","status-publish","hentry"],"post_mailing_queue_ids":[],"_links":{"self":[{"href":"https:\/\/agora.xtec.cat\/ceipelcucurull\/wp-json\/wp\/v2\/pages\/5230","targetHints":{"allow":["GET"]}}],"collection":[{"href":"https:\/\/agora.xtec.cat\/ceipelcucurull\/wp-json\/wp\/v2\/pages"}],"about":[{"href":"https:\/\/agora.xtec.cat\/ceipelcucurull\/wp-json\/wp\/v2\/types\/page"}],"author":[{"embeddable":true,"href":"https:\/\/agora.xtec.cat\/ceipelcucurull\/wp-json\/wp\/v2\/users\/1"}],"replies":[{"embeddable":true,"href":"https:\/\/agora.xtec.cat\/ceipelcucurull\/wp-json\/wp\/v2\/comments?post=5230"}],"version-history":[{"count":2,"href":"https:\/\/agora.xtec.cat\/ceipelcucurull\/wp-json\/wp\/v2\/pages\/5230\/revisions"}],"predecessor-version":[{"id":5234,"href":"https:\/\/agora.xtec.cat\/ceipelcucurull\/wp-json\/wp\/v2\/pages\/5230\/revisions\/5234"}],"wp:attachment":[{"href":"https:\/\/agora.xtec.cat\/ceipelcucurull\/wp-json\/wp\/v2\/media?parent=5230"}],"curies":[{"name":"wp","href":"https:\/\/api.w.org\/{rel}","templated":true}]}}