{"id":5179,"date":"2023-11-11T16:41:04","date_gmt":"2023-11-11T15:41:04","guid":{"rendered":"https:\/\/agora.xtec.cat\/ceipelcucurull\/?page_id=5179"},"modified":"2024-01-22T12:11:36","modified_gmt":"2024-01-22T11:11:36","slug":"dia-de-la-pau","status":"publish","type":"page","link":"https:\/\/agora.xtec.cat\/ceipelcucurull\/festes\/dia-de-la-pau\/","title":{"rendered":"Dia de la Pau"},"content":{"rendered":"<h2 style=\"text-align: center;\">DENIP\u00a0<a href=\"https:\/\/agora.xtec.cat\/ceipelcucurull\/wp-content\/uploads\/usu398\/2024\/01\/dia-de-la-pau.jpg\"><img loading=\"lazy\" decoding=\"async\" class=\"wp-image-5288 alignleft\" src=\"https:\/\/agora.xtec.cat\/ceipelcucurull\/wp-content\/uploads\/usu398\/2024\/01\/dia-de-la-pau-288x300.jpg\" alt=\"\" width=\"257\" height=\"267\" srcset=\"https:\/\/agora.xtec.cat\/ceipelcucurull\/wp-content\/uploads\/usu398\/2024\/01\/dia-de-la-pau-288x300.jpg 288w, https:\/\/agora.xtec.cat\/ceipelcucurull\/wp-content\/uploads\/usu398\/2024\/01\/dia-de-la-pau-768x801.jpg 768w, https:\/\/agora.xtec.cat\/ceipelcucurull\/wp-content\/uploads\/usu398\/2024\/01\/dia-de-la-pau.jpg 982w\" sizes=\"auto, (max-width: 257px) 100vw, 257px\" \/><\/a><\/h2>\n<p style=\"text-align: justify;\">Cada 30 de gener, l&#8217;escola commemora el <a href=\"https:\/\/ca.wikipedia.org\/wiki\/Dia_Escolar_de_la_No-viol%C3%A8ncia_i_la_Pau\">Dia Escolar de la No-viol\u00e8ncia i la Pau\u00a0<\/a>conegut tamb\u00e9 com<span style=\"font-family: inherit; font-size: 1em;\"> pel seu acr\u00f2nim <\/span><b style=\"font-family: inherit; font-size: 1em;\">DENIP. <\/b><span style=\"font-family: inherit; font-size: 1em;\">F<\/span><span style=\"font-family: inherit; font-size: 1em;\">ou\u00a0fundat l&#8217;any <\/span><span style=\"font-family: inherit; font-size: 1em;\">1964<\/span><span style=\"font-family: inherit; font-size: 1em;\"> pel <\/span><span style=\"font-family: inherit; font-size: 1em;\">poeta<\/span><span style=\"font-family: inherit; font-size: 1em;\"> i <\/span><span style=\"font-family: inherit; font-size: 1em;\">educador<\/span><span style=\"font-family: inherit; font-size: 1em;\"> mallorqu\u00ed <\/span><span style=\"font-family: inherit; font-size: 1em;\">Lloren\u00e7 Vidal Vidal<\/span><span style=\"font-family: inherit; font-size: 1em;\">, i \u00e9s una iniciativa d&#8217;Educaci\u00f3 No-violenta i Pacificadora, difosa internacionalment. <\/span><sup id=\"cite_ref-2\" class=\"reference\" style=\"font-family: inherit; font-weight: normal;\"><\/sup>Es practica a escoles de tot el m\u00f3n, els dies 30 de gener i propers (aniversari de la mort de <a class=\"mw-redirect\" title=\"Mohandas Karamchand\" href=\"https:\/\/ca.wikipedia.org\/wiki\/Mohandas_Karamchand\">Mahatma Gandhi<\/a>). Als pa\u00efsos amb calendaris escolars propis de l&#8217;hemisferi sud, pot commemorar-se el 30 de mar\u00e7 i dies immediats.<\/p>\n<p>&nbsp;<\/p>\n","protected":false},"excerpt":{"rendered":"<p>DENIP\u00a0<a href=\"https:\/\/agora.xtec.cat\/ceipelcucurull\/wp-content\/uploads\/usu398\/2024\/01\/dia-de-la-pau.jpg\"><\/a><br \/>\nCada 30 de gener, l&#8217;escola commemora el <a href=\"https:\/\/ca.wikipedia.org\/wiki\/Dia_Escolar_de_la_No-viol%C3%A8ncia_i_la_Pau\">Dia Escolar de la No-viol\u00e8ncia i la Pau\u00a0<\/a>conegut tamb\u00e9 com pel seu acr\u00f2nim DENIP. Fou\u00a0fundat l&#8217;any 1964 pel poeta i educador mallorqu\u00ed Lloren\u00e7 Vidal Vidal, i \u00e9s una iniciativa d&#8217;Educaci\u00f3 No-violenta i Pacificadora, difosa internacionalment. Es&hellip;  <a href=\"https:\/\/agora.xtec.cat\/ceipelcucurull\/festes\/dia-de-la-pau\/\" title=\"Read Dia de la Pau\">Llegeix m\u00e9s\u00bb<\/a><\/p>\n","protected":false},"author":1,"featured_media":0,"parent":87,"menu_order":0,"comment_status":"closed","ping_status":"closed","template":"","meta":{"_bbp_topic_count":0,"_bbp_reply_count":0,"_bbp_total_topic_count":0,"_bbp_total_reply_count":0,"_bbp_voice_count":0,"_bbp_anonymous_reply_count":0,"_bbp_topic_count_hidden":0,"_bbp_reply_count_hidden":0,"_bbp_forum_subforum_count":0,"footnotes":""},"class_list":["post-5179","page","type-page","status-publish","hentry"],"post_mailing_queue_ids":[],"_links":{"self":[{"href":"https:\/\/agora.xtec.cat\/ceipelcucurull\/wp-json\/wp\/v2\/pages\/5179","targetHints":{"allow":["GET"]}}],"collection":[{"href":"https:\/\/agora.xtec.cat\/ceipelcucurull\/wp-json\/wp\/v2\/pages"}],"about":[{"href":"https:\/\/agora.xtec.cat\/ceipelcucurull\/wp-json\/wp\/v2\/types\/page"}],"author":[{"embeddable":true,"href":"https:\/\/agora.xtec.cat\/ceipelcucurull\/wp-json\/wp\/v2\/users\/1"}],"replies":[{"embeddable":true,"href":"https:\/\/agora.xtec.cat\/ceipelcucurull\/wp-json\/wp\/v2\/comments?post=5179"}],"version-history":[{"count":4,"href":"https:\/\/agora.xtec.cat\/ceipelcucurull\/wp-json\/wp\/v2\/pages\/5179\/revisions"}],"predecessor-version":[{"id":5297,"href":"https:\/\/agora.xtec.cat\/ceipelcucurull\/wp-json\/wp\/v2\/pages\/5179\/revisions\/5297"}],"up":[{"embeddable":true,"href":"https:\/\/agora.xtec.cat\/ceipelcucurull\/wp-json\/wp\/v2\/pages\/87"}],"wp:attachment":[{"href":"https:\/\/agora.xtec.cat\/ceipelcucurull\/wp-json\/wp\/v2\/media?parent=5179"}],"curies":[{"name":"wp","href":"https:\/\/api.w.org\/{rel}","templated":true}]}}