{"id":5177,"date":"2023-11-11T16:40:42","date_gmt":"2023-11-11T15:40:42","guid":{"rendered":"https:\/\/agora.xtec.cat\/ceipelcucurull\/?page_id=5177"},"modified":"2024-01-08T10:29:44","modified_gmt":"2024-01-08T09:29:44","slug":"nadal","status":"publish","type":"page","link":"https:\/\/agora.xtec.cat\/ceipelcucurull\/festes\/nadal\/","title":{"rendered":"Nadal"},"content":{"rendered":"<p>&nbsp;<\/p>\n<p><a style=\"color: #2795b6; text-align: justify;\" href=\"https:\/\/agora.xtec.cat\/ceipelcucurull\/wp-content\/uploads\/usu398\/2024\/01\/IMG_0152-1-scaled.jpg\"><img loading=\"lazy\" decoding=\"async\" class=\"aligncenter wp-image-5254\" src=\"https:\/\/agora.xtec.cat\/ceipelcucurull\/wp-content\/uploads\/usu398\/2024\/01\/IMG_0152-1-300x100.jpg\" alt=\"\" width=\"702\" height=\"234\" srcset=\"https:\/\/agora.xtec.cat\/ceipelcucurull\/wp-content\/uploads\/usu398\/2024\/01\/IMG_0152-1-300x100.jpg 300w, https:\/\/agora.xtec.cat\/ceipelcucurull\/wp-content\/uploads\/usu398\/2024\/01\/IMG_0152-1-1024x340.jpg 1024w, https:\/\/agora.xtec.cat\/ceipelcucurull\/wp-content\/uploads\/usu398\/2024\/01\/IMG_0152-1-768x255.jpg 768w, https:\/\/agora.xtec.cat\/ceipelcucurull\/wp-content\/uploads\/usu398\/2024\/01\/IMG_0152-1-1536x510.jpg 1536w, https:\/\/agora.xtec.cat\/ceipelcucurull\/wp-content\/uploads\/usu398\/2024\/01\/IMG_0152-1-2048x680.jpg 2048w\" sizes=\"auto, (max-width: 702px) 100vw, 702px\" \/><\/a><\/p>\n<p>El Nadal a les escoles \u00e9s una tradici\u00f3 que l&#8217;alumnat espera amb molta emoci\u00f3. Durant aquests dies previs, l&#8217;escola respira ambient de festa i es fan un munt d&#8217;activitats i actes perqu\u00e8 tota la comunitat educativa hi participi. \u00c9s dif\u00edcil fer classe. Els nens i nenes nom\u00e9s pensen en les vacances i en els regals, i els mestres en acabar la postal, assajar pel festival, preparar els informes&#8230; Aprofitem per guarnir els espais i fer activitats diferents en un ambient m\u00e9s relaxat.<\/p>\n<p>Els m\u00e9s petits es mostren neguitosos per l&#8217;arribada del Ti\u00f3 i els grans preparen l&#8217;amic invisible amb el dubte de: &#8220;qui ser\u00e0?&#8221;. Ja fa dies que tothom assaja les seves nadales i poemes amb el nerviosisme dels mestres responsables perqu\u00e8 tot surti b\u00e9. Dies abans del concert de Nadal, anem a cantar a la llar d&#8217;infants i al casal d&#8217;avis i aix\u00ed gaudir amb els m\u00e9s petits i els m\u00e9s savis del poble. S\u00f3n moments emocionants.<\/p>\n<p>El dia del concert, tots i totes ben elegants, oferim a les fam\u00edlies el fruits de tant esfor\u00e7 i com sempre, un \u00e8xit. Nom\u00e9s cal acomiadar-nos amb un&#8230;<\/p>\n<p>BONES FESTES!!!<\/p>\n<p>&nbsp;<\/p>\n<p>&nbsp;<\/p>\n<p>&nbsp;<\/p>\n","protected":false},"excerpt":{"rendered":"<p>&nbsp;<br \/>\n<a style=\"color: #2795b6; text-align: justify;\" href=\"https:\/\/agora.xtec.cat\/ceipelcucurull\/wp-content\/uploads\/usu398\/2024\/01\/IMG_0152-1-scaled.jpg\"><\/a><br \/>\nEl Nadal a les escoles \u00e9s una tradici\u00f3 que l&#8217;alumnat espera amb molta emoci\u00f3. Durant aquests dies previs, l&#8217;escola respira ambient de festa i es fan un munt d&#8217;activitats i actes perqu\u00e8 tota la comunitat educativa hi participi. \u00c9s dif\u00edcil&hellip;  <a href=\"https:\/\/agora.xtec.cat\/ceipelcucurull\/festes\/nadal\/\" title=\"Read Nadal\">Llegeix m\u00e9s\u00bb<\/a><\/p>\n","protected":false},"author":1,"featured_media":0,"parent":87,"menu_order":0,"comment_status":"closed","ping_status":"closed","template":"","meta":{"_bbp_topic_count":0,"_bbp_reply_count":0,"_bbp_total_topic_count":0,"_bbp_total_reply_count":0,"_bbp_voice_count":0,"_bbp_anonymous_reply_count":0,"_bbp_topic_count_hidden":0,"_bbp_reply_count_hidden":0,"_bbp_forum_subforum_count":0,"footnotes":""},"class_list":["post-5177","page","type-page","status-publish","hentry"],"post_mailing_queue_ids":[],"_links":{"self":[{"href":"https:\/\/agora.xtec.cat\/ceipelcucurull\/wp-json\/wp\/v2\/pages\/5177","targetHints":{"allow":["GET"]}}],"collection":[{"href":"https:\/\/agora.xtec.cat\/ceipelcucurull\/wp-json\/wp\/v2\/pages"}],"about":[{"href":"https:\/\/agora.xtec.cat\/ceipelcucurull\/wp-json\/wp\/v2\/types\/page"}],"author":[{"embeddable":true,"href":"https:\/\/agora.xtec.cat\/ceipelcucurull\/wp-json\/wp\/v2\/users\/1"}],"replies":[{"embeddable":true,"href":"https:\/\/agora.xtec.cat\/ceipelcucurull\/wp-json\/wp\/v2\/comments?post=5177"}],"version-history":[{"count":5,"href":"https:\/\/agora.xtec.cat\/ceipelcucurull\/wp-json\/wp\/v2\/pages\/5177\/revisions"}],"predecessor-version":[{"id":5257,"href":"https:\/\/agora.xtec.cat\/ceipelcucurull\/wp-json\/wp\/v2\/pages\/5177\/revisions\/5257"}],"up":[{"embeddable":true,"href":"https:\/\/agora.xtec.cat\/ceipelcucurull\/wp-json\/wp\/v2\/pages\/87"}],"wp:attachment":[{"href":"https:\/\/agora.xtec.cat\/ceipelcucurull\/wp-json\/wp\/v2\/media?parent=5177"}],"curies":[{"name":"wp","href":"https:\/\/api.w.org\/{rel}","templated":true}]}}