{"id":4906,"date":"2023-05-03T13:01:12","date_gmt":"2023-05-03T11:01:12","guid":{"rendered":"https:\/\/agora.xtec.cat\/ceipelcucurull\/?page_id=4906"},"modified":"2023-05-03T13:52:40","modified_gmt":"2023-05-03T11:52:40","slug":"objectius","status":"publish","type":"page","link":"https:\/\/agora.xtec.cat\/ceipelcucurull\/pla-digital-de-centre\/estrategia-digital-de-centre\/objectius\/","title":{"rendered":"Diagnosi"},"content":{"rendered":"<p>La diagnosi s&#8217;ha realitzat a trav\u00e9s dels \u00edtems del Pla Tac, enquesta Selfie for teachers de la comissi\u00f3 europea i informaci\u00f3 de la comunitat educativa. A partir de l&#8217;an\u00e0lisi d&#8217;aquestes eines s&#8217;ha detectat els punts forts i febles de la maduresa digital de centre per definir els objectius d&#8217;aquet pla. <\/p>\n<p>Per liderar aquesta diagnosi, la comissi\u00f3 digital formada per 7 membres del claustre, han realitzat reunions de manera peri\u00f2dica i han compartit les conclusions amb la resta del claustre. Els membres del la comissi\u00f3 estan representats en tots els cicles.<\/p>\n","protected":false},"excerpt":{"rendered":"<p>La diagnosi s&#8217;ha realitzat a trav\u00e9s dels \u00edtems del Pla Tac, enquesta Selfie for teachers de la comissi\u00f3 europea i informaci\u00f3 de la comunitat educativa. A partir de l&#8217;an\u00e0lisi d&#8217;aquestes eines s&#8217;ha detectat els punts forts i febles de la maduresa digital de centre per&hellip;  <a href=\"https:\/\/agora.xtec.cat\/ceipelcucurull\/pla-digital-de-centre\/estrategia-digital-de-centre\/objectius\/\" title=\"Read Diagnosi\">Llegeix m\u00e9s\u00bb<\/a><\/p>\n","protected":false},"author":1,"featured_media":0,"parent":4698,"menu_order":0,"comment_status":"closed","ping_status":"closed","template":"","meta":{"_bbp_topic_count":0,"_bbp_reply_count":0,"_bbp_total_topic_count":0,"_bbp_total_reply_count":0,"_bbp_voice_count":0,"_bbp_anonymous_reply_count":0,"_bbp_topic_count_hidden":0,"_bbp_reply_count_hidden":0,"_bbp_forum_subforum_count":0,"footnotes":""},"class_list":["post-4906","page","type-page","status-publish","hentry"],"post_mailing_queue_ids":[],"_links":{"self":[{"href":"https:\/\/agora.xtec.cat\/ceipelcucurull\/wp-json\/wp\/v2\/pages\/4906","targetHints":{"allow":["GET"]}}],"collection":[{"href":"https:\/\/agora.xtec.cat\/ceipelcucurull\/wp-json\/wp\/v2\/pages"}],"about":[{"href":"https:\/\/agora.xtec.cat\/ceipelcucurull\/wp-json\/wp\/v2\/types\/page"}],"author":[{"embeddable":true,"href":"https:\/\/agora.xtec.cat\/ceipelcucurull\/wp-json\/wp\/v2\/users\/1"}],"replies":[{"embeddable":true,"href":"https:\/\/agora.xtec.cat\/ceipelcucurull\/wp-json\/wp\/v2\/comments?post=4906"}],"version-history":[{"count":3,"href":"https:\/\/agora.xtec.cat\/ceipelcucurull\/wp-json\/wp\/v2\/pages\/4906\/revisions"}],"predecessor-version":[{"id":4949,"href":"https:\/\/agora.xtec.cat\/ceipelcucurull\/wp-json\/wp\/v2\/pages\/4906\/revisions\/4949"}],"up":[{"embeddable":true,"href":"https:\/\/agora.xtec.cat\/ceipelcucurull\/wp-json\/wp\/v2\/pages\/4698"}],"wp:attachment":[{"href":"https:\/\/agora.xtec.cat\/ceipelcucurull\/wp-json\/wp\/v2\/media?parent=4906"}],"curies":[{"name":"wp","href":"https:\/\/api.w.org\/{rel}","templated":true}]}}