{"id":4703,"date":"2022-05-18T15:37:39","date_gmt":"2022-05-18T13:37:39","guid":{"rendered":"https:\/\/agora.xtec.cat\/ceipelcucurull\/?page_id=4703"},"modified":"2023-05-31T13:29:56","modified_gmt":"2023-05-31T11:29:56","slug":"cultura-digital","status":"publish","type":"page","link":"https:\/\/agora.xtec.cat\/ceipelcucurull\/pla-digital-de-centre\/estrategia-digital-de-centre\/cultura-digital\/","title":{"rendered":"Cultura Digital"},"content":{"rendered":"<p>La cultura digital d&#8217;un centre educatiu es refereix a l&#8217;entorn i les pr\u00e0ctiques digitals que es promouen i es fomenten en un centre educatiu. Aquesta cultura es basa en l&#8217;\u00fas actiu i significatiu de les tecnologies de la informaci\u00f3 i la comunicaci\u00f3 (TIC) per part dels estudiants, els professors i el personal del centre.<\/p>\n<p>Definir la cultura digital d&#8217;un centre educatiu implica tenir en compte diversos aspectes:<\/p>\n<ol>\n<li>Compet\u00e8ncies digitals: Implica que els estudiants i els docents tinguin les habilitats i coneixements necessaris per utilitzar les tecnologies de forma efectiva. Aix\u00f2 inclou compet\u00e8ncies com la navegaci\u00f3 web, la cerca d&#8217;informaci\u00f3, l&#8217;\u00fas de les eines de productivitat i la capacitat de resoldre problemes tecnol\u00f2gics.<\/li>\n<li>Integraci\u00f3 de les TIC en l&#8217;ensenyament i l&#8217;aprenentatge: La cultura digital implica que les TIC no siguin simplement una eina addicional, sin\u00f3 que estiguin integrades de manera significativa en les pr\u00e0ctiques educatives. Aix\u00f2 pot incloure l&#8217;\u00fas de recursos digitals, plataformes d&#8217;aprenentatge en l\u00ednia, eines de col\u00b7laboraci\u00f3 virtual i altres formes d&#8217;aprenentatge basades en la tecnologia.<\/li>\n<li>Alfabetitzaci\u00f3 digital: La cultura digital tamb\u00e9 implica fomentar la comprensi\u00f3 cr\u00edtica i reflexiva del m\u00f3n digital. Aix\u00f2 inclou el desenvolupament de les habilitats necess\u00e0ries per avaluar la fiabilitat de les fonts d&#8217;informaci\u00f3 en l\u00ednia, comprendre les implicacions \u00e8tiques de les tecnologies i desenvolupar una consci\u00e8ncia de la seguretat en l\u00ednia i la privacitat.<\/li>\n<li>Col\u00b7laboraci\u00f3 i comunicaci\u00f3: La cultura digital promou l&#8217;\u00fas de les TIC per facilitar la col\u00b7laboraci\u00f3 i la comunicaci\u00f3 entre estudiants, professors i altres membres de la comunitat educativa. Aix\u00f2 pot incloure l&#8217;\u00fas de xarxes socials educatives, plataformes de col\u00b7laboraci\u00f3 virtual, correu electr\u00f2nic i altres eines de comunicaci\u00f3 en l\u00ednia.<\/li>\n<\/ol>\n<p>En resum, la cultura digital d&#8217;un centre educatiu implica un entorn en el qual les tecnologies digitals s\u00f3n una part integral de l&#8217;aprenentatge i la interacci\u00f3, promovent les compet\u00e8ncies digitals, la integraci\u00f3 efectiva de les TIC en l&#8217;ensenyament, l&#8217;alfabetitzaci\u00f3 digital i la comunicaci\u00f3 i col\u00b7laboraci\u00f3 en l\u00ednia.<\/p>\n","protected":false},"excerpt":{"rendered":"<p>La cultura digital d&#8217;un centre educatiu es refereix a l&#8217;entorn i les pr\u00e0ctiques digitals que es promouen i es fomenten en un centre educatiu. Aquesta cultura es basa en l&#8217;\u00fas actiu i significatiu de les tecnologies de la informaci\u00f3 i la comunicaci\u00f3 (TIC) per part&hellip;  <a href=\"https:\/\/agora.xtec.cat\/ceipelcucurull\/pla-digital-de-centre\/estrategia-digital-de-centre\/cultura-digital\/\" title=\"Read Cultura Digital\">Llegeix m\u00e9s\u00bb<\/a><\/p>\n","protected":false},"author":1,"featured_media":0,"parent":4698,"menu_order":0,"comment_status":"closed","ping_status":"closed","template":"","meta":{"_bbp_topic_count":0,"_bbp_reply_count":0,"_bbp_total_topic_count":0,"_bbp_total_reply_count":0,"_bbp_voice_count":0,"_bbp_anonymous_reply_count":0,"_bbp_topic_count_hidden":0,"_bbp_reply_count_hidden":0,"_bbp_forum_subforum_count":0,"footnotes":""},"class_list":["post-4703","page","type-page","status-publish","hentry"],"post_mailing_queue_ids":[],"_links":{"self":[{"href":"https:\/\/agora.xtec.cat\/ceipelcucurull\/wp-json\/wp\/v2\/pages\/4703","targetHints":{"allow":["GET"]}}],"collection":[{"href":"https:\/\/agora.xtec.cat\/ceipelcucurull\/wp-json\/wp\/v2\/pages"}],"about":[{"href":"https:\/\/agora.xtec.cat\/ceipelcucurull\/wp-json\/wp\/v2\/types\/page"}],"author":[{"embeddable":true,"href":"https:\/\/agora.xtec.cat\/ceipelcucurull\/wp-json\/wp\/v2\/users\/1"}],"replies":[{"embeddable":true,"href":"https:\/\/agora.xtec.cat\/ceipelcucurull\/wp-json\/wp\/v2\/comments?post=4703"}],"version-history":[{"count":3,"href":"https:\/\/agora.xtec.cat\/ceipelcucurull\/wp-json\/wp\/v2\/pages\/4703\/revisions"}],"predecessor-version":[{"id":4973,"href":"https:\/\/agora.xtec.cat\/ceipelcucurull\/wp-json\/wp\/v2\/pages\/4703\/revisions\/4973"}],"up":[{"embeddable":true,"href":"https:\/\/agora.xtec.cat\/ceipelcucurull\/wp-json\/wp\/v2\/pages\/4698"}],"wp:attachment":[{"href":"https:\/\/agora.xtec.cat\/ceipelcucurull\/wp-json\/wp\/v2\/media?parent=4703"}],"curies":[{"name":"wp","href":"https:\/\/api.w.org\/{rel}","templated":true}]}}