{"id":4698,"date":"2022-05-18T15:36:10","date_gmt":"2022-05-18T13:36:10","guid":{"rendered":"https:\/\/agora.xtec.cat\/ceipelcucurull\/?page_id=4698"},"modified":"2023-05-03T13:47:21","modified_gmt":"2023-05-03T11:47:21","slug":"estrategia-digital-de-centre","status":"publish","type":"page","link":"https:\/\/agora.xtec.cat\/ceipelcucurull\/pla-digital-de-centre\/estrategia-digital-de-centre\/","title":{"rendered":"Estrat\u00e8gia Digital de Centre"},"content":{"rendered":"<p>Per dissenyar una bona EDC cal seguir unes fases determinades. Per a cada fase ens valdrem de diferents instruments que ens permetran concretar quin grau de maduresa digital necessitem que assoleixi el centre en cada \u00e0mbit (alumnat, professorat i centre) i com fer-ho. Tot i aix\u00f2, en el document EDC no caldr\u00e0 indicar tots els instruments que s\u2019han utilitzat. Nom\u00e9s haurem d\u2019incloure-hi els que s\u00f3n necessaris per entendre el disseny final de l\u2019EDC. Veiem, fase per fase, qu\u00e8 \u00e9s recomanable que inclogui el document d\u2019EDC.<\/p>\n<p><img loading=\"lazy\" decoding=\"async\" class=\"wp-image-8683 alignright\" src=\"https:\/\/projectes.xtec.cat\/edc-suport\/wp-content\/uploads\/usu2435\/2021\/03\/edc5.jpg\" sizes=\"auto, (max-width: 659px) 100vw, 659px\" srcset=\"https:\/\/projectes.xtec.cat\/edc-suport\/wp-content\/uploads\/usu2435\/2021\/03\/edc5.jpg 993w, https:\/\/projectes.xtec.cat\/edc-suport\/wp-content\/uploads\/usu2435\/2021\/03\/edc5-300x232.jpg 300w, https:\/\/projectes.xtec.cat\/edc-suport\/wp-content\/uploads\/usu2435\/2021\/03\/edc5-768x593.jpg 768w\" alt=\"Fases de l'EDC\" width=\"659\" height=\"509\" \/><\/p>\n<ul>\n<li><strong>Diagnosi:<\/strong>\u00a0tal com s\u2019indica en la\u00a0<a href=\"https:\/\/projectes.xtec.cat\/edc-suport\/?page_id=8227\">guia d\u2019elaboraci\u00f3 de la diagnosi<\/a>, hi ha moltes formes possibles per abordar aquesta diagnosi: an\u00e0lisi dels indicadors de centre, realitzaci\u00f3 d\u2019enquestes a la comunitat escolar, entrevistes, observacions, \u00fas de la r\u00fabrica del pla TAC, de l\u2019eina SELFIE, etc. Totes aquestes t\u00e8cniques ens proporcionen molta informaci\u00f3. Per\u00f2 cal destacar que a l\u2019EDC nom\u00e9s s\u2019hi han d\u2019incloure les conclusions argumentades de la diagnosi, que permetin entendre la selecci\u00f3 dels objectius.<br \/>\nAix\u00ed doncs, no \u00e9s necessari indicar els gr\u00e0fics de totes les enquestes o afegir tots els indicadors analitzats. Nom\u00e9s caldr\u00e0 indicar aquelles dades o gr\u00e0fics que permetin argumentar les conclusions de la diagnosi.<\/li>\n<li><strong>Objectius de l\u2019Estrat\u00e8gia Digital:<\/strong>\u00a0en el document han d\u2019apar\u00e8ixer els objectius que es concreten a mitj\u00e0 termini (3 o 4 anys). Despr\u00e9s de la diagnosi hauran aparegut molts objectius. Caldr\u00e0 seleccionar-los i prioritzar-los. En el document d\u2019EDC nom\u00e9s apareixeran aquells que el centre intentar\u00e0 assolir en el termini establert.<\/li>\n<li><strong>Planificaci\u00f3:\u00a0<\/strong>en el document tamb\u00e9 s\u2019han d\u2019incloure les accions detallades per tal d\u2019assolir els objectius fixats. Per cada activitat \u00e9s convenient indicar, com a m\u00ednim, la seva temporitzaci\u00f3, els responsables i els recursos necessaris.<\/li>\n<li><strong>Avaluaci\u00f3:<\/strong>\u00a0aquesta fase s\u2019ha de concretar en indicadors d\u2019assoliments per cada objectiu i en indicadors de seguiment de cada activitat. Tamb\u00e9 \u00e9s recomanable que en el mateix document de l\u2019EDC s\u2019especifiqui quan es far\u00e0 l\u2019avaluaci\u00f3 peri\u00f2dica de la mateixa EDC dissenyada.<\/li>\n<\/ul>\n","protected":false},"excerpt":{"rendered":"<p>Per dissenyar una bona EDC cal seguir unes fases determinades. Per a cada fase ens valdrem de diferents instruments que ens permetran concretar quin grau de maduresa digital necessitem que assoleixi el centre en cada \u00e0mbit (alumnat, professorat i centre) i com fer-ho. Tot i&hellip;  <a href=\"https:\/\/agora.xtec.cat\/ceipelcucurull\/pla-digital-de-centre\/estrategia-digital-de-centre\/\" title=\"Read Estrat\u00e8gia Digital de Centre\">Llegeix m\u00e9s\u00bb<\/a><\/p>\n","protected":false},"author":1,"featured_media":0,"parent":4897,"menu_order":0,"comment_status":"closed","ping_status":"closed","template":"","meta":{"_bbp_topic_count":0,"_bbp_reply_count":0,"_bbp_total_topic_count":0,"_bbp_total_reply_count":0,"_bbp_voice_count":0,"_bbp_anonymous_reply_count":0,"_bbp_topic_count_hidden":0,"_bbp_reply_count_hidden":0,"_bbp_forum_subforum_count":0,"footnotes":""},"class_list":["post-4698","page","type-page","status-publish","hentry"],"post_mailing_queue_ids":[],"_links":{"self":[{"href":"https:\/\/agora.xtec.cat\/ceipelcucurull\/wp-json\/wp\/v2\/pages\/4698","targetHints":{"allow":["GET"]}}],"collection":[{"href":"https:\/\/agora.xtec.cat\/ceipelcucurull\/wp-json\/wp\/v2\/pages"}],"about":[{"href":"https:\/\/agora.xtec.cat\/ceipelcucurull\/wp-json\/wp\/v2\/types\/page"}],"author":[{"embeddable":true,"href":"https:\/\/agora.xtec.cat\/ceipelcucurull\/wp-json\/wp\/v2\/users\/1"}],"replies":[{"embeddable":true,"href":"https:\/\/agora.xtec.cat\/ceipelcucurull\/wp-json\/wp\/v2\/comments?post=4698"}],"version-history":[{"count":2,"href":"https:\/\/agora.xtec.cat\/ceipelcucurull\/wp-json\/wp\/v2\/pages\/4698\/revisions"}],"predecessor-version":[{"id":4947,"href":"https:\/\/agora.xtec.cat\/ceipelcucurull\/wp-json\/wp\/v2\/pages\/4698\/revisions\/4947"}],"up":[{"embeddable":true,"href":"https:\/\/agora.xtec.cat\/ceipelcucurull\/wp-json\/wp\/v2\/pages\/4897"}],"wp:attachment":[{"href":"https:\/\/agora.xtec.cat\/ceipelcucurull\/wp-json\/wp\/v2\/media?parent=4698"}],"curies":[{"name":"wp","href":"https:\/\/api.w.org\/{rel}","templated":true}]}}