{"id":3555,"date":"2020-05-22T09:59:44","date_gmt":"2020-05-22T07:59:44","guid":{"rendered":"http:\/\/agora.xtec.cat\/ceipelcucurull\/?page_id=3555"},"modified":"2023-11-03T15:55:24","modified_gmt":"2023-11-03T14:55:24","slug":"organigrama-de-centre","status":"publish","type":"page","link":"https:\/\/agora.xtec.cat\/ceipelcucurull\/lescola\/organigrama-de-centre\/","title":{"rendered":"Organigrama de centre"},"content":{"rendered":"<p>EQUIP DIRECTIU<\/p>\n<table style=\"border-collapse: collapse; width: 47.2106%; height: 84px;\">\n<tbody>\n<tr style=\"height: 56px;\">\n<td style=\"width: 34.5864%; height: 10px; text-align: center;\">Director<\/td>\n<td style=\"width: 139.591%; height: 10px; text-align: center;\">Josep M Pi\u00f1ol Cases<\/td>\n<\/tr>\n<tr style=\"height: 56px;\">\n<td style=\"width: 34.5864%; height: 18px; text-align: center;\">Cap d&#8217;estudis<\/td>\n<td style=\"width: 139.591%; height: 18px; text-align: center;\">Maria S\u00f2ria Melich<\/td>\n<\/tr>\n<tr style=\"height: 56px;\">\n<td style=\"width: 34.5864%; height: 56px; text-align: center;\">Secret\u00e0ria<\/td>\n<td style=\"width: 139.591%; height: 56px; text-align: center;\">Bel\u00e9n Gonz\u00e1lez Bricoll\u00e9<\/td>\n<\/tr>\n<\/tbody>\n<\/table>\n<p>ADMINISTRACI\u00d3 \/ CONSERGERIA<\/p>\n<table style=\"border-collapse: collapse; width: 47.4306%; height: 42px;\">\n<tbody>\n<tr style=\"height: 56px;\">\n<td style=\"width: 22.3675%; height: 10px; text-align: center;\">Conserge<\/td>\n<td style=\"width: 44.3282%; height: 10px; text-align: center;\">N\u00faria Delgado Mimbrero<\/td>\n<\/tr>\n<tr style=\"height: 56px;\">\n<td style=\"width: 22.3675%; height: 32px; text-align: center;\">Administraci\u00f3<\/td>\n<td style=\"width: 44.3282%; height: 32px; text-align: center;\">Mireia Olivera Fern\u00e1ndez<\/td>\n<\/tr>\n<\/tbody>\n<\/table>\n<p>INFANTIL<\/p>\n<p>&nbsp;<\/p>\n<table style=\"border-collapse: collapse; width: 47.3988%; height: 74px;\">\n<tbody>\n<tr style=\"height: 56px;\">\n<td style=\"width: 22.8246%; height: 10px; text-align: center;\">I3<\/td>\n<td style=\"width: 43.5868%; height: 10px; text-align: center;\">Jessica S\u00e1nchez<\/td>\n<\/tr>\n<tr style=\"height: 56px;\">\n<td style=\"width: 22.8246%; height: 10px; text-align: center;\">I4<\/td>\n<td style=\"width: 43.5868%; height: 10px; text-align: center;\">Txell Pa\u00fcl<\/p>\n<p>Marta Gri\u00f1\u00f3<\/td>\n<\/tr>\n<tr style=\"height: 56px;\">\n<td style=\"width: 22.8246%; height: 32px; text-align: center;\">I5<\/td>\n<td style=\"width: 43.5868%; height: 32px; text-align: center;\">Marta Cristi\u00e0<\/td>\n<\/tr>\n<tr style=\"height: 56px;\">\n<td style=\"width: 22.8246%; height: 10px; text-align: center;\">TEEI<\/td>\n<td style=\"width: 43.5868%; height: 10px; text-align: center;\">X\u00e8nia Vi\u00f1als<\/td>\n<\/tr>\n<tr style=\"height: 56px;\">\n<td style=\"width: 22.8246%; height: 12px; text-align: center;\"><span style=\"background-color: #f9f9f9;\">Audici\u00f3 i llenguatge<\/span><\/td>\n<td style=\"width: 43.5868%; height: 12px; text-align: center;\"><span style=\"background-color: #f9f9f9;\">Anna Sol\u00e0<\/span><\/td>\n<\/tr>\n<\/tbody>\n<\/table>\n<p>PRIMARIA<\/p>\n<table style=\"border-collapse: collapse; width: 47.727%; height: 151px;\">\n<tbody>\n<tr style=\"height: 56px;\">\n<td style=\"width: 22.9993%; height: 13px; text-align: center;\">1r<\/td>\n<td style=\"width: 44.2153%; height: 13px; text-align: center;\">Manoli Castillo<\/td>\n<\/tr>\n<tr style=\"height: 56px;\">\n<td style=\"width: 22.9993%; height: 10px; text-align: center;\">2n<\/td>\n<td style=\"width: 44.2153%; height: 10px; text-align: center;\">Eva Blanch<\/p>\n<p>Anna Pardo<\/td>\n<\/tr>\n<tr style=\"height: 56px;\">\n<td style=\"width: 22.9993%; height: 32px; text-align: center;\">3r<\/td>\n<td style=\"width: 44.2153%; height: 32px; text-align: center;\">S\u00edlvia Fibla<\/p>\n<p>Leyre Rovirosa<\/td>\n<\/tr>\n<tr style=\"height: 56px;\">\n<td style=\"width: 22.9993%; height: 32px; text-align: center;\">4t<\/td>\n<td style=\"width: 44.2153%; height: 32px; text-align: center;\">Toni Sabater<\/td>\n<\/tr>\n<tr style=\"height: 56px;\">\n<td style=\"width: 22.9993%; height: 32px; text-align: center;\">5\u00e8<\/td>\n<td style=\"width: 44.2153%; height: 32px; text-align: center;\"><span style=\"background-color: #f9f9f9;\">Rafael L\u00f3pez Garc\u00eda<\/span><\/td>\n<\/tr>\n<tr style=\"height: 56px;\">\n<td style=\"width: 22.9993%; height: 32px; text-align: center;\">6\u00e8<\/td>\n<td style=\"width: 44.2153%; height: 32px; text-align: center;\">Sergi Jov\u00e9 Candalija<\/td>\n<\/tr>\n<\/tbody>\n<\/table>\n<p>ESPECIALITATS<\/p>\n<table style=\"border-collapse: collapse; width: 48.017%; height: 330px;\">\n<tbody>\n<tr style=\"height: 56px;\">\n<td style=\"width: 15.9913%; height: 32px; text-align: center;\">Angl\u00e8s<\/td>\n<td style=\"width: 29.7127%; height: 32px; text-align: center;\">Laia Garcia<\/td>\n<\/tr>\n<tr style=\"height: 56px;\">\n<td style=\"width: 15.9913%; height: 32px; text-align: center;\">M\u00fasica<\/td>\n<td style=\"width: 29.7127%; height: 32px; text-align: center;\">Vanessa Torruella<\/td>\n<\/tr>\n<tr style=\"height: 56px;\">\n<td style=\"width: 15.9913%; height: 32px; text-align: center;\">Educaci\u00f3 F\u00edsica<\/td>\n<td style=\"width: 29.7127%; height: 32px; text-align: center;\">Alejandro Garcia<\/td>\n<\/tr>\n<tr style=\"height: 56px;\">\n<td style=\"width: 15.9913%; height: 32px; text-align: center;\">Religi\u00f3<\/td>\n<td style=\"width: 29.7127%; height: 32px; text-align: center;\">Helena Mercader<\/td>\n<\/tr>\n<tr style=\"height: 56px;\">\n<td style=\"width: 15.9913%; height: 32px; text-align: center;\">TEI<\/td>\n<td style=\"width: 29.7127%; height: 32px; text-align: center;\">X\u00e8nia Vi\u00f1als Castell\u00f3n<\/td>\n<\/tr>\n<tr style=\"height: 56px;\">\n<td style=\"width: 15.9913%; height: 32px; text-align: center;\">SIEI<\/td>\n<td style=\"width: 29.7127%; height: 32px; text-align: center;\">Mireia Gimeno Berman<\/td>\n<\/tr>\n<tr style=\"height: 56px;\">\n<td style=\"width: 15.9913%; height: 32px; text-align: center;\">Vetlladora<\/td>\n<td style=\"width: 29.7127%; height: 32px; text-align: center;\">Ainhoa Garcia<\/td>\n<\/tr>\n<tr style=\"height: 56px;\">\n<td style=\"width: 15.9913%; height: 32px; text-align: center;\">Vetlladora<\/td>\n<td style=\"width: 29.7127%; height: 32px; text-align: center;\">Anabel Parente P\u00e9rez<\/td>\n<\/tr>\n<tr style=\"height: 56px;\">\n<td style=\"width: 15.9913%; height: 32px; text-align: center;\">Educaci\u00f3 Especial<\/td>\n<td style=\"width: 29.7127%; height: 32px; text-align: center;\">Bel\u00e9n Gonz\u00e1lez<\/td>\n<\/tr>\n<tr style=\"height: 56px;\">\n<td style=\"width: 15.9913%; height: 42px; text-align: center;\">Educadora<\/td>\n<td style=\"width: 29.7127%; height: 42px; text-align: center;\">Ver\u00f3nica Gonz\u00e1lez D\u00edaz<\/td>\n<\/tr>\n<\/tbody>\n<\/table>\n<p>&nbsp;<\/p>\n","protected":false},"excerpt":{"rendered":"<p>EQUIP DIRECTIU<\/p>\n<p>Director<br \/>\nJosep M Pi\u00f1ol Cases<\/p>\n<p>Cap d&#8217;estudis<br \/>\nMaria S\u00f2ria Melich<\/p>\n<p>Secret\u00e0ria<br \/>\nBel\u00e9n Gonz\u00e1lez Bricoll\u00e9<\/p>\n<p>ADMINISTRACI\u00d3 \/ CONSERGERIA<\/p>\n<p>Conserge<br \/>\nN\u00faria Delgado Mimbrero<\/p>\n<p>Administraci\u00f3<br \/>\nMireia Olivera Fern\u00e1ndez<\/p>\n<p>INFANTIL<br \/>\n&nbsp;<\/p>\n<p>I3<br \/>\nJessica S\u00e1nchez<\/p>\n<p>I4<br \/>\nTxell Pa\u00fcl<br \/>\nMarta Gri\u00f1\u00f3<\/p>\n<p>I5<br \/>\nMarta Cristi\u00e0<\/p>\n<p>TEEI<br \/>\nX\u00e8nia Vi\u00f1als<\/p>\n<p>Audici\u00f3 i llenguatge<br \/>\nAnna Sol\u00e0<\/p>\n<p>PRIMARIA<\/p>\n<p>1r<br \/>\nManoli Castillo<\/p>\n<p>2n<br \/>\nEva Blanch<br \/>\nAnna Pardo<\/p>\n<p>3r<br \/>\nS\u00edlvia Fibla<br \/>\nLeyre Rovirosa<\/p>\n<p>4t<br \/>\nToni Sabater<\/p>\n<p>5\u00e8<br \/>\nRafael L\u00f3pez Garc\u00eda<\/p>\n<p>6\u00e8<br \/>\nSergi Jov\u00e9 Candalija<\/p>\n<p>ESPECIALITATS<\/p>\n<p>Angl\u00e8s<br \/>\nLaia Garcia<\/p>\n<p>M\u00fasica<br \/>\nVanessa Torruella<\/p>\n<p>Educaci\u00f3 F\u00edsica<br \/>\nAlejandro Garcia<\/p>\n<p>Religi\u00f3<br \/>\nHelena Mercader<\/p>\n<p>TEI<br \/>\nX\u00e8nia Vi\u00f1als Castell\u00f3n<\/p>\n<p>SIEI<br \/>\nMireia Gimeno Berman<\/p>\n<p>Vetlladora<br \/>\nAinhoa Garcia<\/p>\n<p>Vetlladora<br \/>\nAnabel Parente&hellip;  <a href=\"https:\/\/agora.xtec.cat\/ceipelcucurull\/lescola\/organigrama-de-centre\/\" title=\"Read Organigrama de centre\">Llegeix m\u00e9s\u00bb<\/a><\/p>\n","protected":false},"author":1,"featured_media":0,"parent":22,"menu_order":2,"comment_status":"closed","ping_status":"closed","template":"page-templates\/side-menu.php","meta":{"_bbp_topic_count":0,"_bbp_reply_count":0,"_bbp_total_topic_count":0,"_bbp_total_reply_count":0,"_bbp_voice_count":0,"_bbp_anonymous_reply_count":0,"_bbp_topic_count_hidden":0,"_bbp_reply_count_hidden":0,"_bbp_forum_subforum_count":0,"footnotes":""},"class_list":["post-3555","page","type-page","status-publish","hentry"],"post_mailing_queue_ids":[],"_links":{"self":[{"href":"https:\/\/agora.xtec.cat\/ceipelcucurull\/wp-json\/wp\/v2\/pages\/3555","targetHints":{"allow":["GET"]}}],"collection":[{"href":"https:\/\/agora.xtec.cat\/ceipelcucurull\/wp-json\/wp\/v2\/pages"}],"about":[{"href":"https:\/\/agora.xtec.cat\/ceipelcucurull\/wp-json\/wp\/v2\/types\/page"}],"author":[{"embeddable":true,"href":"https:\/\/agora.xtec.cat\/ceipelcucurull\/wp-json\/wp\/v2\/users\/1"}],"replies":[{"embeddable":true,"href":"https:\/\/agora.xtec.cat\/ceipelcucurull\/wp-json\/wp\/v2\/comments?post=3555"}],"version-history":[{"count":6,"href":"https:\/\/agora.xtec.cat\/ceipelcucurull\/wp-json\/wp\/v2\/pages\/3555\/revisions"}],"predecessor-version":[{"id":5083,"href":"https:\/\/agora.xtec.cat\/ceipelcucurull\/wp-json\/wp\/v2\/pages\/3555\/revisions\/5083"}],"up":[{"embeddable":true,"href":"https:\/\/agora.xtec.cat\/ceipelcucurull\/wp-json\/wp\/v2\/pages\/22"}],"wp:attachment":[{"href":"https:\/\/agora.xtec.cat\/ceipelcucurull\/wp-json\/wp\/v2\/media?parent=3555"}],"curies":[{"name":"wp","href":"https:\/\/api.w.org\/{rel}","templated":true}]}}