{"id":3405,"date":"2020-05-08T14:03:09","date_gmt":"2020-05-08T12:03:09","guid":{"rendered":"http:\/\/agora.xtec.cat\/ceipelcucurull\/?page_id=3405"},"modified":"2026-03-04T13:46:35","modified_gmt":"2026-03-04T12:46:35","slug":"informacio-general","status":"publish","type":"page","link":"https:\/\/agora.xtec.cat\/ceipelcucurull\/lescola\/informacio-general\/","title":{"rendered":"Informaci\u00f3 general"},"content":{"rendered":"<h6 data-crawling=\"principal-title\"><span style=\"color: #333333;\">En els seg\u00fcents enlla\u00e7os trobareu tota la informaci\u00f3 referent al proc\u00e9s de preinscripci\u00f3 corresponents a l&#8217;oferta educativa del nostre centre.<\/span><\/h6>\n<h6 class=\"subtitle\" data-crawling=\"principal-title\"><a href=\"https:\/\/preinscripcio.gencat.cat\/ca\/estudis\/infantil-3-6\/inici\/\" target=\"_blank\" rel=\"noopener\">La preinscripci\u00f3 escolar a l&#8217;educaci\u00f3 infantil (3-6 anys)<\/a><\/h6>\n<h6 class=\"subtitle\" data-crawling=\"principal-title\"><a href=\"https:\/\/preinscripcio.gencat.cat\/ca\/estudis\/primaria\/inici\/\" target=\"_blank\" rel=\"noopener\">La preinscripci\u00f3 escolar a l&#8217;educaci\u00f3 prim\u00e0ria<\/a><a href=\"https:\/\/agora.xtec.cat\/ceipelcucurull\/wp-content\/uploads\/usu398\/2026\/03\/banner-pre.jpg\"><img loading=\"lazy\" decoding=\"async\" class=\"wp-image-5578 alignright\" src=\"https:\/\/agora.xtec.cat\/ceipelcucurull\/wp-content\/uploads\/usu398\/2026\/03\/banner-pre.jpg\" alt=\"\" width=\"444\" height=\"348\" srcset=\"https:\/\/agora.xtec.cat\/ceipelcucurull\/wp-content\/uploads\/usu398\/2026\/03\/banner-pre.jpg 572w, https:\/\/agora.xtec.cat\/ceipelcucurull\/wp-content\/uploads\/usu398\/2026\/03\/banner-pre-300x235.jpg 300w\" sizes=\"auto, (max-width: 444px) 100vw, 444px\" \/><\/a><\/h6>\n<p>&nbsp;<\/p>\n","protected":false},"excerpt":{"rendered":"<p>En els seg\u00fcents enlla\u00e7os trobareu tota la informaci\u00f3 referent al proc\u00e9s de preinscripci\u00f3 corresponents a l&#8217;oferta educativa del nostre centre.<br \/>\n<a href=\"https:\/\/preinscripcio.gencat.cat\/ca\/estudis\/infantil-3-6\/inici\/\" target=\"_blank\" rel=\"noopener\">La preinscripci\u00f3 escolar a l&#8217;educaci\u00f3 infantil (3-6 anys)<\/a><br \/>\n<a href=\"https:\/\/preinscripcio.gencat.cat\/ca\/estudis\/primaria\/inici\/\" target=\"_blank\" rel=\"noopener\">La preinscripci\u00f3 escolar a l&#8217;educaci\u00f3 prim\u00e0ria<\/a><a href=\"https:\/\/agora.xtec.cat\/ceipelcucurull\/wp-content\/uploads\/usu398\/2026\/03\/banner-pre.jpg\"><\/a><br \/>\n&nbsp;<\/p>\n","protected":false},"author":1,"featured_media":0,"parent":22,"menu_order":5,"comment_status":"closed","ping_status":"closed","template":"page-templates\/side-menu.php","meta":{"_bbp_topic_count":0,"_bbp_reply_count":0,"_bbp_total_topic_count":0,"_bbp_total_reply_count":0,"_bbp_voice_count":0,"_bbp_anonymous_reply_count":0,"_bbp_topic_count_hidden":0,"_bbp_reply_count_hidden":0,"_bbp_forum_subforum_count":0,"footnotes":""},"class_list":["post-3405","page","type-page","status-publish","hentry"],"post_mailing_queue_ids":[],"_links":{"self":[{"href":"https:\/\/agora.xtec.cat\/ceipelcucurull\/wp-json\/wp\/v2\/pages\/3405","targetHints":{"allow":["GET"]}}],"collection":[{"href":"https:\/\/agora.xtec.cat\/ceipelcucurull\/wp-json\/wp\/v2\/pages"}],"about":[{"href":"https:\/\/agora.xtec.cat\/ceipelcucurull\/wp-json\/wp\/v2\/types\/page"}],"author":[{"embeddable":true,"href":"https:\/\/agora.xtec.cat\/ceipelcucurull\/wp-json\/wp\/v2\/users\/1"}],"replies":[{"embeddable":true,"href":"https:\/\/agora.xtec.cat\/ceipelcucurull\/wp-json\/wp\/v2\/comments?post=3405"}],"version-history":[{"count":6,"href":"https:\/\/agora.xtec.cat\/ceipelcucurull\/wp-json\/wp\/v2\/pages\/3405\/revisions"}],"predecessor-version":[{"id":5581,"href":"https:\/\/agora.xtec.cat\/ceipelcucurull\/wp-json\/wp\/v2\/pages\/3405\/revisions\/5581"}],"up":[{"embeddable":true,"href":"https:\/\/agora.xtec.cat\/ceipelcucurull\/wp-json\/wp\/v2\/pages\/22"}],"wp:attachment":[{"href":"https:\/\/agora.xtec.cat\/ceipelcucurull\/wp-json\/wp\/v2\/media?parent=3405"}],"curies":[{"name":"wp","href":"https:\/\/api.w.org\/{rel}","templated":true}]}}