{"id":26,"date":"2014-09-18T12:24:32","date_gmt":"2014-09-18T12:24:32","guid":{"rendered":"http:\/\/agora.xtec.cat\/ceipelcucurull\/?page_id=26"},"modified":"2023-11-03T15:51:20","modified_gmt":"2023-11-03T14:51:20","slug":"historia","status":"publish","type":"page","link":"https:\/\/agora.xtec.cat\/ceipelcucurull\/lescola\/historia\/","title":{"rendered":"Hist\u00f2ria"},"content":{"rendered":"<p>L&#8217;escola El Cucurull de Roda de Ber\u00e0 som una escola p\u00fablica de nova creaci\u00f3 des de l\u2019abril de 2007. El Departament d\u2019Ensenyament va fer possible l\u2019inici d\u2019aquesta pel curs 2007-2008.<a href=\"http:\/\/agora.xtec.cat\/ceipelcucurull\/wp-content\/uploads\/usu398\/2015\/02\/Color_petit3.jpg\"><img loading=\"lazy\" decoding=\"async\" class=\"wp-image-182 size-full aligncenter\" style=\"width: 200px; height: 200px;\" src=\"https:\/\/agora.xtec.cat\/ceipelcucurull\/wp-content\/uploads\/usu398\/2015\/02\/Color_petit3-e1613661748723.jpg\" alt=\"Color_petit\" width=\"200\" height=\"200\" \/><\/a><\/p>\n<p>F\u00edsicament ocupem l\u2019edifici de l\u2019antic centre, l&#8217;escola Salvador Espriu.El conjunt est\u00e0 format per 4 edificis, el primer constru\u00eft l\u2019any 1982, que han estat reformats i millor condicionats per part del consistori durant l\u2019estiu de 2007 i durant el curs 2008. Actualment continuen les reformes i continuem ocupant nous espais a mesura que anem creixent.<\/p>\n<p>Varem iniciar el curs 2007-2008 amb 4 grups d\u2019alumnes, un grup de P3, un de P4, un de P5 i un de 1r de CI m\u00e9s 7 mestres, i aix\u00ed anirem creixent fins a conformar una l\u00ednia sencera de P3 d\u2019Educaci\u00f3 Infantil fins a 6\u00e8 d\u2019Educaci\u00f3 Prim\u00e0ria. El mateix curs vam proposar al Departament d\u2019Ensenyament, l\u2019Ajuntament, el claustre i fam\u00edlies, el canvi de nom del centre Escola Roda de Ber\u00e0 per Escola.<\/p>\n<p>El Cucurull, ja que aquest \u00e9s un lloc molt visitat per l\u2019escola i les fam\u00edlies per a observar i treballar la natura aut\u00f2ctona, anar a buscar el ti\u00f3&#8230; entre d\u2019altres activitats, a m\u00e9s de formar part del nostre patrimoni arquitect\u00f2nic. Alhora tamb\u00e9 ens hi sentim identificats com a centre amb aquest nom, perqu\u00e8 anem creixent, amb l\u2019ajut de tots: alumnes, fam\u00edlies, professionals que treballem al centre, consistori, Departament d\u2019Ensenyament. \u00c9s a dir, en general tota la Comunitat Educativa participa i col\u00b7labora en la \u201cconstrucci\u00f3\u201d del nostre centre, tal com va construir-se el Cucurull, pedra a pedra. Per aquest motiu podeu veure que el logo de l\u2019escola \u00e9s la torre de guaita del Cucurull feta amb peces de trencaclosques.<\/p>\n","protected":false},"excerpt":{"rendered":"<p>L&#8217;escola El Cucurull de Roda de Ber\u00e0 som una escola p\u00fablica de nova creaci\u00f3 des de l\u2019abril de 2007. El Departament d\u2019Ensenyament va fer possible l\u2019inici d\u2019aquesta pel curs 2007-2008.<a href=\"http:\/\/agora.xtec.cat\/ceipelcucurull\/wp-content\/uploads\/usu398\/2015\/02\/Color_petit3.jpg\"><\/a><br \/>\nF\u00edsicament ocupem l\u2019edifici de l\u2019antic centre, l&#8217;escola Salvador Espriu.El conjunt est\u00e0 format per 4 edificis,&hellip;  <a href=\"https:\/\/agora.xtec.cat\/ceipelcucurull\/lescola\/historia\/\" title=\"Read Hist\u00f2ria\">Llegeix m\u00e9s\u00bb<\/a><\/p>\n","protected":false},"author":2,"featured_media":0,"parent":22,"menu_order":20,"comment_status":"closed","ping_status":"closed","template":"page-templates\/side-menu.php","meta":{"_bbp_topic_count":0,"_bbp_reply_count":0,"_bbp_total_topic_count":0,"_bbp_total_reply_count":0,"_bbp_voice_count":0,"_bbp_anonymous_reply_count":0,"_bbp_topic_count_hidden":0,"_bbp_reply_count_hidden":0,"_bbp_forum_subforum_count":0,"footnotes":""},"class_list":["post-26","page","type-page","status-publish","hentry"],"post_mailing_queue_ids":[],"_links":{"self":[{"href":"https:\/\/agora.xtec.cat\/ceipelcucurull\/wp-json\/wp\/v2\/pages\/26","targetHints":{"allow":["GET"]}}],"collection":[{"href":"https:\/\/agora.xtec.cat\/ceipelcucurull\/wp-json\/wp\/v2\/pages"}],"about":[{"href":"https:\/\/agora.xtec.cat\/ceipelcucurull\/wp-json\/wp\/v2\/types\/page"}],"author":[{"embeddable":true,"href":"https:\/\/agora.xtec.cat\/ceipelcucurull\/wp-json\/wp\/v2\/users\/2"}],"replies":[{"embeddable":true,"href":"https:\/\/agora.xtec.cat\/ceipelcucurull\/wp-json\/wp\/v2\/comments?post=26"}],"version-history":[{"count":6,"href":"https:\/\/agora.xtec.cat\/ceipelcucurull\/wp-json\/wp\/v2\/pages\/26\/revisions"}],"predecessor-version":[{"id":5082,"href":"https:\/\/agora.xtec.cat\/ceipelcucurull\/wp-json\/wp\/v2\/pages\/26\/revisions\/5082"}],"up":[{"embeddable":true,"href":"https:\/\/agora.xtec.cat\/ceipelcucurull\/wp-json\/wp\/v2\/pages\/22"}],"wp:attachment":[{"href":"https:\/\/agora.xtec.cat\/ceipelcucurull\/wp-json\/wp\/v2\/media?parent=26"}],"curies":[{"name":"wp","href":"https:\/\/api.w.org\/{rel}","templated":true}]}}