{"id":2510,"date":"2018-04-01T00:42:10","date_gmt":"2018-03-31T22:42:10","guid":{"rendered":"http:\/\/agora.xtec.cat\/ceipelcucurull\/?page_id=2510"},"modified":"2023-11-11T16:04:25","modified_gmt":"2023-11-11T15:04:25","slug":"criteris-generals-davaluacio","status":"publish","type":"page","link":"https:\/\/agora.xtec.cat\/ceipelcucurull\/projecte-educatiu-de-centre-pec\/criteris-generals-davaluacio\/","title":{"rendered":"Criteris generals d&#8217;avaluaci\u00f3"},"content":{"rendered":"<p><a href=\"http:\/\/agora.xtec.cat\/ceipelcucurull\/wp-content\/uploads\/usu398\/2018\/04\/avaluaci\u00f3_clau.jpg\"><img loading=\"lazy\" decoding=\"async\" class=\"wp-image-2589 alignleft\" src=\"http:\/\/agora.xtec.cat\/ceipelcucurull\/wp-content\/uploads\/usu398\/2018\/04\/avaluaci\u00f3_clau-1024x576.jpg\" alt=\"\" width=\"508\" height=\"286\" srcset=\"https:\/\/agora.xtec.cat\/ceipelcucurull\/wp-content\/uploads\/usu398\/2018\/04\/avaluaci\u00f3_clau-1024x576.jpg 1024w, https:\/\/agora.xtec.cat\/ceipelcucurull\/wp-content\/uploads\/usu398\/2018\/04\/avaluaci\u00f3_clau-300x169.jpg 300w, https:\/\/agora.xtec.cat\/ceipelcucurull\/wp-content\/uploads\/usu398\/2018\/04\/avaluaci\u00f3_clau-768x432.jpg 768w, https:\/\/agora.xtec.cat\/ceipelcucurull\/wp-content\/uploads\/usu398\/2018\/04\/avaluaci\u00f3_clau.jpg 1063w\" sizes=\"auto, (max-width: 508px) 100vw, 508px\" \/><\/a><\/p>\n<p style=\"font-family: 'Helvetica Neue', Helvetica, Helvetica, Arial, sans-serif; font-size: 16px;\">En aquest extracte de document, podeu trobar el tipus d&#8217;avaluaci\u00f3 que duem a terme com a escola, d&#8217;acord amb la normativa del Departament d&#8217;Ensenyament. Us recordem que all\u00f2 afegit en blau s\u00f3n les novetats!<\/p>\n<p>Gr\u00e0cies!<\/p>\n<p><a href=\"http:\/\/agora.xtec.cat\/ceipelcucurull\/wp-content\/uploads\/usu398\/2018\/04\/NOFC_CRITERIS_AVALUACI\u00d3_GRALS_V4.pdf\">Criteris d&#8217;Avaluaci\u00f3<\/a><\/p>\n","protected":false},"excerpt":{"rendered":"<p><a href=\"http:\/\/agora.xtec.cat\/ceipelcucurull\/wp-content\/uploads\/usu398\/2018\/04\/avaluaci\u00f3_clau.jpg\"><\/a><br \/>\nEn aquest extracte de document, podeu trobar el tipus d&#8217;avaluaci\u00f3 que duem a terme com a escola, d&#8217;acord amb la normativa del Departament d&#8217;Ensenyament. Us recordem que all\u00f2 afegit en blau s\u00f3n les novetats!<br \/>\nGr\u00e0cies!<br \/>\n<a href=\"http:\/\/agora.xtec.cat\/ceipelcucurull\/wp-content\/uploads\/usu398\/2018\/04\/NOFC_CRITERIS_AVALUACI\u00d3_GRALS_V4.pdf\">Criteris d&#8217;Avaluaci\u00f3<\/a><\/p>\n","protected":false},"author":4,"featured_media":0,"parent":2491,"menu_order":0,"comment_status":"closed","ping_status":"closed","template":"","meta":{"_bbp_topic_count":0,"_bbp_reply_count":0,"_bbp_total_topic_count":0,"_bbp_total_reply_count":0,"_bbp_voice_count":0,"_bbp_anonymous_reply_count":0,"_bbp_topic_count_hidden":0,"_bbp_reply_count_hidden":0,"_bbp_forum_subforum_count":0,"footnotes":""},"class_list":["post-2510","page","type-page","status-publish","hentry"],"post_mailing_queue_ids":[],"_links":{"self":[{"href":"https:\/\/agora.xtec.cat\/ceipelcucurull\/wp-json\/wp\/v2\/pages\/2510","targetHints":{"allow":["GET"]}}],"collection":[{"href":"https:\/\/agora.xtec.cat\/ceipelcucurull\/wp-json\/wp\/v2\/pages"}],"about":[{"href":"https:\/\/agora.xtec.cat\/ceipelcucurull\/wp-json\/wp\/v2\/types\/page"}],"author":[{"embeddable":true,"href":"https:\/\/agora.xtec.cat\/ceipelcucurull\/wp-json\/wp\/v2\/users\/4"}],"replies":[{"embeddable":true,"href":"https:\/\/agora.xtec.cat\/ceipelcucurull\/wp-json\/wp\/v2\/comments?post=2510"}],"version-history":[{"count":6,"href":"https:\/\/agora.xtec.cat\/ceipelcucurull\/wp-json\/wp\/v2\/pages\/2510\/revisions"}],"predecessor-version":[{"id":5146,"href":"https:\/\/agora.xtec.cat\/ceipelcucurull\/wp-json\/wp\/v2\/pages\/2510\/revisions\/5146"}],"up":[{"embeddable":true,"href":"https:\/\/agora.xtec.cat\/ceipelcucurull\/wp-json\/wp\/v2\/pages\/2491"}],"wp:attachment":[{"href":"https:\/\/agora.xtec.cat\/ceipelcucurull\/wp-json\/wp\/v2\/media?parent=2510"}],"curies":[{"name":"wp","href":"https:\/\/api.w.org\/{rel}","templated":true}]}}