{"id":2509,"date":"2018-04-01T00:42:09","date_gmt":"2018-03-31T22:42:09","guid":{"rendered":"http:\/\/agora.xtec.cat\/ceipelcucurull\/?page_id=2509"},"modified":"2023-11-11T16:08:19","modified_gmt":"2023-11-11T15:08:19","slug":"de-la-gestio-daula-a-les-conductes-contraries","status":"publish","type":"page","link":"https:\/\/agora.xtec.cat\/ceipelcucurull\/de-la-gestio-daula-a-les-conductes-contraries\/","title":{"rendered":"Gesti\u00f3 de les conductes contr\u00e0ries a la conviv\u00e8ncia"},"content":{"rendered":"<p><a href=\"https:\/\/agora.xtec.cat\/ceipelcucurull\/wp-content\/uploads\/usu398\/2018\/12\/V5_NOFC_extracte_De_la_gestio_aula_a_les_conductes_contraries_El_Cucurull_ok.pdf\">R\u00e8gim disciplinari de centre (conductes contraries a la conviv\u00e8ncia)<\/a><\/p>\n","protected":false},"excerpt":{"rendered":"<p><a href=\"https:\/\/agora.xtec.cat\/ceipelcucurull\/wp-content\/uploads\/usu398\/2018\/12\/V5_NOFC_extracte_De_la_gestio_aula_a_les_conductes_contraries_El_Cucurull_ok.pdf\">R\u00e8gim disciplinari de centre (conductes contraries a la conviv\u00e8ncia)<\/a><\/p>\n","protected":false},"author":4,"featured_media":0,"parent":0,"menu_order":0,"comment_status":"closed","ping_status":"closed","template":"","meta":{"_bbp_topic_count":0,"_bbp_reply_count":0,"_bbp_total_topic_count":0,"_bbp_total_reply_count":0,"_bbp_voice_count":0,"_bbp_anonymous_reply_count":0,"_bbp_topic_count_hidden":0,"_bbp_reply_count_hidden":0,"_bbp_forum_subforum_count":0,"footnotes":""},"class_list":["post-2509","page","type-page","status-publish","hentry"],"post_mailing_queue_ids":[],"_links":{"self":[{"href":"https:\/\/agora.xtec.cat\/ceipelcucurull\/wp-json\/wp\/v2\/pages\/2509","targetHints":{"allow":["GET"]}}],"collection":[{"href":"https:\/\/agora.xtec.cat\/ceipelcucurull\/wp-json\/wp\/v2\/pages"}],"about":[{"href":"https:\/\/agora.xtec.cat\/ceipelcucurull\/wp-json\/wp\/v2\/types\/page"}],"author":[{"embeddable":true,"href":"https:\/\/agora.xtec.cat\/ceipelcucurull\/wp-json\/wp\/v2\/users\/4"}],"replies":[{"embeddable":true,"href":"https:\/\/agora.xtec.cat\/ceipelcucurull\/wp-json\/wp\/v2\/comments?post=2509"}],"version-history":[{"count":6,"href":"https:\/\/agora.xtec.cat\/ceipelcucurull\/wp-json\/wp\/v2\/pages\/2509\/revisions"}],"predecessor-version":[{"id":5149,"href":"https:\/\/agora.xtec.cat\/ceipelcucurull\/wp-json\/wp\/v2\/pages\/2509\/revisions\/5149"}],"wp:attachment":[{"href":"https:\/\/agora.xtec.cat\/ceipelcucurull\/wp-json\/wp\/v2\/media?parent=2509"}],"curies":[{"name":"wp","href":"https:\/\/api.w.org\/{rel}","templated":true}]}}