{"id":2501,"date":"2018-04-01T00:37:42","date_gmt":"2018-03-31T22:37:42","guid":{"rendered":"http:\/\/agora.xtec.cat\/ceipelcucurull\/?page_id=2501"},"modified":"2023-11-10T16:23:23","modified_gmt":"2023-11-10T15:23:23","slug":"projecte-de-convivencia-i-millora-educativa-pdc","status":"publish","type":"page","link":"https:\/\/agora.xtec.cat\/ceipelcucurull\/projecte-de-convivencia-i-millora-educativa-pdc\/","title":{"rendered":"NOFC (Normes d&#8217;organitzaci\u00f3 i funcionament de centre)"},"content":{"rendered":"<p><img loading=\"lazy\" decoding=\"async\" class=\" wp-image-3270 alignleft\" src=\"https:\/\/agora.xtec.cat\/ceipelcucurull\/wp-content\/uploads\/usu398\/2020\/01\/nofc.jpg\" alt=\"\" width=\"225\" height=\"197\" \/><\/p>\n<p style=\"text-align: justify;\">L&#8217;escola El Cucurull, com a comunitat educativa, ha elaborat les NOFC tenint en compte la normativa vigent, el car\u00e0cter propi de la realitat que ens envolta i l&#8217;autonomia pedag\u00f2gica de gesti\u00f3 de centres que s&#8217;estableix a la Llei d&#8217;educaci\u00f3 de Catalunya (LEC). El present document respon a la voluntat de proporcionar una normativa clara i pr\u00f2pia que afavoreixi la conviv\u00e8ncia i el bon saber fer entre totes les persones involucrades en la tasca educativa. Ha estat elaborat en primera proposta per l&#8217;equip directiu i posteriorment amb l&#8217;aprovaci\u00f3 del Claustre de mestres i el suport del Consell Escolar. Les NOFC i les seves parts s\u00f3n revisades i avaluades peri\u00f2dicament per tal d&#8217;anar-les adaptant a les noves necessitats del centre, reajustant-les i millorar-les en aquells aspectes que es cregui convenient.<\/p>\n<p><a href=\"https:\/\/agora.xtec.cat\/ceipelcucurull\/wp-content\/uploads\/usu398\/2020\/01\/WEB_RRI_NOF_Cucu-actualitzat-fase-2_maig-2019.pdf\">NOFC ESCOLA EL CUCURULL<\/a><\/p>\n<p>&nbsp;<\/p>\n<p>&nbsp;<\/p>\n","protected":false},"excerpt":{"rendered":"<p>L&#8217;escola El Cucurull, com a comunitat educativa, ha elaborat les NOFC tenint en compte la normativa vigent, el car\u00e0cter propi de la realitat que ens envolta i l&#8217;autonomia pedag\u00f2gica de gesti\u00f3 de centres que s&#8217;estableix a la Llei d&#8217;educaci\u00f3 de Catalunya (LEC). El present document&hellip;  <a href=\"https:\/\/agora.xtec.cat\/ceipelcucurull\/projecte-de-convivencia-i-millora-educativa-pdc\/\" title=\"Read NOFC (Normes d&#8217;organitzaci\u00f3 i funcionament de centre)\">Llegeix m\u00e9s\u00bb<\/a><\/p>\n","protected":false},"author":4,"featured_media":0,"parent":0,"menu_order":0,"comment_status":"closed","ping_status":"closed","template":"","meta":{"_bbp_topic_count":0,"_bbp_reply_count":0,"_bbp_total_topic_count":0,"_bbp_total_reply_count":0,"_bbp_voice_count":0,"_bbp_anonymous_reply_count":0,"_bbp_topic_count_hidden":0,"_bbp_reply_count_hidden":0,"_bbp_forum_subforum_count":0,"footnotes":""},"class_list":["post-2501","page","type-page","status-publish","hentry"],"post_mailing_queue_ids":[],"_links":{"self":[{"href":"https:\/\/agora.xtec.cat\/ceipelcucurull\/wp-json\/wp\/v2\/pages\/2501","targetHints":{"allow":["GET"]}}],"collection":[{"href":"https:\/\/agora.xtec.cat\/ceipelcucurull\/wp-json\/wp\/v2\/pages"}],"about":[{"href":"https:\/\/agora.xtec.cat\/ceipelcucurull\/wp-json\/wp\/v2\/types\/page"}],"author":[{"embeddable":true,"href":"https:\/\/agora.xtec.cat\/ceipelcucurull\/wp-json\/wp\/v2\/users\/4"}],"replies":[{"embeddable":true,"href":"https:\/\/agora.xtec.cat\/ceipelcucurull\/wp-json\/wp\/v2\/comments?post=2501"}],"version-history":[{"count":7,"href":"https:\/\/agora.xtec.cat\/ceipelcucurull\/wp-json\/wp\/v2\/pages\/2501\/revisions"}],"predecessor-version":[{"id":5126,"href":"https:\/\/agora.xtec.cat\/ceipelcucurull\/wp-json\/wp\/v2\/pages\/2501\/revisions\/5126"}],"wp:attachment":[{"href":"https:\/\/agora.xtec.cat\/ceipelcucurull\/wp-json\/wp\/v2\/media?parent=2501"}],"curies":[{"name":"wp","href":"https:\/\/api.w.org\/{rel}","templated":true}]}}