{"id":9435,"date":"2022-03-09T12:56:40","date_gmt":"2022-03-09T11:56:40","guid":{"rendered":"https:\/\/agora.xtec.cat\/ceipelcastellot\/?page_id=9435"},"modified":"2026-03-04T15:57:08","modified_gmt":"2026-03-04T14:57:08","slug":"preinscripcio","status":"publish","type":"page","link":"https:\/\/agora.xtec.cat\/ceipelcastellot\/lescola\/preinscripcio\/","title":{"rendered":"Preinscripci\u00f3"},"content":{"rendered":"<p><span style=\"font-size: 2.125em; font-weight: bold;\">Informaci\u00f3 Preinscripci\u00f3 i Matr\u00edcula curs 2026-2027<\/span><\/p>\n<div class=\"entry-content\">\n<p><a href=\"https:\/\/agora.xtec.cat\/ceipelcastellot\/wp-content\/uploads\/usu543\/2026\/03\/INFORME_OFERTA_OME_INFORME_OFERTA-1.pdf\"><strong>PUBLICACI\u00d3 DE L\u2019OFERTA INICIAL 2026-2027 (4\/3\/2026)<\/strong><\/a><\/p>\n<p><strong>PUBLICACI\u00d3 DE LA LLISTA DE SOL\u00b7LICITUDS AMB EL BAREM PROVISIONAL<\/strong><\/p>\n<p><strong>PUBLICACI\u00d3 DE LA LLISTA BAREMADA RESOLTES LES RECLAMACIONS<\/strong><\/p>\n<p><strong>N\u00daMERO DE DESEMPAT:\u00a0<\/strong><\/p>\n<p><strong>PUBLICACI\u00d3 DE LA LLISTA DE SOL\u00b7LICITUDS ORDENADA PER PUNTUACI\u00d3<\/strong><\/p>\n<p><strong>PUBLICACI\u00d3 DE L\u2019OFERTA DEFINITIVA 2024-2025<\/strong><\/p>\n<p><strong>ALUMNES ASSIGNATS AL CENTRE AMB INDICACI\u00d3 DE LA PRIMERA OPCI\u00d3<\/strong><\/p>\n<p><strong>ALUMNES PREINSCRITS AL CENTRE<\/strong><\/p>\n<p><strong>LLISTA D\u2019ESPERA<\/strong><\/p>\n<p>&nbsp;<\/p>\n<p>Les dates de preinscripci\u00f3 s\u00f3n:<\/p>\n<p><strong>Educaci\u00f3 infantil i educaci\u00f3 prim\u00e0ria<\/strong>: del 4 al 18 de mar\u00e7 de 2026<\/p>\n<p>Per a m\u00e9s informaci\u00f3 us podeu adre\u00e7ar a la p\u00e0gina web del Departament: <a href=\"https:\/\/preinscripcio.gencat.cat\/ca\/inici\/\">https:\/\/preinscripcio.gencat.cat\/ca\/inici\/<\/a><\/p>\n<\/div>\n<p>&nbsp;<\/p>\n","protected":false},"excerpt":{"rendered":"<p>Informaci\u00f3 Preinscripci\u00f3 i Matr\u00edcula curs 2026-2027<\/p>\n<p><a href=\"https:\/\/agora.xtec.cat\/ceipelcastellot\/wp-content\/uploads\/usu543\/2026\/03\/INFORME_OFERTA_OME_INFORME_OFERTA-1.pdf\">PUBLICACI\u00d3 DE L\u2019OFERTA INICIAL 2026-2027 (4\/3\/2026)<\/a><br \/>\nPUBLICACI\u00d3 DE LA LLISTA DE SOL\u00b7LICITUDS AMB EL BAREM PROVISIONAL<br \/>\nPUBLICACI\u00d3 DE LA LLISTA BAREMADA RESOLTES LES RECLAMACIONS<br \/>\nN\u00daMERO DE DESEMPAT:\u00a0<br \/>\nPUBLICACI\u00d3 DE LA LLISTA DE SOL\u00b7LICITUDS ORDENADA PER PUNTUACI\u00d3<br \/>\nPUBLICACI\u00d3 DE L\u2019OFERTA DEFINITIVA 2024-2025<br \/>\nALUMNES ASSIGNATS AL CENTRE&hellip;  <a href=\"https:\/\/agora.xtec.cat\/ceipelcastellot\/lescola\/preinscripcio\/\" title=\"Read Preinscripci\u00f3\">Llegeix m\u00e9s\u00bb<\/a><\/p>\n","protected":false},"author":1,"featured_media":0,"parent":22,"menu_order":0,"comment_status":"closed","ping_status":"closed","template":"","meta":{"_bbp_topic_count":0,"_bbp_reply_count":0,"_bbp_total_topic_count":0,"_bbp_total_reply_count":0,"_bbp_voice_count":0,"_bbp_anonymous_reply_count":0,"_bbp_topic_count_hidden":0,"_bbp_reply_count_hidden":0,"_bbp_forum_subforum_count":0,"footnotes":""},"class_list":["post-9435","page","type-page","status-publish","hentry"],"post_mailing_queue_ids":[],"_links":{"self":[{"href":"https:\/\/agora.xtec.cat\/ceipelcastellot\/wp-json\/wp\/v2\/pages\/9435","targetHints":{"allow":["GET"]}}],"collection":[{"href":"https:\/\/agora.xtec.cat\/ceipelcastellot\/wp-json\/wp\/v2\/pages"}],"about":[{"href":"https:\/\/agora.xtec.cat\/ceipelcastellot\/wp-json\/wp\/v2\/types\/page"}],"author":[{"embeddable":true,"href":"https:\/\/agora.xtec.cat\/ceipelcastellot\/wp-json\/wp\/v2\/users\/1"}],"replies":[{"embeddable":true,"href":"https:\/\/agora.xtec.cat\/ceipelcastellot\/wp-json\/wp\/v2\/comments?post=9435"}],"version-history":[{"count":7,"href":"https:\/\/agora.xtec.cat\/ceipelcastellot\/wp-json\/wp\/v2\/pages\/9435\/revisions"}],"predecessor-version":[{"id":11960,"href":"https:\/\/agora.xtec.cat\/ceipelcastellot\/wp-json\/wp\/v2\/pages\/9435\/revisions\/11960"}],"up":[{"embeddable":true,"href":"https:\/\/agora.xtec.cat\/ceipelcastellot\/wp-json\/wp\/v2\/pages\/22"}],"wp:attachment":[{"href":"https:\/\/agora.xtec.cat\/ceipelcastellot\/wp-json\/wp\/v2\/media?parent=9435"}],"curies":[{"name":"wp","href":"https:\/\/api.w.org\/{rel}","templated":true}]}}