{"id":9,"date":"2014-09-17T15:08:18","date_gmt":"2014-09-17T14:08:18","guid":{"rendered":"http:\/\/agora.xtec.cat\/ceipelcastellot\/?page_id=9"},"modified":"2026-05-13T16:21:28","modified_gmt":"2026-05-13T14:21:28","slug":"pagina-dinici-buida","status":"publish","type":"page","link":"https:\/\/agora.xtec.cat\/ceipelcastellot\/","title":{"rendered":"Informacions d&#8217;inter\u00e8s"},"content":{"rendered":"<p><img loading=\"lazy\" decoding=\"async\" class=\"size-large wp-image-12037 aligncenter\" src=\"https:\/\/agora.xtec.cat\/ceipelcastellot\/wp-content\/uploads\/usu543\/2026\/03\/9fa02f1c-33d0-466a-9e52-b9637384e7ed-1024x576.jpeg\" alt=\"\" width=\"1024\" height=\"576\" srcset=\"https:\/\/agora.xtec.cat\/ceipelcastellot\/wp-content\/uploads\/usu543\/2026\/03\/9fa02f1c-33d0-466a-9e52-b9637384e7ed-1024x576.jpeg 1024w, https:\/\/agora.xtec.cat\/ceipelcastellot\/wp-content\/uploads\/usu543\/2026\/03\/9fa02f1c-33d0-466a-9e52-b9637384e7ed-300x169.jpeg 300w, https:\/\/agora.xtec.cat\/ceipelcastellot\/wp-content\/uploads\/usu543\/2026\/03\/9fa02f1c-33d0-466a-9e52-b9637384e7ed-768x432.jpeg 768w, https:\/\/agora.xtec.cat\/ceipelcastellot\/wp-content\/uploads\/usu543\/2026\/03\/9fa02f1c-33d0-466a-9e52-b9637384e7ed-1536x864.jpeg 1536w, https:\/\/agora.xtec.cat\/ceipelcastellot\/wp-content\/uploads\/usu543\/2026\/03\/9fa02f1c-33d0-466a-9e52-b9637384e7ed.jpeg 1600w\" sizes=\"auto, (max-width: 1024px) 100vw, 1024px\" \/><\/p>\n<table style=\"height: 60px; width: 106.658%; border-collapse: collapse;\">\n<tbody>\n<tr style=\"height: 223px;\">\n<td style=\"width: 50%; height: 110px; background-color: #faf289;\"><strong>PREINSCRIPCI\u00d3 I MATR\u00cdCULA CURS 2026-2027<\/strong><\/p>\n<p>Al seg\u00fcent enlla\u00e7 hi trobareu tota la informaci\u00f3 sobre el\u00a0<a href=\"https:\/\/agora.xtec.cat\/ceipelcastellot\/lescola\/preinscripcio\/\">proc\u00e9s de preinscripci\u00f3<\/a>\u00a0pel curs 2026-2027.<\/p>\n<p><a href=\"https:\/\/agora.xtec.cat\/ceipelcastellot\/wp-content\/uploads\/usu543\/2026\/03\/INFORME_OFERTA_OME_INFORME_OFERTA-1.pdf\">Oferta de preinscripci\u00f3<\/a>. (4\/3\/26)<\/p>\n<p><a href=\"https:\/\/agora.xtec.cat\/ceipelcastellot\/wp-content\/uploads\/usu543\/2026\/05\/INFORME_BAREM_DEFINITIU_BAREM-1.pdf\">Publicaci\u00f3 de la llista de sol\u00b7licituds ordenades<\/a> (29\/04\/26)<\/p>\n<p>______________________________________________<\/p>\n<p>El Bibliob\u00fas vindr\u00e0 el dijous 14 i 28 de maig de 10,30h a 13h.<\/td>\n<td style=\"width: 50%; height: 120px;\" rowspan=\"3\">\n<p style=\"text-align: center;\"><strong><a href=\"https:\/\/agora.xtec.cat\/ceipelcastellot\/lescola\/la-vida-a-la-nostra-escola\/\">Un tomb per la nostra escola<\/a><\/strong><\/p>\n<p style=\"text-align: center;\"><a href=\"https:\/\/agora.xtec.cat\/ceipelcastellot\/lescola\/la-vida-a-la-nostra-escola\/\"><img loading=\"lazy\" decoding=\"async\" class=\" wp-image-10492 aligncenter\" src=\"https:\/\/agora.xtec.cat\/ceipelcastellot\/wp-content\/uploads\/usu543\/2023\/11\/IMG-20220424-WA0007-300x167-1.jpg\" alt=\"\" width=\"248\" height=\"138\" \/><\/a><\/p>\n<\/td>\n<\/tr>\n<tr style=\"height: 10px;\">\n<td style=\"width: 50%; height: 10px;\" rowspan=\"2\"><a href=\"https:\/\/salutflix.metrosud.cat\/login\/auth\">Les aventures d&#8217;El Capit\u00e0 Vitamines del Programa INFADIMED\u00ae<\/a><\/td>\n<\/tr>\n<\/tbody>\n<\/table>\n<p>&nbsp;<\/p>\n","protected":false},"excerpt":{"rendered":"<p>PREINSCRIPCI\u00d3 I MATR\u00cdCULA CURS 2026-2027<br \/>\nAl seg\u00fcent enlla\u00e7 hi trobareu tota la informaci\u00f3 sobre el\u00a0<a href=\"https:\/\/agora.xtec.cat\/ceipelcastellot\/lescola\/preinscripcio\/\">proc\u00e9s de preinscripci\u00f3<\/a>\u00a0pel curs 2026-2027.<br \/>\n<a href=\"https:\/\/agora.xtec.cat\/ceipelcastellot\/wp-content\/uploads\/usu543\/2026\/03\/INFORME_OFERTA_OME_INFORME_OFERTA-1.pdf\">Oferta de preinscripci\u00f3<\/a>. (4\/3\/26)<br \/>\n<a href=\"https:\/\/agora.xtec.cat\/ceipelcastellot\/wp-content\/uploads\/usu543\/2026\/05\/INFORME_BAREM_DEFINITIU_BAREM-1.pdf\">Publicaci\u00f3 de la llista de sol\u00b7licituds ordenades<\/a> (29\/04\/26)<br \/>\n______________________________________________<br \/>\nEl Bibliob\u00fas vindr\u00e0 el dijous 14 i 28 de maig de 10,30h a 13h.<\/p>\n<p><a href=\"https:\/\/agora.xtec.cat\/ceipelcastellot\/lescola\/la-vida-a-la-nostra-escola\/\">Un&hellip;  <a href=\"https:\/\/agora.xtec.cat\/ceipelcastellot\/\" title=\"Read Informacions d&#8217;inter\u00e8s\">Llegeix m\u00e9s\u00bb<\/a><\/p>\n","protected":false},"author":1,"featured_media":0,"parent":0,"menu_order":0,"comment_status":"closed","ping_status":"closed","template":"","meta":{"_bbp_topic_count":0,"_bbp_reply_count":0,"_bbp_total_topic_count":0,"_bbp_total_reply_count":0,"_bbp_voice_count":0,"_bbp_anonymous_reply_count":0,"_bbp_topic_count_hidden":0,"_bbp_reply_count_hidden":0,"_bbp_forum_subforum_count":0,"footnotes":""},"class_list":["post-9","page","type-page","status-publish","hentry"],"post_mailing_queue_ids":[],"_links":{"self":[{"href":"https:\/\/agora.xtec.cat\/ceipelcastellot\/wp-json\/wp\/v2\/pages\/9","targetHints":{"allow":["GET"]}}],"collection":[{"href":"https:\/\/agora.xtec.cat\/ceipelcastellot\/wp-json\/wp\/v2\/pages"}],"about":[{"href":"https:\/\/agora.xtec.cat\/ceipelcastellot\/wp-json\/wp\/v2\/types\/page"}],"author":[{"embeddable":true,"href":"https:\/\/agora.xtec.cat\/ceipelcastellot\/wp-json\/wp\/v2\/users\/1"}],"replies":[{"embeddable":true,"href":"https:\/\/agora.xtec.cat\/ceipelcastellot\/wp-json\/wp\/v2\/comments?post=9"}],"version-history":[{"count":8,"href":"https:\/\/agora.xtec.cat\/ceipelcastellot\/wp-json\/wp\/v2\/pages\/9\/revisions"}],"predecessor-version":[{"id":12121,"href":"https:\/\/agora.xtec.cat\/ceipelcastellot\/wp-json\/wp\/v2\/pages\/9\/revisions\/12121"}],"wp:attachment":[{"href":"https:\/\/agora.xtec.cat\/ceipelcastellot\/wp-json\/wp\/v2\/media?parent=9"}],"curies":[{"name":"wp","href":"https:\/\/api.w.org\/{rel}","templated":true}]}}